{"id":19184,"date":"2025-06-20T19:43:17","date_gmt":"2025-06-20T23:43:17","guid":{"rendered":"https:\/\/www.multicasa.com.br\/inicio\/?post_type=product&#038;p=19184"},"modified":"2025-06-20T19:44:29","modified_gmt":"2025-06-20T23:44:29","slug":"pincel-de-silicone-uny-gift-22cm","status":"publish","type":"product","link":"https:\/\/www.multicasa.com.br\/inicio\/produto\/pincel-de-silicone-uny-gift-22cm\/","title":{"rendered":"Pincel de Silicone Uny Gift 22cm"},"content":{"rendered":"<p>O Pincel de Silicone da Home \u00e9 male\u00e1vel, permitindo maior aproveitamento na hora de pincelar seu alimento. Aplique manteiga, mel e outros na hora de cozinhar com efici\u00eancia e sem desperd\u00edcio de insumos. Possui cabo em acr\u00edlico transparente, tem f\u00e1cil higieniza\u00e7\u00e3o, resistente e n\u00e3o fica engordurado. Tem altura de 21cm e est\u00e1 dispon\u00edvel em cores sortidas.<\/p>\n","protected":false},"excerpt":{"rendered":"<h4 style=\"margin: 0px;padding: 0px 0px 16px;font-family: Lato, sans-serif;font-weight: bold;line-height: 3rem;color: var(--dark-grey3);font-size: 22px;font-style: normal;letter-spacing: normal;text-align: start;text-indent: 0px;text-transform: none\">Informa\u00e7\u00f5es t\u00e9cnicas<\/h4>\n<p><span style=\"margin: 0px;padding: 0px;font-weight: 450;font-size: 14px;line-height: 21px;color: var(--dark-grey2);font-family: Lato, sans-serif;font-style: normal;letter-spacing: normal;text-align: start;text-indent: 0px;text-transform: none\">Produto: Pincel de Cozinha<br \/>\nMarca: Uny Gift<br \/>\nMaterial: Silicone e Acr\u00edlico<br \/>\nCor: Sortido<br \/>\nItens Inclusos: 1 Pincel de cozinha<br \/>\nDimens\u00f5es do produto (A): 22cm<\/span><\/p>\n","protected":false},"featured_media":19256,"template":"","meta":{"_joinchat":[]},"product_brand":[],"product_cat":[93],"product_tag":[],"class_list":{"0":"post-19184","1":"product","2":"type-product","3":"status-publish","4":"has-post-thumbnail","6":"product_cat-utensilios-para-cozinha","8":"first","9":"outofstock","10":"shipping-taxable","11":"product-type-simple"},"_links":{"self":[{"href":"https:\/\/www.multicasa.com.br\/inicio\/wp-json\/wp\/v2\/product\/19184","targetHints":{"allow":["GET"]}}],"collection":[{"href":"https:\/\/www.multicasa.com.br\/inicio\/wp-json\/wp\/v2\/product"}],"about":[{"href":"https:\/\/www.multicasa.com.br\/inicio\/wp-json\/wp\/v2\/types\/product"}],"wp:featuredmedia":[{"embeddable":true,"href":"https:\/\/www.multicasa.com.br\/inicio\/wp-json\/wp\/v2\/media\/19256"}],"wp:attachment":[{"href":"https:\/\/www.multicasa.com.br\/inicio\/wp-json\/wp\/v2\/media?parent=19184"}],"wp:term":[{"taxonomy":"product_brand","embeddable":true,"href":"https:\/\/www.multicasa.com.br\/inicio\/wp-json\/wp\/v2\/product_brand?post=19184"},{"taxonomy":"product_cat","embeddable":true,"href":"https:\/\/www.multicasa.com.br\/inicio\/wp-json\/wp\/v2\/product_cat?post=19184"},{"taxonomy":"product_tag","embeddable":true,"href":"https:\/\/www.multicasa.com.br\/inicio\/wp-json\/wp\/v2\/product_tag?post=19184"}],"curies":[{"name":"wp","href":"https:\/\/api.w.org\/{rel}","templated":true}]}}