{"id":19185,"date":"2025-06-20T19:43:17","date_gmt":"2025-06-20T23:43:17","guid":{"rendered":"https:\/\/www.multicasa.com.br\/inicio\/?post_type=product&#038;p=19185"},"modified":"2025-06-20T19:44:34","modified_gmt":"2025-06-20T23:44:34","slug":"suporte-de-utensilios-para-porta-de-armarios-arthi","status":"publish","type":"product","link":"https:\/\/www.multicasa.com.br\/inicio\/produto\/suporte-de-utensilios-para-porta-de-armarios-arthi\/","title":{"rendered":"Suporte de Utens\u00edlios para Porta de Arm\u00e1rios Arthi"},"content":{"rendered":"<p>Suporte de Utens\u00edlios Arthi em a\u00e7o cromado, com ele sua cozinha vai ficar mais organizada e com muito mais espa\u00e7o dentro do arm\u00e1rio. Pendure na porta de seu arm\u00e1rio, a haste \u00e9 super resistente e segura, n\u00e3o dobra e n\u00e3o \u00e9 necess\u00e1rio furar para instalar.<br \/>\nOtimize o espa\u00e7o na cozinha e tenha tudo organizado e sempre a vista!<\/p>\n","protected":false},"excerpt":{"rendered":"<h4 style=\"margin: 0px;padding: 0px 0px 16px;font-family: Lato, sans-serif;font-weight: bold;line-height: 3rem;color: var(--dark-grey3);font-size: 22px;font-style: normal;letter-spacing: normal;text-align: start;text-indent: 0px;text-transform: none\">Informa\u00e7\u00f5es t\u00e9cnicas<\/h4>\n<p><span style=\"margin: 0px;padding: 0px;font-weight: 450;font-size: 14px;line-height: 21px;color: var(--dark-grey2);font-family: Lato, sans-serif;font-style: normal;letter-spacing: normal;text-align: start;text-indent: 0px;text-transform: none\">Produto: Suporte de utens\u00edlios<br \/>\nMarca: Arthi<br \/>\nMaterial: A\u00e7o cromado<br \/>\nCor: Prata<br \/>\nCaracter\u00edsticas: Haste super resistente<br \/>\nN\u00e3o Precisa furar<br \/>\nItens Inclusos: 1 Suporte de utens\u00edlios<br \/>\nDimens\u00f5es do produto (A x L x P): 18,5 x 30 x 12,5cm<\/span><\/p>\n","protected":false},"featured_media":19268,"template":"","meta":{"_joinchat":[]},"product_brand":[],"product_cat":[93],"product_tag":[],"class_list":{"0":"post-19185","1":"product","2":"type-product","3":"status-publish","4":"has-post-thumbnail","6":"product_cat-utensilios-para-cozinha","8":"first","9":"outofstock","10":"shipping-taxable","11":"product-type-simple"},"_links":{"self":[{"href":"https:\/\/www.multicasa.com.br\/inicio\/wp-json\/wp\/v2\/product\/19185","targetHints":{"allow":["GET"]}}],"collection":[{"href":"https:\/\/www.multicasa.com.br\/inicio\/wp-json\/wp\/v2\/product"}],"about":[{"href":"https:\/\/www.multicasa.com.br\/inicio\/wp-json\/wp\/v2\/types\/product"}],"wp:featuredmedia":[{"embeddable":true,"href":"https:\/\/www.multicasa.com.br\/inicio\/wp-json\/wp\/v2\/media\/19268"}],"wp:attachment":[{"href":"https:\/\/www.multicasa.com.br\/inicio\/wp-json\/wp\/v2\/media?parent=19185"}],"wp:term":[{"taxonomy":"product_brand","embeddable":true,"href":"https:\/\/www.multicasa.com.br\/inicio\/wp-json\/wp\/v2\/product_brand?post=19185"},{"taxonomy":"product_cat","embeddable":true,"href":"https:\/\/www.multicasa.com.br\/inicio\/wp-json\/wp\/v2\/product_cat?post=19185"},{"taxonomy":"product_tag","embeddable":true,"href":"https:\/\/www.multicasa.com.br\/inicio\/wp-json\/wp\/v2\/product_tag?post=19185"}],"curies":[{"name":"wp","href":"https:\/\/api.w.org\/{rel}","templated":true}]}}