{"id":19186,"date":"2025-06-20T19:43:17","date_gmt":"2025-06-20T23:43:17","guid":{"rendered":"https:\/\/www.multicasa.com.br\/inicio\/?post_type=product&#038;p=19186"},"modified":"2025-09-17T15:03:35","modified_gmt":"2025-09-17T19:03:35","slug":"ralo-de-silicone-para-pia-preto-bono","status":"publish","type":"product","link":"https:\/\/www.multicasa.com.br\/inicio\/produto\/ralo-de-silicone-para-pia-preto-bono\/","title":{"rendered":"Ralo de Silicone para Pia Preto Bono"},"content":{"rendered":"<p>Use o ralo de silicone para pia da Bono e evite entupimentos. Resistente, o ralo para pia de cozinha separa l\u00edquidos e s\u00f3lidos, deixando a passagem do cano sempre limpa e desobstru\u00edda. Feito de silicone preto, seu raio mede 11,3cm e suporta temperaturas de -30\u00baC a 240\u00baC.<\/p>\n","protected":false},"excerpt":{"rendered":"<h4 style=\"margin: 0px;padding: 0px 0px 16px;font-family: Lato, sans-serif;font-weight: bold;line-height: 3rem;color: var(--dark-grey3);font-size: 22px;font-style: normal;letter-spacing: normal;text-align: start;text-indent: 0px;text-transform: none\">Informa\u00e7\u00f5es t\u00e9cnicas<\/h4>\n<p><span style=\"margin: 0px;padding: 0px;font-weight: 450;font-size: 14px;line-height: 21px;color: var(--dark-grey2);font-family: Lato, sans-serif;font-style: normal;letter-spacing: normal;text-align: start;text-indent: 0px;text-transform: none\">Produto: Ralo para Pia<br \/>\nMarca: Bono<br \/>\nMaterial: Silicone<br \/>\nCor: Preto<br \/>\nCaracter\u00edsticas: Resist\u00eancia a temperatura de -30\u00b0 a 240\u00b0C<br \/>\nItens Inclusos: 1 Ralo para pia<br \/>\nDimens\u00f5es do produto (A X L): 11,3cm<br \/>\n<\/span><\/p>\n","protected":false},"featured_media":19269,"template":"","meta":{"_joinchat":[]},"product_brand":[],"product_cat":[93],"product_tag":[],"class_list":{"0":"post-19186","1":"product","2":"type-product","3":"status-publish","4":"has-post-thumbnail","6":"product_cat-utensilios-para-cozinha","8":"first","9":"outofstock","10":"shipping-taxable","11":"purchasable","12":"product-type-simple"},"_links":{"self":[{"href":"https:\/\/www.multicasa.com.br\/inicio\/wp-json\/wp\/v2\/product\/19186","targetHints":{"allow":["GET"]}}],"collection":[{"href":"https:\/\/www.multicasa.com.br\/inicio\/wp-json\/wp\/v2\/product"}],"about":[{"href":"https:\/\/www.multicasa.com.br\/inicio\/wp-json\/wp\/v2\/types\/product"}],"wp:featuredmedia":[{"embeddable":true,"href":"https:\/\/www.multicasa.com.br\/inicio\/wp-json\/wp\/v2\/media\/19269"}],"wp:attachment":[{"href":"https:\/\/www.multicasa.com.br\/inicio\/wp-json\/wp\/v2\/media?parent=19186"}],"wp:term":[{"taxonomy":"product_brand","embeddable":true,"href":"https:\/\/www.multicasa.com.br\/inicio\/wp-json\/wp\/v2\/product_brand?post=19186"},{"taxonomy":"product_cat","embeddable":true,"href":"https:\/\/www.multicasa.com.br\/inicio\/wp-json\/wp\/v2\/product_cat?post=19186"},{"taxonomy":"product_tag","embeddable":true,"href":"https:\/\/www.multicasa.com.br\/inicio\/wp-json\/wp\/v2\/product_tag?post=19186"}],"curies":[{"name":"wp","href":"https:\/\/api.w.org\/{rel}","templated":true}]}}