{"id":19187,"date":"2025-06-20T19:43:18","date_gmt":"2025-06-20T23:43:18","guid":{"rendered":"https:\/\/www.multicasa.com.br\/inicio\/?post_type=product&#038;p=19187"},"modified":"2025-06-20T19:44:39","modified_gmt":"2025-06-20T23:44:39","slug":"martelo-de-aluminio-para-carne-uny-gift-235cm","status":"publish","type":"product","link":"https:\/\/www.multicasa.com.br\/inicio\/produto\/martelo-de-aluminio-para-carne-uny-gift-235cm\/","title":{"rendered":"Martelo de Alum\u00ednio para Carne Uny Gift 23,5cm"},"content":{"rendered":"<p>Utilize o Martelo de Carne Uny Gift para amaciar diversas carnes. Sua durabilidade \u00e9 maior por causa do alum\u00ednio de alta qualidade e os impactos s\u00e3o absorvidos devido ao emborrachamento de seu cabo. Possui 23,5cm e duas superf\u00edcies: plana e cravada. Ideal para o seu dia-a-dia na cozinha.<\/p>\n","protected":false},"excerpt":{"rendered":"<h4 style=\"margin: 0px;padding: 0px 0px 16px;font-family: Lato, sans-serif;font-weight: bold;line-height: 3rem;color: var(--dark-grey3);font-size: 22px;font-style: normal;letter-spacing: normal;text-align: start;text-indent: 0px;text-transform: none\">Informa\u00e7\u00f5es t\u00e9cnicas<\/h4>\n<p><span style=\"margin: 0px;padding: 0px;font-weight: 450;font-size: 14px;line-height: 21px;color: var(--dark-grey2);font-family: Lato, sans-serif;font-style: normal;letter-spacing: normal;text-align: start;text-indent: 0px;text-transform: none\">Produto: Martelo para Carne<br \/>\nMarca: Uny Gift<br \/>\nMaterial: Alum\u00ednio<br \/>\nCaracter\u00edsticas: Cabo emborrachado, possui 2 superf\u00edcies<br \/>\nItens Inclusos: 1 martelo para Carne<br \/>\nDimens\u00f5es do produto (A x L x P): 23,5 x 7,5 x 7,5cm<\/span><\/p>\n","protected":false},"featured_media":19272,"template":"","meta":{"_joinchat":[]},"product_brand":[],"product_cat":[93],"product_tag":[],"class_list":{"0":"post-19187","1":"product","2":"type-product","3":"status-publish","4":"has-post-thumbnail","6":"product_cat-utensilios-para-cozinha","8":"first","9":"outofstock","10":"shipping-taxable","11":"product-type-simple"},"_links":{"self":[{"href":"https:\/\/www.multicasa.com.br\/inicio\/wp-json\/wp\/v2\/product\/19187","targetHints":{"allow":["GET"]}}],"collection":[{"href":"https:\/\/www.multicasa.com.br\/inicio\/wp-json\/wp\/v2\/product"}],"about":[{"href":"https:\/\/www.multicasa.com.br\/inicio\/wp-json\/wp\/v2\/types\/product"}],"wp:featuredmedia":[{"embeddable":true,"href":"https:\/\/www.multicasa.com.br\/inicio\/wp-json\/wp\/v2\/media\/19272"}],"wp:attachment":[{"href":"https:\/\/www.multicasa.com.br\/inicio\/wp-json\/wp\/v2\/media?parent=19187"}],"wp:term":[{"taxonomy":"product_brand","embeddable":true,"href":"https:\/\/www.multicasa.com.br\/inicio\/wp-json\/wp\/v2\/product_brand?post=19187"},{"taxonomy":"product_cat","embeddable":true,"href":"https:\/\/www.multicasa.com.br\/inicio\/wp-json\/wp\/v2\/product_cat?post=19187"},{"taxonomy":"product_tag","embeddable":true,"href":"https:\/\/www.multicasa.com.br\/inicio\/wp-json\/wp\/v2\/product_tag?post=19187"}],"curies":[{"name":"wp","href":"https:\/\/api.w.org\/{rel}","templated":true}]}}