{"id":19206,"date":"2025-06-20T19:43:40","date_gmt":"2025-06-20T23:43:40","guid":{"rendered":"https:\/\/www.multicasa.com.br\/inicio\/?post_type=product&#038;p=19206"},"modified":"2025-12-26T14:20:22","modified_gmt":"2025-12-26T18:20:22","slug":"porta-papel-toalha-com-ventosa-aco-cromado-future","status":"publish","type":"product","link":"https:\/\/www.multicasa.com.br\/inicio\/produto\/porta-papel-toalha-com-ventosa-aco-cromado-future\/","title":{"rendered":"Porta Papel Toalha com Ventosa A\u00e7o Cromado Future"},"content":{"rendered":"<p>Mantenha sua cozinha em ordem e organizada com Porta Papel Toalha com Ventosa A\u00e7o Cromado Future. Com design moderno, sua instala\u00e7\u00e3o \u00e9 r\u00e1pida e f\u00e1cil, pois possui sistema de fixa\u00e7\u00e3o atrav\u00e9s de ventosas, dispensando o uso de furos e evitando a sujeira. Ventosas extra fortes com capacidade para suportar at\u00e9 1kg. Desenvolvido em a\u00e7o cromado, \u00e9 revestido por uma camada extra de um protetivo especial, Rust Free, que resulta em maior resist\u00eancia contra ferrugem. Para obter o melhor proveito do seu utens\u00edlio de cozinha, \u00e9 recomendada a instala\u00e7\u00e3o em superf\u00edcies lisas, brilhantes ou totalmente planas como vidros e azulejos.<\/p>\n","protected":false},"excerpt":{"rendered":"<h4 style=\"margin: 0px;padding: 0px 0px 16px;font-family: Lato, sans-serif;font-weight: bold;line-height: 3rem;color: var(--dark-grey3);font-size: 22px;font-style: normal;letter-spacing: normal;text-align: start;text-indent: 0px;text-transform: none\">Informa\u00e7\u00f5es t\u00e9cnicas<\/h4>\n<p><span style=\"margin: 0px;padding: 0px;font-weight: 450;font-size: 14px;line-height: 21px;color: var(--dark-grey2);font-family: Lato, sans-serif;font-style: normal;letter-spacing: normal;text-align: start;text-indent: 0px;text-transform: none\">Produto:  Porta papel toalha<br \/>\nMarca: Future<br \/>\nMaterial: A\u00e7o Carbono; pl\u00e1stico; borracha; acabamento cromado<br \/>\nCor: Prata<br \/>\nCaracter\u00edsticas: Suporte para papel toalha; capacidade de at\u00e9 1kg<br \/>\nQuantidade de pe\u00e7as: 2<br \/>\nItens Inclusos: 1 porta rolo; 1 ventosa<br \/>\nDimens\u00f5es do produto (A X L X P): 10 x 27 x 10cm<\/span><\/p>\n","protected":false},"featured_media":25783,"template":"","meta":{"_joinchat":[]},"product_brand":[],"product_cat":[93],"product_tag":[],"class_list":{"0":"post-19206","1":"product","2":"type-product","3":"status-publish","4":"has-post-thumbnail","6":"product_cat-utensilios-para-cozinha","8":"first","9":"outofstock","10":"shipping-taxable","11":"purchasable","12":"product-type-simple"},"_links":{"self":[{"href":"https:\/\/www.multicasa.com.br\/inicio\/wp-json\/wp\/v2\/product\/19206","targetHints":{"allow":["GET"]}}],"collection":[{"href":"https:\/\/www.multicasa.com.br\/inicio\/wp-json\/wp\/v2\/product"}],"about":[{"href":"https:\/\/www.multicasa.com.br\/inicio\/wp-json\/wp\/v2\/types\/product"}],"wp:featuredmedia":[{"embeddable":true,"href":"https:\/\/www.multicasa.com.br\/inicio\/wp-json\/wp\/v2\/media\/25783"}],"wp:attachment":[{"href":"https:\/\/www.multicasa.com.br\/inicio\/wp-json\/wp\/v2\/media?parent=19206"}],"wp:term":[{"taxonomy":"product_brand","embeddable":true,"href":"https:\/\/www.multicasa.com.br\/inicio\/wp-json\/wp\/v2\/product_brand?post=19206"},{"taxonomy":"product_cat","embeddable":true,"href":"https:\/\/www.multicasa.com.br\/inicio\/wp-json\/wp\/v2\/product_cat?post=19206"},{"taxonomy":"product_tag","embeddable":true,"href":"https:\/\/www.multicasa.com.br\/inicio\/wp-json\/wp\/v2\/product_tag?post=19206"}],"curies":[{"name":"wp","href":"https:\/\/api.w.org\/{rel}","templated":true}]}}