{"id":19229,"date":"2025-06-20T19:44:04","date_gmt":"2025-06-20T23:44:04","guid":{"rendered":"https:\/\/www.multicasa.com.br\/inicio\/?post_type=product&#038;p=19229"},"modified":"2025-06-20T19:45:01","modified_gmt":"2025-06-20T23:45:01","slug":"fita-multiuso-silvertec-prata-tectape-38mmx5m","status":"publish","type":"product","link":"https:\/\/www.multicasa.com.br\/inicio\/produto\/fita-multiuso-silvertec-prata-tectape-38mmx5m\/","title":{"rendered":"Fita Multiuso Silvertec Prata Tectape 38mmx5m"},"content":{"rendered":"<p>A Fita Multiuso Silvertec Prata da Tectape garante veda\u00e7\u00e3o, isola\u00e7\u00e3o t\u00e9rmica e impermeabilidade. Tamb\u00e9m \u00e9 poss\u00edvel utilizar para veda\u00e7\u00e3o de canos, decora\u00e7\u00e3o e remendos em geral. Possui 38mm x 5m e para melhor utiliza\u00e7\u00e3o, \u00e9 indicado aplicar em local limpo e seco.<\/p>\n","protected":false},"excerpt":{"rendered":"<h4 style=\"margin: 0px;padding: 0px 0px 16px;font-family: Lato, sans-serif;font-weight: bold;line-height: 3rem;color: var(--dark-grey3);font-size: 22px;font-style: normal;letter-spacing: normal;text-align: start;text-indent: 0px;text-transform: none\">Informa\u00e7\u00f5es t\u00e9cnicas<\/h4>\n<p><span style=\"margin: 0px;padding: 0px;font-weight: 450;font-size: 14px;line-height: 21px;color: var(--dark-grey2);font-family: Lato, sans-serif;font-style: normal;letter-spacing: normal;text-align: start;text-indent: 0px;text-transform: none\">Produto: Fita Multiuso<br \/>\nMarca: Tectape<br \/>\nMaterial: Filme polietileno refor\u00e7ado<br \/>\nTecido algod\u00e3o<br \/>\nAdesivo em borracha<br \/>\nCor: Prata<br \/>\nCaracter\u00edsticas: Veda\u00e7\u00e3o<br \/>\nIsolante t\u00e9rmico<br \/>\nImpermeabilizante<br \/>\nItens Inclusos: 1 Fita Multiuso<br \/>\nDimens\u00f5es do produto (A X C): 38mm x 5m<br \/>\n<\/span><\/p>\n","protected":false},"featured_media":19296,"template":"","meta":{"_joinchat":[]},"product_brand":[],"product_cat":[162],"product_tag":[],"class_list":{"0":"post-19229","1":"product","2":"type-product","3":"status-publish","4":"has-post-thumbnail","6":"product_cat-colas-e-cia","8":"first","9":"outofstock","10":"shipping-taxable","11":"product-type-simple"},"_links":{"self":[{"href":"https:\/\/www.multicasa.com.br\/inicio\/wp-json\/wp\/v2\/product\/19229","targetHints":{"allow":["GET"]}}],"collection":[{"href":"https:\/\/www.multicasa.com.br\/inicio\/wp-json\/wp\/v2\/product"}],"about":[{"href":"https:\/\/www.multicasa.com.br\/inicio\/wp-json\/wp\/v2\/types\/product"}],"wp:featuredmedia":[{"embeddable":true,"href":"https:\/\/www.multicasa.com.br\/inicio\/wp-json\/wp\/v2\/media\/19296"}],"wp:attachment":[{"href":"https:\/\/www.multicasa.com.br\/inicio\/wp-json\/wp\/v2\/media?parent=19229"}],"wp:term":[{"taxonomy":"product_brand","embeddable":true,"href":"https:\/\/www.multicasa.com.br\/inicio\/wp-json\/wp\/v2\/product_brand?post=19229"},{"taxonomy":"product_cat","embeddable":true,"href":"https:\/\/www.multicasa.com.br\/inicio\/wp-json\/wp\/v2\/product_cat?post=19229"},{"taxonomy":"product_tag","embeddable":true,"href":"https:\/\/www.multicasa.com.br\/inicio\/wp-json\/wp\/v2\/product_tag?post=19229"}],"curies":[{"name":"wp","href":"https:\/\/api.w.org\/{rel}","templated":true}]}}