{"id":19233,"date":"2025-06-20T19:44:05","date_gmt":"2025-06-20T23:44:05","guid":{"rendered":"https:\/\/www.multicasa.com.br\/inicio\/?post_type=product&#038;p=19233"},"modified":"2025-12-16T18:22:26","modified_gmt":"2025-12-16T22:22:26","slug":"descascador-e-boleador-de-legumes-branco-keita","status":"publish","type":"product","link":"https:\/\/www.multicasa.com.br\/inicio\/produto\/descascador-e-boleador-de-legumes-branco-keita\/","title":{"rendered":"Descascador e Boleador de Legumes Branco Keita"},"content":{"rendered":"<p>Descascador e Boleador de Legumes da Keita. Indicado para descascar e fazer decora\u00e7\u00f5es em legumes e frutas, tamb\u00e9m pode ser utilizado em frios, manteigas, queijos e etc. Une as duas fun\u00e7\u00f5es em um s\u00f3 produto. Ganhe tempo e praticidade nos processos na hora de cozinhar.<\/p>\n","protected":false},"excerpt":{"rendered":"<h4 style=\"margin: 0px;padding: 0px 0px 16px;font-family: Lato, sans-serif;font-weight: bold;line-height: 3rem;color: var(--dark-grey3);font-size: 22px;font-style: normal;letter-spacing: normal;text-align: start;text-indent: 0px;text-transform: none\">Informa\u00e7\u00f5es t\u00e9cnicas<\/h4>\n<p><span style=\"margin: 0px;padding: 0px;font-weight: 450;font-size: 14px;line-height: 21px;color: var(--dark-grey2);font-family: Lato, sans-serif;font-style: normal;letter-spacing: normal;text-align: start;text-indent: 0px;text-transform: none\">Produto: Descascador e boleador de Legumes<br \/>\nMarca: Keita<br \/>\nMaterial: Pl\u00e1stico<br \/>\nCor: Branco<br \/>\nItens inclusos: 1 Descascador e boleador de Legumes<br \/>\nDimens\u00f5es do produto (A x L x P): 1,5 x 16,5 x 3,8cm<\/span><\/p>\n","protected":false},"featured_media":25057,"template":"","meta":{"_joinchat":[]},"product_brand":[],"product_cat":[93],"product_tag":[],"class_list":{"0":"post-19233","1":"product","2":"type-product","3":"status-publish","4":"has-post-thumbnail","6":"product_cat-utensilios-para-cozinha","8":"first","9":"outofstock","10":"shipping-taxable","11":"purchasable","12":"product-type-simple"},"_links":{"self":[{"href":"https:\/\/www.multicasa.com.br\/inicio\/wp-json\/wp\/v2\/product\/19233","targetHints":{"allow":["GET"]}}],"collection":[{"href":"https:\/\/www.multicasa.com.br\/inicio\/wp-json\/wp\/v2\/product"}],"about":[{"href":"https:\/\/www.multicasa.com.br\/inicio\/wp-json\/wp\/v2\/types\/product"}],"wp:featuredmedia":[{"embeddable":true,"href":"https:\/\/www.multicasa.com.br\/inicio\/wp-json\/wp\/v2\/media\/25057"}],"wp:attachment":[{"href":"https:\/\/www.multicasa.com.br\/inicio\/wp-json\/wp\/v2\/media?parent=19233"}],"wp:term":[{"taxonomy":"product_brand","embeddable":true,"href":"https:\/\/www.multicasa.com.br\/inicio\/wp-json\/wp\/v2\/product_brand?post=19233"},{"taxonomy":"product_cat","embeddable":true,"href":"https:\/\/www.multicasa.com.br\/inicio\/wp-json\/wp\/v2\/product_cat?post=19233"},{"taxonomy":"product_tag","embeddable":true,"href":"https:\/\/www.multicasa.com.br\/inicio\/wp-json\/wp\/v2\/product_tag?post=19233"}],"curies":[{"name":"wp","href":"https:\/\/api.w.org\/{rel}","templated":true}]}}