{"id":19236,"date":"2025-06-20T19:44:05","date_gmt":"2025-06-20T23:44:05","guid":{"rendered":"https:\/\/www.multicasa.com.br\/inicio\/?post_type=product&#038;p=19236"},"modified":"2025-06-20T19:45:16","modified_gmt":"2025-06-20T23:45:16","slug":"suporte-de-metal-para-botijao-de-gas-preto-itatiba","status":"publish","type":"product","link":"https:\/\/www.multicasa.com.br\/inicio\/produto\/suporte-de-metal-para-botijao-de-gas-preto-itatiba\/","title":{"rendered":"Suporte de Metal para Botij\u00e3o de G\u00e1s Preto Itatiba"},"content":{"rendered":"<p>Suporte para Botij\u00e3o de G\u00e1s Itatiba, feito em metal cromado preto resistente e com rod\u00edzio para moviment\u00e1-lo facilmente. Ideal para transportar botij\u00f5es de g\u00e1s e vasos de flor com seguran\u00e7a e praticidade. Suporta at\u00e9 85 kg.<\/p>\n","protected":false},"excerpt":{"rendered":"<h4 style=\"margin: 0px;padding: 0px 0px 16px;font-family: Lato, sans-serif;font-weight: bold;line-height: 3rem;color: var(--dark-grey3);font-size: 22px;font-style: normal;letter-spacing: normal;text-align: start;text-indent: 0px;text-transform: none\">Informa\u00e7\u00f5es t\u00e9cnicas<\/h4>\n<p><span style=\"margin: 0px;padding: 0px;font-weight: 450;font-size: 14px;line-height: 21px;color: var(--dark-grey2);font-family: Lato, sans-serif;font-style: normal;letter-spacing: normal;text-align: start;text-indent: 0px;text-transform: none\">Produto: Suporte de botij\u00e3o<br \/>\nMarca: Itatiba<br \/>\nMaterial: Metal cromado<br \/>\nCor: Preto<br \/>\nCapacidade: 85 kg<br \/>\nCaracter\u00edsticas: Possui rodinhas<br \/>\nPode ser usado com vasos de flores<br \/>\nItens Inclusos: 1 suporte de botij\u00e3o<br \/>\nDi\u00e2metro do produto 30cm<\/span><\/p>\n","protected":false},"featured_media":19308,"template":"","meta":{"_joinchat":[]},"product_brand":[],"product_cat":[93],"product_tag":[],"class_list":{"0":"post-19236","1":"product","2":"type-product","3":"status-publish","4":"has-post-thumbnail","6":"product_cat-utensilios-para-cozinha","8":"first","9":"outofstock","10":"shipping-taxable","11":"product-type-simple"},"_links":{"self":[{"href":"https:\/\/www.multicasa.com.br\/inicio\/wp-json\/wp\/v2\/product\/19236","targetHints":{"allow":["GET"]}}],"collection":[{"href":"https:\/\/www.multicasa.com.br\/inicio\/wp-json\/wp\/v2\/product"}],"about":[{"href":"https:\/\/www.multicasa.com.br\/inicio\/wp-json\/wp\/v2\/types\/product"}],"wp:featuredmedia":[{"embeddable":true,"href":"https:\/\/www.multicasa.com.br\/inicio\/wp-json\/wp\/v2\/media\/19308"}],"wp:attachment":[{"href":"https:\/\/www.multicasa.com.br\/inicio\/wp-json\/wp\/v2\/media?parent=19236"}],"wp:term":[{"taxonomy":"product_brand","embeddable":true,"href":"https:\/\/www.multicasa.com.br\/inicio\/wp-json\/wp\/v2\/product_brand?post=19236"},{"taxonomy":"product_cat","embeddable":true,"href":"https:\/\/www.multicasa.com.br\/inicio\/wp-json\/wp\/v2\/product_cat?post=19236"},{"taxonomy":"product_tag","embeddable":true,"href":"https:\/\/www.multicasa.com.br\/inicio\/wp-json\/wp\/v2\/product_tag?post=19236"}],"curies":[{"name":"wp","href":"https:\/\/api.w.org\/{rel}","templated":true}]}}