{"id":19261,"date":"2025-06-20T19:44:32","date_gmt":"2025-06-20T23:44:32","guid":{"rendered":"https:\/\/www.multicasa.com.br\/inicio\/?post_type=product&#038;p=19261"},"modified":"2025-07-01T13:58:31","modified_gmt":"2025-07-01T17:58:31","slug":"selante-poliuretano-400g-cz-1400849-toi","status":"publish","type":"product","link":"https:\/\/www.multicasa.com.br\/inicio\/produto\/selante-poliuretano-400g-cz-1400849-toi\/","title":{"rendered":"Selante Poliuretano 400G Cz 1400849 Toi"},"content":{"rendered":"<p>A massa de poliuretano que mais cresce no varejo. Selante de poliuretano modificado indicado para as mais diversas aplica\u00e7\u00f5es de veda\u00e7\u00f5es, preenchimentos e reparos da constru\u00e7\u00e3o civil. Adere em diferentes superf\u00edcies \u0096 vidro, concreto, madeira, metal, fibra, cer\u00e2mica, alguns tipos de pl\u00e1sticos e borrachas etc. De consist\u00eancia pastosa e com propriedades de n\u00e3o escorrimento, cura em contato com a umidade ambiente formando uma borracha resistente e flex\u00edvel. Pode ser pintado, lavado e n\u00e3o forma fungos.<\/p>\n","protected":false},"excerpt":{"rendered":"<h4 style=\"margin: 0px;padding: 0px 0px 16px;font-family: Lato, sans-serif;font-weight: bold;line-height: 3rem;color: var(--dark-grey3);font-size: 22px;font-style: normal;letter-spacing: normal;text-align: start;text-indent: 0px;text-transform: none\">Informa\u00e7\u00f5es t\u00e9cnicas<\/h4>\n<p><span style=\"margin: 0px;padding: 0px;font-weight: 450;font-size: 14px;line-height: 21px;color: var(--dark-grey2);font-family: Lato, sans-serif;font-style: normal;letter-spacing: normal;text-align: start;text-indent: 0px;text-transform: none\">Produto: SELANTE POLIUR.400G CZ 1400849<br \/>\nMarca: TOI<br \/>\nCor: CINZA<br \/>\nCaracter\u00edsticas: Adere em diferentes superf\u00edcies \u0096 vidro, concreto, madeira, metal, fibra, cer\u00e2mica, alguns tipos de pl\u00e1sticos e borrachas etc.<\/span><\/p>\n","protected":false},"featured_media":27480,"template":"","meta":{"_joinchat":[]},"product_brand":[],"product_cat":[162],"product_tag":[],"class_list":{"0":"post-19261","1":"product","2":"type-product","3":"status-publish","4":"has-post-thumbnail","6":"product_cat-colas-e-cia","8":"first","9":"outofstock","10":"shipping-taxable","11":"product-type-simple"},"_links":{"self":[{"href":"https:\/\/www.multicasa.com.br\/inicio\/wp-json\/wp\/v2\/product\/19261","targetHints":{"allow":["GET"]}}],"collection":[{"href":"https:\/\/www.multicasa.com.br\/inicio\/wp-json\/wp\/v2\/product"}],"about":[{"href":"https:\/\/www.multicasa.com.br\/inicio\/wp-json\/wp\/v2\/types\/product"}],"wp:featuredmedia":[{"embeddable":true,"href":"https:\/\/www.multicasa.com.br\/inicio\/wp-json\/wp\/v2\/media\/27480"}],"wp:attachment":[{"href":"https:\/\/www.multicasa.com.br\/inicio\/wp-json\/wp\/v2\/media?parent=19261"}],"wp:term":[{"taxonomy":"product_brand","embeddable":true,"href":"https:\/\/www.multicasa.com.br\/inicio\/wp-json\/wp\/v2\/product_brand?post=19261"},{"taxonomy":"product_cat","embeddable":true,"href":"https:\/\/www.multicasa.com.br\/inicio\/wp-json\/wp\/v2\/product_cat?post=19261"},{"taxonomy":"product_tag","embeddable":true,"href":"https:\/\/www.multicasa.com.br\/inicio\/wp-json\/wp\/v2\/product_tag?post=19261"}],"curies":[{"name":"wp","href":"https:\/\/api.w.org\/{rel}","templated":true}]}}