{"id":19266,"date":"2025-06-20T19:44:32","date_gmt":"2025-06-20T23:44:32","guid":{"rendered":"https:\/\/www.multicasa.com.br\/inicio\/?post_type=product&#038;p=19266"},"modified":"2025-06-20T19:45:40","modified_gmt":"2025-06-20T23:45:40","slug":"mixer-cadence-fast-blend-mix291-vermelho-2-velocidades-127v","status":"publish","type":"product","link":"https:\/\/www.multicasa.com.br\/inicio\/produto\/mixer-cadence-fast-blend-mix291-vermelho-2-velocidades-127v\/","title":{"rendered":"Mixer Cadence Fast Blend MIX291 Vermelho 2 Velocidades &#8211; 127V"},"content":{"rendered":"<p>O Mixer Cadence Fast Blend MIX291 tem 2 velocidades que garantem rapidez no preparo das receitas! Possui l\u00e2minas em a\u00e7o inoxid\u00e1vel que garantem muito mais durabilidade pois n\u00e3o enferrujam, corpo ergon\u00f4mico garantindo conforto e facilidade em seu manuseio, al\u00e9m de ser desmont\u00e1vel facilitando na hora da limpeza. Com pot\u00eancia de 170w e voltagem de 127v. Seu design com cores modernas trazem beleza e requinte para a cozinha.<\/p>\n","protected":false},"excerpt":{"rendered":"<h4 style=\"margin: 0px;padding: 0px 0px 16px;font-family: Lato, sans-serif;font-weight: bold;line-height: 3rem;color: var(--dark-grey3);font-size: 22px;font-style: normal;letter-spacing: normal;text-align: start;text-indent: 0px;text-transform: none\">Informa\u00e7\u00f5es t\u00e9cnicas<\/h4>\n<p><span style=\"margin: 0px;padding: 0px;font-weight: 450;font-size: 14px;line-height: 21px;color: var(--dark-grey2);font-family: Lato, sans-serif;font-style: normal;letter-spacing: normal;text-align: start;text-indent: 0px;text-transform: none\">Produto: Mixer Vertical<br \/>\nMarca: Cadence<br \/>\nModelo: MIX291<br \/>\nMaterial: A\u00e7o Inox<br \/>\nCor: Vermelho<br \/>\nPot\u00eancia: 170w<br \/>\nTens\u00e3o el\u00e9trica: 127v<br \/>\nConsumo: 0,17kwh<br \/>\nCapacidade: 700ml<br \/>\nCaracter\u00edsticas: 2 velocidades<br \/>\nDesmont\u00e1vel<br \/>\nItens Inclusos: 1 mixer vertical<br \/>\nDimens\u00f5es do produto (A x L x P): 38 x 6,5 x 6,5cm<br \/>\nGarantia:<br \/>\nOCP: 0040<\/span><\/p>\n","protected":false},"featured_media":19330,"template":"","meta":{"_joinchat":[]},"product_brand":[],"product_cat":[93],"product_tag":[],"class_list":{"0":"post-19266","1":"product","2":"type-product","3":"status-publish","4":"has-post-thumbnail","6":"product_cat-utensilios-para-cozinha","8":"first","9":"outofstock","10":"shipping-taxable","11":"product-type-simple"},"_links":{"self":[{"href":"https:\/\/www.multicasa.com.br\/inicio\/wp-json\/wp\/v2\/product\/19266","targetHints":{"allow":["GET"]}}],"collection":[{"href":"https:\/\/www.multicasa.com.br\/inicio\/wp-json\/wp\/v2\/product"}],"about":[{"href":"https:\/\/www.multicasa.com.br\/inicio\/wp-json\/wp\/v2\/types\/product"}],"wp:featuredmedia":[{"embeddable":true,"href":"https:\/\/www.multicasa.com.br\/inicio\/wp-json\/wp\/v2\/media\/19330"}],"wp:attachment":[{"href":"https:\/\/www.multicasa.com.br\/inicio\/wp-json\/wp\/v2\/media?parent=19266"}],"wp:term":[{"taxonomy":"product_brand","embeddable":true,"href":"https:\/\/www.multicasa.com.br\/inicio\/wp-json\/wp\/v2\/product_brand?post=19266"},{"taxonomy":"product_cat","embeddable":true,"href":"https:\/\/www.multicasa.com.br\/inicio\/wp-json\/wp\/v2\/product_cat?post=19266"},{"taxonomy":"product_tag","embeddable":true,"href":"https:\/\/www.multicasa.com.br\/inicio\/wp-json\/wp\/v2\/product_tag?post=19266"}],"curies":[{"name":"wp","href":"https:\/\/api.w.org\/{rel}","templated":true}]}}