{"id":19286,"date":"2025-06-20T19:44:55","date_gmt":"2025-06-20T23:44:55","guid":{"rendered":"https:\/\/www.multicasa.com.br\/inicio\/?post_type=product&#038;p=19286"},"modified":"2025-12-16T18:24:10","modified_gmt":"2025-12-16T22:24:10","slug":"espatula-de-plastico-uplar","status":"publish","type":"product","link":"https:\/\/www.multicasa.com.br\/inicio\/produto\/espatula-de-plastico-uplar\/","title":{"rendered":"Esp\u00e1tula de Pl\u00e1stico Uplar"},"content":{"rendered":"<p>Com a esp\u00e1tula multiuso com ponta angulada Uplar voc\u00ea poder\u00e1 raspar latas e vidros com muita facilidade. Produzida em thermopl\u00e1stico que permite maleabilidade e resiste ao calor de at\u00e9 130\u00b0C. Seu cabo serve para abrir tampas de latas e seu formato facilita o manuseio, al\u00e9m de ser confort\u00e1vel. N\u00e3o risca superf\u00edcies e \u00e9 f\u00e1cil de limpar.<\/p>\n","protected":false},"excerpt":{"rendered":"<h4 style=\"margin: 0px;padding: 0px 0px 16px;font-family: Lato, sans-serif;font-weight: bold;line-height: 3rem;color: var(--dark-grey3);font-size: 22px;font-style: normal;letter-spacing: normal;text-align: start;text-indent: 0px;text-transform: none\">Informa\u00e7\u00f5es t\u00e9cnicas<\/h4>\n<p><span style=\"margin: 0px;padding: 0px;font-weight: 450;font-size: 14px;line-height: 21px;color: var(--dark-grey2);font-family: Lato, sans-serif;font-style: normal;letter-spacing: normal;text-align: start;text-indent: 0px;text-transform: none\">Produto: Esp\u00e1tula<br \/>\nMarca: Uplar<br \/>\nMaterial: Thermopl\u00e1stico, Thermoborracha<br \/>\nCor: vermelho, branco<br \/>\nUso indicado: Raspar latas e vidros<br \/>\nCaracter\u00edsticas: Cabo serve para abrir tampas<br \/>\nItens Inclusos: 1 esp\u00e1tula multiuso<br \/>\nDimens\u00f5es do produto (A x L): 1 x 3,5 x 19cm<\/span><\/p>\n","protected":false},"featured_media":19349,"template":"","meta":{"_joinchat":[]},"product_brand":[],"product_cat":[93],"product_tag":[],"class_list":{"0":"post-19286","1":"product","2":"type-product","3":"status-publish","4":"has-post-thumbnail","6":"product_cat-utensilios-para-cozinha","8":"first","9":"outofstock","10":"shipping-taxable","11":"product-type-simple"},"_links":{"self":[{"href":"https:\/\/www.multicasa.com.br\/inicio\/wp-json\/wp\/v2\/product\/19286","targetHints":{"allow":["GET"]}}],"collection":[{"href":"https:\/\/www.multicasa.com.br\/inicio\/wp-json\/wp\/v2\/product"}],"about":[{"href":"https:\/\/www.multicasa.com.br\/inicio\/wp-json\/wp\/v2\/types\/product"}],"wp:featuredmedia":[{"embeddable":true,"href":"https:\/\/www.multicasa.com.br\/inicio\/wp-json\/wp\/v2\/media\/19349"}],"wp:attachment":[{"href":"https:\/\/www.multicasa.com.br\/inicio\/wp-json\/wp\/v2\/media?parent=19286"}],"wp:term":[{"taxonomy":"product_brand","embeddable":true,"href":"https:\/\/www.multicasa.com.br\/inicio\/wp-json\/wp\/v2\/product_brand?post=19286"},{"taxonomy":"product_cat","embeddable":true,"href":"https:\/\/www.multicasa.com.br\/inicio\/wp-json\/wp\/v2\/product_cat?post=19286"},{"taxonomy":"product_tag","embeddable":true,"href":"https:\/\/www.multicasa.com.br\/inicio\/wp-json\/wp\/v2\/product_tag?post=19286"}],"curies":[{"name":"wp","href":"https:\/\/api.w.org\/{rel}","templated":true}]}}