{"id":19287,"date":"2025-06-20T19:44:55","date_gmt":"2025-06-20T23:44:55","guid":{"rendered":"https:\/\/www.multicasa.com.br\/inicio\/?post_type=product&#038;p=19287"},"modified":"2025-12-16T18:24:16","modified_gmt":"2025-12-16T22:24:16","slug":"escova-de-limpeza-para-frutas-e-legumes-uplar","status":"publish","type":"product","link":"https:\/\/www.multicasa.com.br\/inicio\/produto\/escova-de-limpeza-para-frutas-e-legumes-uplar\/","title":{"rendered":"Escova de Limpeza para Frutas e Legumes Uplar"},"content":{"rendered":"<p>A Escova de limpeza para frutas e legumes Uplar foi feita para que voc\u00ea possa lavar frutas e verduras de forma r\u00e1pida e pr\u00e1tica. Em thermoborracha, suas cerdas s\u00e3o flex\u00edveis e macias para ajudar na remo\u00e7\u00e3o de agrot\u00f3xicos e sujeiras. Em formato de piment\u00e3o \u00e9 anat\u00f4mica e deixa sua cozinha muito mais divertida.<\/p>\n","protected":false},"excerpt":{"rendered":"<h4 style=\"margin: 0px;padding: 0px 0px 16px;font-family: Lato, sans-serif;font-weight: bold;line-height: 3rem;color: var(--dark-grey3);font-size: 22px;font-style: normal;letter-spacing: normal;text-align: start;text-indent: 0px;text-transform: none\">Informa\u00e7\u00f5es t\u00e9cnicas<\/h4>\n<p><span style=\"margin: 0px;padding: 0px;font-weight: 450;font-size: 14px;line-height: 21px;color: var(--dark-grey2);font-family: Lato, sans-serif;font-style: normal;letter-spacing: normal;text-align: start;text-indent: 0px;text-transform: none\">Produto: Escova de alimento<br \/>\nMarca: Uplar<br \/>\nMaterial: Thermopl\u00e1stico<br \/>\nThermoborracha<br \/>\nCor: Verde<br \/>\nUso indicado: Escovar e higienizar alimentos<br \/>\nCaracter\u00edsticas: Cerdas macias<br \/>\nProduto at\u00f3xico<br \/>\nFormato de piment\u00e3o<br \/>\nItens Inclusos: 1 escova para alimentos<br \/>\nDimens\u00f5es do produto (L): 7,5cm<\/span><\/p>\n","protected":false},"featured_media":19354,"template":"","meta":{"_joinchat":[]},"product_brand":[],"product_cat":[93],"product_tag":[],"class_list":{"0":"post-19287","1":"product","2":"type-product","3":"status-publish","4":"has-post-thumbnail","6":"product_cat-utensilios-para-cozinha","8":"first","9":"outofstock","10":"shipping-taxable","11":"purchasable","12":"product-type-simple"},"_links":{"self":[{"href":"https:\/\/www.multicasa.com.br\/inicio\/wp-json\/wp\/v2\/product\/19287","targetHints":{"allow":["GET"]}}],"collection":[{"href":"https:\/\/www.multicasa.com.br\/inicio\/wp-json\/wp\/v2\/product"}],"about":[{"href":"https:\/\/www.multicasa.com.br\/inicio\/wp-json\/wp\/v2\/types\/product"}],"wp:featuredmedia":[{"embeddable":true,"href":"https:\/\/www.multicasa.com.br\/inicio\/wp-json\/wp\/v2\/media\/19354"}],"wp:attachment":[{"href":"https:\/\/www.multicasa.com.br\/inicio\/wp-json\/wp\/v2\/media?parent=19287"}],"wp:term":[{"taxonomy":"product_brand","embeddable":true,"href":"https:\/\/www.multicasa.com.br\/inicio\/wp-json\/wp\/v2\/product_brand?post=19287"},{"taxonomy":"product_cat","embeddable":true,"href":"https:\/\/www.multicasa.com.br\/inicio\/wp-json\/wp\/v2\/product_cat?post=19287"},{"taxonomy":"product_tag","embeddable":true,"href":"https:\/\/www.multicasa.com.br\/inicio\/wp-json\/wp\/v2\/product_tag?post=19287"}],"curies":[{"name":"wp","href":"https:\/\/api.w.org\/{rel}","templated":true}]}}