{"id":19288,"date":"2025-06-20T19:44:56","date_gmt":"2025-06-20T23:44:56","guid":{"rendered":"https:\/\/www.multicasa.com.br\/inicio\/?post_type=product&#038;p=19288"},"modified":"2025-08-17T18:57:33","modified_gmt":"2025-08-17T22:57:33","slug":"tampa-de-silicone-universal-uplar","status":"publish","type":"product","link":"https:\/\/www.multicasa.com.br\/inicio\/produto\/tampa-de-silicone-universal-uplar\/","title":{"rendered":"Tampa de Silicone Universal Uplar"},"content":{"rendered":"<p>A Tampa de Silicone Universal da Uplar resolve seus problemas quando o assunto \u00e9 cobrir utens\u00edlios. El\u00e1stica, ela substitui o pl\u00e1stico filme e o papel alum\u00ednio. Cobre formas, vasilhas, potes e panelas de at\u00e9 24cm de di\u00e2metro; basta estic\u00e1-las para cobrir seus alimentos, frutas e vegetais, impedindo que a poeira se acumule ou que absorva odores externos.<\/p>\n","protected":false},"excerpt":{"rendered":"<h4 style=\"margin: 0px;padding: 0px 0px 16px;font-family: Lato, sans-serif;font-weight: bold;line-height: 3rem;color: var(--dark-grey3);font-size: 22px;font-style: normal;letter-spacing: normal;text-align: start;text-indent: 0px;text-transform: none\">Informa\u00e7\u00f5es t\u00e9cnicas<\/h4>\n<p><span style=\"margin: 0px;padding: 0px;font-weight: 450;font-size: 14px;line-height: 21px;color: var(--dark-grey2);font-family: Lato, sans-serif;font-style: normal;letter-spacing: normal;text-align: start;text-indent: 0px;text-transform: none\">Produto: Tampa de Tudo Multiuso<br \/>\nMarca: Uplar<br \/>\nMaterial: Silicone<br \/>\nCor: Azul<br \/>\nCaracter\u00edsticas: Lav\u00e1vel<br \/>\nCompat\u00edvel com recipientes de at\u00e9 24cm<br \/>\nItens Inclusos: 1 Tampa tudo multiuso<br \/>\nDimens\u00f5es do produto (A X L): 12 x 11,5cm<\/span><\/p>\n","protected":false},"featured_media":19355,"template":"","meta":{"_joinchat":[]},"product_brand":[],"product_cat":[93],"product_tag":[],"class_list":{"0":"post-19288","1":"product","2":"type-product","3":"status-publish","4":"has-post-thumbnail","6":"product_cat-utensilios-para-cozinha","8":"first","9":"outofstock","10":"shipping-taxable","11":"purchasable","12":"product-type-simple"},"_links":{"self":[{"href":"https:\/\/www.multicasa.com.br\/inicio\/wp-json\/wp\/v2\/product\/19288","targetHints":{"allow":["GET"]}}],"collection":[{"href":"https:\/\/www.multicasa.com.br\/inicio\/wp-json\/wp\/v2\/product"}],"about":[{"href":"https:\/\/www.multicasa.com.br\/inicio\/wp-json\/wp\/v2\/types\/product"}],"wp:featuredmedia":[{"embeddable":true,"href":"https:\/\/www.multicasa.com.br\/inicio\/wp-json\/wp\/v2\/media\/19355"}],"wp:attachment":[{"href":"https:\/\/www.multicasa.com.br\/inicio\/wp-json\/wp\/v2\/media?parent=19288"}],"wp:term":[{"taxonomy":"product_brand","embeddable":true,"href":"https:\/\/www.multicasa.com.br\/inicio\/wp-json\/wp\/v2\/product_brand?post=19288"},{"taxonomy":"product_cat","embeddable":true,"href":"https:\/\/www.multicasa.com.br\/inicio\/wp-json\/wp\/v2\/product_cat?post=19288"},{"taxonomy":"product_tag","embeddable":true,"href":"https:\/\/www.multicasa.com.br\/inicio\/wp-json\/wp\/v2\/product_tag?post=19288"}],"curies":[{"name":"wp","href":"https:\/\/api.w.org\/{rel}","templated":true}]}}