{"id":19289,"date":"2025-06-20T19:44:56","date_gmt":"2025-06-20T23:44:56","guid":{"rendered":"https:\/\/www.multicasa.com.br\/inicio\/?post_type=product&#038;p=19289"},"modified":"2025-12-16T18:24:26","modified_gmt":"2025-12-16T22:24:26","slug":"amassador-de-batatas-de-plastico-uplar","status":"publish","type":"product","link":"https:\/\/www.multicasa.com.br\/inicio\/produto\/amassador-de-batatas-de-plastico-uplar\/","title":{"rendered":"Amassador de Batatas de Pl\u00e1stico Uplar"},"content":{"rendered":"<p>Feito com cabo ergon\u00f4mico que facilita seu uso e material em termopl\u00e1stico que permite utiliza\u00e7\u00e3o em diversos utens\u00edlios, inclusive antiaderentes, o Amassador de Batatas da Uplar \u00e9 um produto altamente resistente e seguro. Possui dimens\u00f5es de 20 x 7,5 x 7,5 cm e \u00e9 super vers\u00e1til para preparo de diversas receitas.<\/p>\n","protected":false},"excerpt":{"rendered":"<h4 style=\"margin: 0px;padding: 0px 0px 16px;font-family: Lato, sans-serif;font-weight: bold;line-height: 3rem;color: var(--dark-grey3);font-size: 22px;font-style: normal;letter-spacing: normal;text-align: start;text-indent: 0px;text-transform: none\">Informa\u00e7\u00f5es t\u00e9cnicas<\/h4>\n<p><span style=\"margin: 0px;padding: 0px;font-weight: 450;font-size: 14px;line-height: 21px;color: var(--dark-grey2);font-family: Lato, sans-serif;font-style: normal;letter-spacing: normal;text-align: start;text-indent: 0px;text-transform: none\">Produto: Amassador de Batatas<br \/>\nMarca: Uplar<br \/>\nMaterial: Termopl\u00e1stico<br \/>\nCor: Vermelho<br \/>\nCaracter\u00edsticas: Cabo ergon\u00f4mico<br \/>\nItens Inclusos: 1 Amassador de Batatas<br \/>\nDimens\u00f5es do produto (A x L x P): 20 x 7,5 x 7,5cm<\/span><\/p>\n","protected":false},"featured_media":24595,"template":"","meta":{"_joinchat":[]},"product_brand":[],"product_cat":[93],"product_tag":[],"class_list":{"0":"post-19289","1":"product","2":"type-product","3":"status-publish","4":"has-post-thumbnail","6":"product_cat-utensilios-para-cozinha","8":"first","9":"outofstock","10":"shipping-taxable","11":"product-type-simple"},"_links":{"self":[{"href":"https:\/\/www.multicasa.com.br\/inicio\/wp-json\/wp\/v2\/product\/19289","targetHints":{"allow":["GET"]}}],"collection":[{"href":"https:\/\/www.multicasa.com.br\/inicio\/wp-json\/wp\/v2\/product"}],"about":[{"href":"https:\/\/www.multicasa.com.br\/inicio\/wp-json\/wp\/v2\/types\/product"}],"wp:featuredmedia":[{"embeddable":true,"href":"https:\/\/www.multicasa.com.br\/inicio\/wp-json\/wp\/v2\/media\/24595"}],"wp:attachment":[{"href":"https:\/\/www.multicasa.com.br\/inicio\/wp-json\/wp\/v2\/media?parent=19289"}],"wp:term":[{"taxonomy":"product_brand","embeddable":true,"href":"https:\/\/www.multicasa.com.br\/inicio\/wp-json\/wp\/v2\/product_brand?post=19289"},{"taxonomy":"product_cat","embeddable":true,"href":"https:\/\/www.multicasa.com.br\/inicio\/wp-json\/wp\/v2\/product_cat?post=19289"},{"taxonomy":"product_tag","embeddable":true,"href":"https:\/\/www.multicasa.com.br\/inicio\/wp-json\/wp\/v2\/product_tag?post=19289"}],"curies":[{"name":"wp","href":"https:\/\/api.w.org\/{rel}","templated":true}]}}