{"id":19314,"date":"2025-06-20T19:45:18","date_gmt":"2025-06-20T23:45:18","guid":{"rendered":"https:\/\/www.multicasa.com.br\/inicio\/?post_type=product&#038;p=19314"},"modified":"2025-12-16T19:39:53","modified_gmt":"2025-12-16T23:39:53","slug":"ralador-inox-4-faces-uny-home","status":"publish","type":"product","link":"https:\/\/www.multicasa.com.br\/inicio\/produto\/ralador-inox-4-faces-uny-home\/","title":{"rendered":"Ralador Inox 4 Faces Uny Home"},"content":{"rendered":"<p>Com o Ralador 4 Faces Uny Home produzido em a\u00e7o inox resistente e dur\u00e1vel, cortando diferentes n\u00edveis de espessura. Com cabo em polipropileno e com 4 faces diferentes, voc\u00ea poder\u00e1 ralar alimentos de forma r\u00e1pida e pr\u00e1tica. O item indispens\u00e1vel para sua cozinha.<\/p>\n","protected":false},"excerpt":{"rendered":"<h4 style=\"margin: 0px;padding: 0px 0px 16px;font-family: Lato, sans-serif;font-weight: bold;line-height: 3rem;color: var(--dark-grey3);font-size: 22px;font-style: normal;letter-spacing: normal;text-align: start;text-indent: 0px;text-transform: none\">Informa\u00e7\u00f5es t\u00e9cnicas<\/h4>\n<p><span style=\"margin: 0px;padding: 0px;font-weight: 450;font-size: 14px;line-height: 21px;color: var(--dark-grey2);font-family: Lato, sans-serif;font-style: normal;letter-spacing: normal;text-align: start;text-indent: 0px;text-transform: none\">Produto: Ralador<br \/>\nMarca: Uny Home<br \/>\nMaterial: Inox<br \/>\nPolipropileno<br \/>\nCor: Branco, prata e azul<br \/>\nCaracter\u00edsticas: 4 faces<br \/>\nItens Inclusos: 1 ralador<br \/>\nDimens\u00f5es do produto (A x L x P): 21 x 9 x 7,5cm<\/span><\/p>\n","protected":false},"featured_media":19378,"template":"","meta":{"_joinchat":[]},"product_brand":[],"product_cat":[93],"product_tag":[],"class_list":{"0":"post-19314","1":"product","2":"type-product","3":"status-publish","4":"has-post-thumbnail","6":"product_cat-utensilios-para-cozinha","8":"first","9":"outofstock","10":"shipping-taxable","11":"product-type-simple"},"_links":{"self":[{"href":"https:\/\/www.multicasa.com.br\/inicio\/wp-json\/wp\/v2\/product\/19314","targetHints":{"allow":["GET"]}}],"collection":[{"href":"https:\/\/www.multicasa.com.br\/inicio\/wp-json\/wp\/v2\/product"}],"about":[{"href":"https:\/\/www.multicasa.com.br\/inicio\/wp-json\/wp\/v2\/types\/product"}],"wp:featuredmedia":[{"embeddable":true,"href":"https:\/\/www.multicasa.com.br\/inicio\/wp-json\/wp\/v2\/media\/19378"}],"wp:attachment":[{"href":"https:\/\/www.multicasa.com.br\/inicio\/wp-json\/wp\/v2\/media?parent=19314"}],"wp:term":[{"taxonomy":"product_brand","embeddable":true,"href":"https:\/\/www.multicasa.com.br\/inicio\/wp-json\/wp\/v2\/product_brand?post=19314"},{"taxonomy":"product_cat","embeddable":true,"href":"https:\/\/www.multicasa.com.br\/inicio\/wp-json\/wp\/v2\/product_cat?post=19314"},{"taxonomy":"product_tag","embeddable":true,"href":"https:\/\/www.multicasa.com.br\/inicio\/wp-json\/wp\/v2\/product_tag?post=19314"}],"curies":[{"name":"wp","href":"https:\/\/api.w.org\/{rel}","templated":true}]}}