{"id":19335,"date":"2025-06-20T19:45:43","date_gmt":"2025-06-20T23:45:43","guid":{"rendered":"https:\/\/www.multicasa.com.br\/inicio\/?post_type=product&#038;p=19335"},"modified":"2025-08-18T00:25:12","modified_gmt":"2025-08-18T04:25:12","slug":"conjunto-6-medidores-c-b-3-4-taf","status":"publish","type":"product","link":"https:\/\/www.multicasa.com.br\/inicio\/produto\/conjunto-6-medidores-c-b-3-4-taf\/","title":{"rendered":"Conjunto 6 Medidores C\/B 3\/4 Taf"},"content":{"rendered":"<p>CONJUNTO 6 MEDIDORES C\/B 3\/4 TAF. Os conjuntos de medi\u00e7\u00e3o agrupada s\u00e3o confeccionados em material polim\u00e9rico de alta qualidade, proporcionando resist\u00eancia a intemp\u00e9ries e durabilidade ao conjunto. Sua geometria funcional facilita o transporte, manuseio e instala\u00e7\u00e3o, gerando a economia de tempo e dinheiro necess\u00e1rios para garantir a satisfa\u00e7\u00e3o do cliente. <\/p>\n","protected":false},"excerpt":{"rendered":"<h4 style=\"margin: 0px;padding: 0px 0px 16px;font-family: Lato, sans-serif;font-weight: bold;line-height: 3rem;color: var(--dark-grey3);font-size: 22px;font-style: normal;letter-spacing: normal;text-align: start;text-indent: 0px;text-transform: none\">Informa\u00e7\u00f5es t\u00e9cnicas<\/h4>\n<p><span style=\"margin: 0px;padding: 0px;font-weight: 450;font-size: 14px;line-height: 21px;color: var(--dark-grey2);font-family: Lato, sans-serif;font-style: normal;letter-spacing: normal;text-align: start;text-indent: 0px;text-transform: none\">Produto: CONJUNTO 6 MEDIDORES C\/B 3\/4<br \/>\nMarca: TAF<br \/>\nMaterial: polim\u00e9rico de alta qualidade.<br \/>\nCaracter\u00edsticas: Sua geometria funcional facilita o transporte, manuseio e instala\u00e7\u00e3o, gerando a economia de tempo e dinheiro.<\/span><\/p>\n","protected":false},"featured_media":25013,"template":"","meta":{"_joinchat":[]},"product_brand":[],"product_cat":[119],"product_tag":[],"class_list":{"0":"post-19335","1":"product","2":"type-product","3":"status-publish","4":"has-post-thumbnail","6":"product_cat-materiais-eletricos","8":"first","9":"instock","10":"shipping-taxable","11":"purchasable","12":"product-type-simple"},"_links":{"self":[{"href":"https:\/\/www.multicasa.com.br\/inicio\/wp-json\/wp\/v2\/product\/19335","targetHints":{"allow":["GET"]}}],"collection":[{"href":"https:\/\/www.multicasa.com.br\/inicio\/wp-json\/wp\/v2\/product"}],"about":[{"href":"https:\/\/www.multicasa.com.br\/inicio\/wp-json\/wp\/v2\/types\/product"}],"wp:featuredmedia":[{"embeddable":true,"href":"https:\/\/www.multicasa.com.br\/inicio\/wp-json\/wp\/v2\/media\/25013"}],"wp:attachment":[{"href":"https:\/\/www.multicasa.com.br\/inicio\/wp-json\/wp\/v2\/media?parent=19335"}],"wp:term":[{"taxonomy":"product_brand","embeddable":true,"href":"https:\/\/www.multicasa.com.br\/inicio\/wp-json\/wp\/v2\/product_brand?post=19335"},{"taxonomy":"product_cat","embeddable":true,"href":"https:\/\/www.multicasa.com.br\/inicio\/wp-json\/wp\/v2\/product_cat?post=19335"},{"taxonomy":"product_tag","embeddable":true,"href":"https:\/\/www.multicasa.com.br\/inicio\/wp-json\/wp\/v2\/product_tag?post=19335"}],"curies":[{"name":"wp","href":"https:\/\/api.w.org\/{rel}","templated":true}]}}