{"id":19337,"date":"2025-06-20T19:45:43","date_gmt":"2025-06-20T23:45:43","guid":{"rendered":"https:\/\/www.multicasa.com.br\/inicio\/?post_type=product&#038;p=19337"},"modified":"2025-06-20T19:46:35","modified_gmt":"2025-06-20T23:46:35","slug":"forma-modeladora-de-hamburguer-recheado-em-plastico-vermelho-fackelmann","status":"publish","type":"product","link":"https:\/\/www.multicasa.com.br\/inicio\/produto\/forma-modeladora-de-hamburguer-recheado-em-plastico-vermelho-fackelmann\/","title":{"rendered":"Forma Modeladora de Hamburguer Recheado em Pl\u00e1stico Vermelho Fackelmann"},"content":{"rendered":"<p>Forma Modeladora de hamb\u00farguer Recheado Fackelmann, mais um produto com a mensagem do ?fa\u00e7a voc\u00ea mesmo?, a forma de hamb\u00farguer da Fackelmann traz praticidade e qualidade na hora de modelar o seu hamb\u00farguer caseiro recheado. Com 11cm de di\u00e2metro e 6 cm de altura, pode-se fazer um hamb\u00farguer e suculento com a maior facilidade. Confeccionado em pl\u00e1stico nas cores preto e vermelho! Se aventure na cozinha e fa\u00e7a deliciosos hamb\u00fargueres!<\/p>\n","protected":false},"excerpt":{"rendered":"<h4 style=\"margin: 0px;padding: 0px 0px 16px;font-family: Lato, sans-serif;font-weight: bold;line-height: 3rem;color: var(--dark-grey3);font-size: 22px;font-style: normal;letter-spacing: normal;text-align: start;text-indent: 0px;text-transform: none\">Informa\u00e7\u00f5es t\u00e9cnicas<\/h4>\n<p><span style=\"margin: 0px;padding: 0px;font-weight: 450;font-size: 14px;line-height: 21px;color: var(--dark-grey2);font-family: Lato, sans-serif;font-style: normal;letter-spacing: normal;text-align: start;text-indent: 0px;text-transform: none\">Produto: Forma de hamb\u00farguer<br \/>\nMarca: Fackelmann<br \/>\nMaterial: Pl\u00e1stico<br \/>\nCor: Preto e vermelho<br \/>\nItens Inclusos: 1 Forma de hamb\u00farguer<br \/>\nDi\u00e2metro do produto: 11cm<br \/>\nDimens\u00f5es do produto (A ): 6cm<\/span><\/p>\n","protected":false},"featured_media":19398,"template":"","meta":{"_joinchat":[]},"product_brand":[],"product_cat":[93],"product_tag":[],"class_list":{"0":"post-19337","1":"product","2":"type-product","3":"status-publish","4":"has-post-thumbnail","6":"product_cat-utensilios-para-cozinha","8":"first","9":"outofstock","10":"shipping-taxable","11":"product-type-simple"},"_links":{"self":[{"href":"https:\/\/www.multicasa.com.br\/inicio\/wp-json\/wp\/v2\/product\/19337","targetHints":{"allow":["GET"]}}],"collection":[{"href":"https:\/\/www.multicasa.com.br\/inicio\/wp-json\/wp\/v2\/product"}],"about":[{"href":"https:\/\/www.multicasa.com.br\/inicio\/wp-json\/wp\/v2\/types\/product"}],"wp:featuredmedia":[{"embeddable":true,"href":"https:\/\/www.multicasa.com.br\/inicio\/wp-json\/wp\/v2\/media\/19398"}],"wp:attachment":[{"href":"https:\/\/www.multicasa.com.br\/inicio\/wp-json\/wp\/v2\/media?parent=19337"}],"wp:term":[{"taxonomy":"product_brand","embeddable":true,"href":"https:\/\/www.multicasa.com.br\/inicio\/wp-json\/wp\/v2\/product_brand?post=19337"},{"taxonomy":"product_cat","embeddable":true,"href":"https:\/\/www.multicasa.com.br\/inicio\/wp-json\/wp\/v2\/product_cat?post=19337"},{"taxonomy":"product_tag","embeddable":true,"href":"https:\/\/www.multicasa.com.br\/inicio\/wp-json\/wp\/v2\/product_tag?post=19337"}],"curies":[{"name":"wp","href":"https:\/\/api.w.org\/{rel}","templated":true}]}}