{"id":19338,"date":"2025-06-20T19:45:43","date_gmt":"2025-06-20T23:45:43","guid":{"rendered":"https:\/\/www.multicasa.com.br\/inicio\/?post_type=product&#038;p=19338"},"modified":"2026-01-28T10:30:22","modified_gmt":"2026-01-28T14:30:22","slug":"marmita-eletrica-marmi-quent-bege-12l-bivolt","status":"publish","type":"product","link":"https:\/\/www.multicasa.com.br\/inicio\/produto\/marmita-eletrica-marmi-quent-bege-12l-bivolt\/","title":{"rendered":"Marmita El\u00e9trica Marmi Quent Bege 1,2L Bivolt"},"content":{"rendered":"<p>Mais praticidade para suas refei\u00e7\u00f5es em qualquer lugar. A Marmita El\u00e9trica T\u00e9rmica Marmi Quent \u00e9 bivolt e facilita a sua rotina. Seu material \u00e9 polipropileno livre de BPA e livre de odor. Com capacidade de 1,2 litro, sua tecnologia acondiciona o alimento, conservando-o. Tem design ergon\u00f4mico, cantos arredondados que facilitam a higieniza\u00e7\u00e3o e travas laterais de seguran\u00e7a para transporte seguro s\u00e3o algumas das suas caracter\u00edsticas. Pr\u00e1tica e funcional, s\u00f3 precisa de uma tomada para funcionar. \u00c9 bivolt e tem pot\u00eancia de 205W. Refei\u00e7\u00f5es saud\u00e1veis e quentinhas a qualquer hora.<\/p>\n","protected":false},"excerpt":{"rendered":"<h4 style=\"margin: 0px;padding: 0px 0px 16px;font-family: Lato, sans-serif;font-weight: bold;line-height: 3rem;color: var(--dark-grey3);font-size: 22px;font-style: normal;letter-spacing: normal;text-align: start;text-indent: 0px;text-transform: none\">Informa\u00e7\u00f5es t\u00e9cnicas<\/h4>\n<p><span style=\"margin: 0px;padding: 0px;font-weight: 450;font-size: 14px;line-height: 21px;color: var(--dark-grey2);font-family: Lato, sans-serif;font-style: normal;letter-spacing: normal;text-align: start;text-indent: 0px;text-transform: none\">Produto: Marmita El\u00e9trica<br \/>\nMarca: Marmi Quent<br \/>\nMaterial: Polipropileno (livre de bisfenol)<br \/>\nCor: Bege<br \/>\nUso indicado: Esquentar alimento diretamente na marmita<br \/>\nPot\u00eancia: 205w<br \/>\nTens\u00e3o el\u00e9trica: 127v-220v Bivolt<br \/>\nCapacidade: 1,2L<br \/>\nCaracter\u00edsticas: Com travas laterais<br \/>\nPossui 2 compartimentos individuais<br \/>\nItens Inclusos: 1 marmita el\u00e9trica<br \/>\nDimens\u00f5es do produto (A x L x P): 10,5 x 21,5 x 16,5cm<br \/>\nGarantia:<br \/>\nOCP: 0040<\/span><\/p>\n","protected":false},"featured_media":25546,"template":"","meta":{"_joinchat":[]},"product_brand":[],"product_cat":[93],"product_tag":[],"class_list":{"0":"post-19338","1":"product","2":"type-product","3":"status-publish","4":"has-post-thumbnail","6":"product_cat-utensilios-para-cozinha","8":"first","9":"instock","10":"shipping-taxable","11":"purchasable","12":"product-type-simple"},"_links":{"self":[{"href":"https:\/\/www.multicasa.com.br\/inicio\/wp-json\/wp\/v2\/product\/19338","targetHints":{"allow":["GET"]}}],"collection":[{"href":"https:\/\/www.multicasa.com.br\/inicio\/wp-json\/wp\/v2\/product"}],"about":[{"href":"https:\/\/www.multicasa.com.br\/inicio\/wp-json\/wp\/v2\/types\/product"}],"wp:featuredmedia":[{"embeddable":true,"href":"https:\/\/www.multicasa.com.br\/inicio\/wp-json\/wp\/v2\/media\/25546"}],"wp:attachment":[{"href":"https:\/\/www.multicasa.com.br\/inicio\/wp-json\/wp\/v2\/media?parent=19338"}],"wp:term":[{"taxonomy":"product_brand","embeddable":true,"href":"https:\/\/www.multicasa.com.br\/inicio\/wp-json\/wp\/v2\/product_brand?post=19338"},{"taxonomy":"product_cat","embeddable":true,"href":"https:\/\/www.multicasa.com.br\/inicio\/wp-json\/wp\/v2\/product_cat?post=19338"},{"taxonomy":"product_tag","embeddable":true,"href":"https:\/\/www.multicasa.com.br\/inicio\/wp-json\/wp\/v2\/product_tag?post=19338"}],"curies":[{"name":"wp","href":"https:\/\/api.w.org\/{rel}","templated":true}]}}