{"id":19339,"date":"2025-06-20T19:45:44","date_gmt":"2025-06-20T23:45:44","guid":{"rendered":"https:\/\/www.multicasa.com.br\/inicio\/?post_type=product&#038;p=19339"},"modified":"2025-08-18T00:25:17","modified_gmt":"2025-08-18T04:25:17","slug":"cortador-de-legumes-em-espiral-inox-fackelmann","status":"publish","type":"product","link":"https:\/\/www.multicasa.com.br\/inicio\/produto\/cortador-de-legumes-em-espiral-inox-fackelmann\/","title":{"rendered":"Cortador de Legumes em Espiral Inox Fackelmann"},"content":{"rendered":"<p>Com o Cortador de legumes em espiral Fackelmann voc\u00ea consegue fatiar os alimentos em diferentes espessuras de fios julienne. Seu corpo \u00e9 fabricado em polipropileno e suas l\u00e2minas em a\u00e7o inoxid\u00e1vel que garante maior qualidade e dura\u00e7\u00e3o. Com 2 bocas de corte e formato anat\u00f4mico, reduz o contato direto com as m\u00e3os.<\/p>\n","protected":false},"excerpt":{"rendered":"<h4 style=\"margin: 0px;padding: 0px 0px 16px;font-family: Lato, sans-serif;font-weight: bold;line-height: 3rem;color: var(--dark-grey3);font-size: 22px;font-style: normal;letter-spacing: normal;text-align: start;text-indent: 0px;text-transform: none\">Informa\u00e7\u00f5es t\u00e9cnicas<\/h4>\n<p><span style=\"margin: 0px;padding: 0px;font-weight: 450;font-size: 14px;line-height: 21px;color: var(--dark-grey2);font-family: Lato, sans-serif;font-style: normal;letter-spacing: normal;text-align: start;text-indent: 0px;text-transform: none\">Produto: Fatiador<br \/>\nMarca: Fackelmann<br \/>\nMaterial: Polipropileno<br \/>\nA\u00e7o Inox<br \/>\nCor: Preto<br \/>\nCaracter\u00edsticas: 2 bocais de corte<br \/>\nPossui protetor de m\u00e3o<br \/>\nItens Inclusos: 1 fatiador<br \/>\nDimens\u00f5es do produto (A x L): 7 x 13cm<\/span><\/p>\n","protected":false},"featured_media":19402,"template":"","meta":{"_joinchat":[]},"product_brand":[],"product_cat":[93],"product_tag":[],"class_list":{"0":"post-19339","1":"product","2":"type-product","3":"status-publish","4":"has-post-thumbnail","6":"product_cat-utensilios-para-cozinha","8":"first","9":"outofstock","10":"shipping-taxable","11":"purchasable","12":"product-type-simple"},"_links":{"self":[{"href":"https:\/\/www.multicasa.com.br\/inicio\/wp-json\/wp\/v2\/product\/19339","targetHints":{"allow":["GET"]}}],"collection":[{"href":"https:\/\/www.multicasa.com.br\/inicio\/wp-json\/wp\/v2\/product"}],"about":[{"href":"https:\/\/www.multicasa.com.br\/inicio\/wp-json\/wp\/v2\/types\/product"}],"wp:featuredmedia":[{"embeddable":true,"href":"https:\/\/www.multicasa.com.br\/inicio\/wp-json\/wp\/v2\/media\/19402"}],"wp:attachment":[{"href":"https:\/\/www.multicasa.com.br\/inicio\/wp-json\/wp\/v2\/media?parent=19339"}],"wp:term":[{"taxonomy":"product_brand","embeddable":true,"href":"https:\/\/www.multicasa.com.br\/inicio\/wp-json\/wp\/v2\/product_brand?post=19339"},{"taxonomy":"product_cat","embeddable":true,"href":"https:\/\/www.multicasa.com.br\/inicio\/wp-json\/wp\/v2\/product_cat?post=19339"},{"taxonomy":"product_tag","embeddable":true,"href":"https:\/\/www.multicasa.com.br\/inicio\/wp-json\/wp\/v2\/product_tag?post=19339"}],"curies":[{"name":"wp","href":"https:\/\/api.w.org\/{rel}","templated":true}]}}