{"id":19342,"date":"2025-06-20T19:45:44","date_gmt":"2025-06-20T23:45:44","guid":{"rendered":"https:\/\/www.multicasa.com.br\/inicio\/?post_type=product&#038;p=19342"},"modified":"2025-06-20T19:46:51","modified_gmt":"2025-06-20T23:46:51","slug":"saco-para-assar-batatas-assa-rapido-vermelha-nai-br","status":"publish","type":"product","link":"https:\/\/www.multicasa.com.br\/inicio\/produto\/saco-para-assar-batatas-assa-rapido-vermelha-nai-br\/","title":{"rendered":"Saco para Assar Batatas Assa R\u00e1pido Vermelha Nai BR"},"content":{"rendered":"<p>Use o Saco para Assar Batatas Assa R\u00e1pido Nai BR para ter legumes cozidos em apenas 5 minutos. A intensifica\u00e7\u00e3o de calor que acontece dentro do saco t\u00e9rmico preserva os nutrientes dos legumes que s\u00e3o cozidos por causa do vapor. Tem dimens\u00f5es de 20 x 26 cm e formato de bolsa envelope. Feita em poli\u00e9ster, algod\u00e3o e manta de fibra no interior que garantem a efici\u00eancia. \u00fatilize-a somente no forno micro-ondas e prepare refei\u00e7\u00f5es deliciosas.<\/p>\n","protected":false},"excerpt":{"rendered":"<h4 style=\"margin: 0px;padding: 0px 0px 16px;font-family: Lato, sans-serif;font-weight: bold;line-height: 3rem;color: var(--dark-grey3);font-size: 22px;font-style: normal;letter-spacing: normal;text-align: start;text-indent: 0px;text-transform: none\">Informa\u00e7\u00f5es t\u00e9cnicas<\/h4>\n<p><span style=\"margin: 0px;padding: 0px;font-weight: 450;font-size: 14px;line-height: 21px;color: var(--dark-grey2);font-family: Lato, sans-serif;font-style: normal;letter-spacing: normal;text-align: start;text-indent: 0px;text-transform: none\">Produto: Saco para Assar Batatas<br \/>\nMarca: Nai BR<br \/>\nMaterial: Poli\u00e9ster<br \/>\nInterior em Manta de Fibra<br \/>\nCor: Vermelha<br \/>\nCaracter\u00edstica: Uso exclusivo para micro-ondas<br \/>\nFormato de bolsa envelope<br \/>\nItens Inclusos: 1 Saco para assar batatas<br \/>\nDimens\u00f5es do produto (A X L): 26 x 20cm<\/span><\/p>\n","protected":false},"featured_media":19411,"template":"","meta":{"_joinchat":[]},"product_brand":[],"product_cat":[93],"product_tag":[],"class_list":{"0":"post-19342","1":"product","2":"type-product","3":"status-publish","4":"has-post-thumbnail","6":"product_cat-utensilios-para-cozinha","8":"first","9":"outofstock","10":"shipping-taxable","11":"product-type-simple"},"_links":{"self":[{"href":"https:\/\/www.multicasa.com.br\/inicio\/wp-json\/wp\/v2\/product\/19342","targetHints":{"allow":["GET"]}}],"collection":[{"href":"https:\/\/www.multicasa.com.br\/inicio\/wp-json\/wp\/v2\/product"}],"about":[{"href":"https:\/\/www.multicasa.com.br\/inicio\/wp-json\/wp\/v2\/types\/product"}],"wp:featuredmedia":[{"embeddable":true,"href":"https:\/\/www.multicasa.com.br\/inicio\/wp-json\/wp\/v2\/media\/19411"}],"wp:attachment":[{"href":"https:\/\/www.multicasa.com.br\/inicio\/wp-json\/wp\/v2\/media?parent=19342"}],"wp:term":[{"taxonomy":"product_brand","embeddable":true,"href":"https:\/\/www.multicasa.com.br\/inicio\/wp-json\/wp\/v2\/product_brand?post=19342"},{"taxonomy":"product_cat","embeddable":true,"href":"https:\/\/www.multicasa.com.br\/inicio\/wp-json\/wp\/v2\/product_cat?post=19342"},{"taxonomy":"product_tag","embeddable":true,"href":"https:\/\/www.multicasa.com.br\/inicio\/wp-json\/wp\/v2\/product_tag?post=19342"}],"curies":[{"name":"wp","href":"https:\/\/api.w.org\/{rel}","templated":true}]}}