{"id":19366,"date":"2025-06-20T19:46:07","date_gmt":"2025-06-20T23:46:07","guid":{"rendered":"https:\/\/www.multicasa.com.br\/inicio\/?post_type=product&#038;p=19366"},"modified":"2025-06-23T10:11:21","modified_gmt":"2025-06-23T14:11:21","slug":"haste-cobreada-1-2x2-4m-s-rosca","status":"publish","type":"product","link":"https:\/\/www.multicasa.com.br\/inicio\/produto\/haste-cobreada-1-2x2-4m-s-rosca\/","title":{"rendered":"Haste Cobreada 1\/2X2.4M S\/Rosca"},"content":{"rendered":"<p>haste de aterramento cobre 1\/2 x 2,4m diametro de 9,5mm. Usada em aterramento para protecao de equipamentos eletricos, camada 25 microns, produto trefilado com maior aderencia do cobre e corrente uniforme.<\/p>\n","protected":false},"excerpt":{"rendered":"<h4 style=\"margin: 0px;padding: 0px 0px 16px;font-family: Lato, sans-serif;font-weight: bold;line-height: 3rem;color: var(--dark-grey3);font-size: 22px;font-style: normal;letter-spacing: normal;text-align: start;text-indent: 0px;text-transform: none\">Informa\u00e7\u00f5es t\u00e9cnicas<\/h4>\n<p><span style=\"margin: 0px;padding: 0px;font-weight: 450;font-size: 14px;line-height: 21px;color: var(--dark-grey2);font-family: Lato, sans-serif;font-style: normal;letter-spacing: normal;text-align: start;text-indent: 0px;text-transform: none\">Produto: HASTE COBREADA 1\/2X2.4M S\/ROSCA<br \/>\nMarca: DMM LOPES<br \/>\nMaterial: COBRE<br \/>\nCor: COBRE<br \/>\nCaracter\u00edsticas: Usada em aterramento para protecao de equipamentos eletricos.<br \/>\nDimens\u00f5es:<br \/>\nAltura:\t1 cm<br \/>\nLargura: 1 cm<br \/>\nComprimento: 240 cm<\/span><\/p>\n","protected":false},"featured_media":25289,"template":"","meta":{"_joinchat":[]},"product_brand":[],"product_cat":[119],"product_tag":[],"class_list":{"0":"post-19366","1":"product","2":"type-product","3":"status-publish","4":"has-post-thumbnail","6":"product_cat-materiais-eletricos","8":"first","9":"outofstock","10":"shipping-taxable","11":"product-type-simple"},"_links":{"self":[{"href":"https:\/\/www.multicasa.com.br\/inicio\/wp-json\/wp\/v2\/product\/19366","targetHints":{"allow":["GET"]}}],"collection":[{"href":"https:\/\/www.multicasa.com.br\/inicio\/wp-json\/wp\/v2\/product"}],"about":[{"href":"https:\/\/www.multicasa.com.br\/inicio\/wp-json\/wp\/v2\/types\/product"}],"wp:featuredmedia":[{"embeddable":true,"href":"https:\/\/www.multicasa.com.br\/inicio\/wp-json\/wp\/v2\/media\/25289"}],"wp:attachment":[{"href":"https:\/\/www.multicasa.com.br\/inicio\/wp-json\/wp\/v2\/media?parent=19366"}],"wp:term":[{"taxonomy":"product_brand","embeddable":true,"href":"https:\/\/www.multicasa.com.br\/inicio\/wp-json\/wp\/v2\/product_brand?post=19366"},{"taxonomy":"product_cat","embeddable":true,"href":"https:\/\/www.multicasa.com.br\/inicio\/wp-json\/wp\/v2\/product_cat?post=19366"},{"taxonomy":"product_tag","embeddable":true,"href":"https:\/\/www.multicasa.com.br\/inicio\/wp-json\/wp\/v2\/product_tag?post=19366"}],"curies":[{"name":"wp","href":"https:\/\/api.w.org\/{rel}","templated":true}]}}