{"id":19367,"date":"2025-06-20T19:46:07","date_gmt":"2025-06-20T23:46:07","guid":{"rendered":"https:\/\/www.multicasa.com.br\/inicio\/?post_type=product&#038;p=19367"},"modified":"2025-12-16T18:27:15","modified_gmt":"2025-12-16T22:27:15","slug":"forma-para-paleta-mexicana-3-moldes-branco-uplar","status":"publish","type":"product","link":"https:\/\/www.multicasa.com.br\/inicio\/produto\/forma-para-paleta-mexicana-3-moldes-branco-uplar\/","title":{"rendered":"Forma para Paleta Mexicana 3 Moldes Branco Uplar"},"content":{"rendered":"<p>A Forma para Paleta Mexicana com 3 Moldes da Uplar \u00e9 feita em termopl\u00e1stico, material com estrutura linear que enrijece ao ser resfriada. Possui 3 moldes iguais com base de encaixe para o palito. Fa\u00e7a agora voc\u00ea mesmo em casa as t\u00e3o deliciosas e amadas paletas mexicanas, sobremesa para a fam\u00edlia toda curtir!<\/p>\n","protected":false},"excerpt":{"rendered":"<h4 style=\"margin: 0px;padding: 0px 0px 16px;font-family: Lato, sans-serif;font-weight: bold;line-height: 3rem;color: var(--dark-grey3);font-size: 22px;font-style: normal;letter-spacing: normal;text-align: start;text-indent: 0px;text-transform: none\">Informa\u00e7\u00f5es t\u00e9cnicas<\/h4>\n<p><span style=\"margin: 0px;padding: 0px;font-weight: 450;font-size: 14px;line-height: 21px;color: var(--dark-grey2);font-family: Lato, sans-serif;font-style: normal;letter-spacing: normal;text-align: start;text-indent: 0px;text-transform: none\">Produto: Forma de picol\u00e9<br \/>\nMarca: Uplar<br \/>\nMaterial: Termopl\u00e1stico<br \/>\nCor: Branco<br \/>\nCaracter\u00edsticas: 3 divis\u00f3rias<br \/>\nItens Inclusos: 1 forma de picol\u00e9<br \/>\nDimens\u00f5es do produto (A x L x P): 13 x 20 x 5cm<\/span><\/p>\n","protected":false},"featured_media":19446,"template":"","meta":{"_joinchat":[]},"product_brand":[],"product_cat":[93],"product_tag":[],"class_list":{"0":"post-19367","1":"product","2":"type-product","3":"status-publish","4":"has-post-thumbnail","6":"product_cat-utensilios-para-cozinha","8":"first","9":"outofstock","10":"shipping-taxable","11":"product-type-simple"},"_links":{"self":[{"href":"https:\/\/www.multicasa.com.br\/inicio\/wp-json\/wp\/v2\/product\/19367","targetHints":{"allow":["GET"]}}],"collection":[{"href":"https:\/\/www.multicasa.com.br\/inicio\/wp-json\/wp\/v2\/product"}],"about":[{"href":"https:\/\/www.multicasa.com.br\/inicio\/wp-json\/wp\/v2\/types\/product"}],"wp:featuredmedia":[{"embeddable":true,"href":"https:\/\/www.multicasa.com.br\/inicio\/wp-json\/wp\/v2\/media\/19446"}],"wp:attachment":[{"href":"https:\/\/www.multicasa.com.br\/inicio\/wp-json\/wp\/v2\/media?parent=19367"}],"wp:term":[{"taxonomy":"product_brand","embeddable":true,"href":"https:\/\/www.multicasa.com.br\/inicio\/wp-json\/wp\/v2\/product_brand?post=19367"},{"taxonomy":"product_cat","embeddable":true,"href":"https:\/\/www.multicasa.com.br\/inicio\/wp-json\/wp\/v2\/product_cat?post=19367"},{"taxonomy":"product_tag","embeddable":true,"href":"https:\/\/www.multicasa.com.br\/inicio\/wp-json\/wp\/v2\/product_tag?post=19367"}],"curies":[{"name":"wp","href":"https:\/\/api.w.org\/{rel}","templated":true}]}}