{"id":19385,"date":"2025-06-20T19:46:29","date_gmt":"2025-06-20T23:46:29","guid":{"rendered":"https:\/\/www.multicasa.com.br\/inicio\/?post_type=product&#038;p=19385"},"modified":"2025-12-16T18:27:44","modified_gmt":"2025-12-16T22:27:44","slug":"telefone-interfone-com-teclado-centrix-branco-hdl","status":"publish","type":"product","link":"https:\/\/www.multicasa.com.br\/inicio\/produto\/telefone-interfone-com-teclado-centrix-branco-hdl\/","title":{"rendered":"Telefone Interfone com Teclado Centrix Branco HDL"},"content":{"rendered":"<p>Use o telefone interfone com teclado centrix branco HDL para ganhar praticidade com a comunica\u00e7\u00e3o di\u00e1ria. Com design pr\u00e1tico e moderno, combina com qualquer ambiente e pode ser instalado com facilidade na parede ou em mesas. Possui fun\u00e7\u00e3o redial, ajustes de capainha, mute e flash. Ideal para ter em casa ou no escrit\u00f3rio.<\/p>\n","protected":false},"excerpt":{"rendered":"<h4 style=\"margin: 0px;padding: 0px 0px 16px;font-family: Lato, sans-serif;font-weight: bold;line-height: 3rem;color: var(--dark-grey3);font-size: 22px;font-style: normal;letter-spacing: normal;text-align: start;text-indent: 0px;text-transform: none\">Informa\u00e7\u00f5es t\u00e9cnicas<\/h4>\n<p><span style=\"margin: 0px;padding: 0px;font-weight: 450;font-size: 14px;line-height: 21px;color: var(--dark-grey2);font-family: Lato, sans-serif;font-style: normal;letter-spacing: normal;text-align: start;text-indent: 0px;text-transform: none\">Produto: Telefone Interfone<br \/>\nMarca: Elgin<br \/>\nModelo: Centrix<br \/>\nMaterial: Pl\u00e1stico Abs<br \/>\nCor: Branco<br \/>\nFrequ\u00eancia: 60HZ<br \/>\nCaracter\u00edsticas: Campainha com ajuste de intensidade<br \/>\nFun\u00e7\u00e3o mudo<br \/>\nFun\u00e7\u00e3o Redial<br \/>\nFun\u00e7\u00e3o Flash<br \/>\nPode ser instalado na parede ou em caixa 4&#215;2?<br \/>\nItens inclusos: 1 Telefone Interfone<br \/>\nDimens\u00f5es do produto (A X L X P): 19,5 x 7,5 x 6,5cm<br \/>\nGarantia: 1 ano pelo fabricante<\/span><\/p>\n","protected":false},"featured_media":19452,"template":"","meta":{"_joinchat":[]},"product_brand":[],"product_cat":[161],"product_tag":[],"class_list":{"0":"post-19385","1":"product","2":"type-product","3":"status-publish","4":"has-post-thumbnail","6":"product_cat-seguranca","8":"first","9":"outofstock","10":"shipping-taxable","11":"product-type-simple"},"_links":{"self":[{"href":"https:\/\/www.multicasa.com.br\/inicio\/wp-json\/wp\/v2\/product\/19385","targetHints":{"allow":["GET"]}}],"collection":[{"href":"https:\/\/www.multicasa.com.br\/inicio\/wp-json\/wp\/v2\/product"}],"about":[{"href":"https:\/\/www.multicasa.com.br\/inicio\/wp-json\/wp\/v2\/types\/product"}],"wp:featuredmedia":[{"embeddable":true,"href":"https:\/\/www.multicasa.com.br\/inicio\/wp-json\/wp\/v2\/media\/19452"}],"wp:attachment":[{"href":"https:\/\/www.multicasa.com.br\/inicio\/wp-json\/wp\/v2\/media?parent=19385"}],"wp:term":[{"taxonomy":"product_brand","embeddable":true,"href":"https:\/\/www.multicasa.com.br\/inicio\/wp-json\/wp\/v2\/product_brand?post=19385"},{"taxonomy":"product_cat","embeddable":true,"href":"https:\/\/www.multicasa.com.br\/inicio\/wp-json\/wp\/v2\/product_cat?post=19385"},{"taxonomy":"product_tag","embeddable":true,"href":"https:\/\/www.multicasa.com.br\/inicio\/wp-json\/wp\/v2\/product_tag?post=19385"}],"curies":[{"name":"wp","href":"https:\/\/api.w.org\/{rel}","templated":true}]}}