{"id":19388,"date":"2025-06-20T19:46:30","date_gmt":"2025-06-20T23:46:30","guid":{"rendered":"https:\/\/www.multicasa.com.br\/inicio\/?post_type=product&#038;p=19388"},"modified":"2025-12-16T18:27:54","modified_gmt":"2025-12-16T22:27:54","slug":"coqueteleira-de-inox-para-drink-milk-500ml","status":"publish","type":"product","link":"https:\/\/www.multicasa.com.br\/inicio\/produto\/coqueteleira-de-inox-para-drink-milk-500ml\/","title":{"rendered":"Coqueteleira de Inox para Drink Milk 500ml"},"content":{"rendered":"<p>Prepare drinks e outras bebidas com a Coqueteleira de Inox da Milk. Com capacidade de 500ml e material inoxid\u00e1vel, n\u00e3o enferruja, \u00e9 altamente dur\u00e1vel e de f\u00e1cil higieniza\u00e7\u00e3o. O acabamento de alto brilho proporciona beleza e sofistica\u00e7\u00e3o. Acompanha copo, aparador de gelo e tampa.<\/p>\n","protected":false},"excerpt":{"rendered":"<h4 style=\"margin: 0px;padding: 0px 0px 16px;font-family: Lato, sans-serif;font-weight: bold;line-height: 3rem;color: var(--dark-grey3);font-size: 22px;font-style: normal;letter-spacing: normal;text-align: start;text-indent: 0px;text-transform: none\">Informa\u00e7\u00f5es t\u00e9cnicas<\/h4>\n<p><span style=\"margin: 0px;padding: 0px;font-weight: 450;font-size: 14px;line-height: 21px;color: var(--dark-grey2);font-family: Lato, sans-serif;font-style: normal;letter-spacing: normal;text-align: start;text-indent: 0px;text-transform: none\">Produto: Coqueteleira para Drink<br \/>\nMarca: Milk<br \/>\nMaterial: Inox<br \/>\nCor: Prata<br \/>\nCapacidade: 500ml<br \/>\nQuantidade de Pe\u00e7as: 3<br \/>\nItens inclusos: 1 Copo<br \/>\n1 aparador de gelo<br \/>\n1 tampa<br \/>\nDimens\u00f5es do produto (A x L): 12 x 8,5cm<\/span><\/p>\n","protected":false},"featured_media":19457,"template":"","meta":{"_joinchat":[]},"product_brand":[],"product_cat":[93],"product_tag":[],"class_list":{"0":"post-19388","1":"product","2":"type-product","3":"status-publish","4":"has-post-thumbnail","6":"product_cat-utensilios-para-cozinha","8":"first","9":"outofstock","10":"shipping-taxable","11":"purchasable","12":"product-type-simple"},"_links":{"self":[{"href":"https:\/\/www.multicasa.com.br\/inicio\/wp-json\/wp\/v2\/product\/19388","targetHints":{"allow":["GET"]}}],"collection":[{"href":"https:\/\/www.multicasa.com.br\/inicio\/wp-json\/wp\/v2\/product"}],"about":[{"href":"https:\/\/www.multicasa.com.br\/inicio\/wp-json\/wp\/v2\/types\/product"}],"wp:featuredmedia":[{"embeddable":true,"href":"https:\/\/www.multicasa.com.br\/inicio\/wp-json\/wp\/v2\/media\/19457"}],"wp:attachment":[{"href":"https:\/\/www.multicasa.com.br\/inicio\/wp-json\/wp\/v2\/media?parent=19388"}],"wp:term":[{"taxonomy":"product_brand","embeddable":true,"href":"https:\/\/www.multicasa.com.br\/inicio\/wp-json\/wp\/v2\/product_brand?post=19388"},{"taxonomy":"product_cat","embeddable":true,"href":"https:\/\/www.multicasa.com.br\/inicio\/wp-json\/wp\/v2\/product_cat?post=19388"},{"taxonomy":"product_tag","embeddable":true,"href":"https:\/\/www.multicasa.com.br\/inicio\/wp-json\/wp\/v2\/product_tag?post=19388"}],"curies":[{"name":"wp","href":"https:\/\/api.w.org\/{rel}","templated":true}]}}