{"id":19390,"date":"2025-06-20T19:46:30","date_gmt":"2025-06-20T23:46:30","guid":{"rendered":"https:\/\/www.multicasa.com.br\/inicio\/?post_type=product&#038;p=19390"},"modified":"2025-12-16T18:28:05","modified_gmt":"2025-12-16T22:28:05","slug":"sensor-de-presenca-de-teto-para-iluminacao-360-key-west","status":"publish","type":"product","link":"https:\/\/www.multicasa.com.br\/inicio\/produto\/sensor-de-presenca-de-teto-para-iluminacao-360-key-west\/","title":{"rendered":"Sensor de Presen\u00e7a de Teto para Ilumina\u00e7\u00e3o 360\u00b0 Key West"},"content":{"rendered":"<p>Com o Sensor de Presen\u00e7a de Teto Key West, voc\u00ea poder\u00e1 ter mais seguran\u00e7a em ambientes escuros como escadas. Bivolt, funciona com qualquer l\u00e2mpadas de bocal E27 e sua fotoc\u00e9lula regul\u00e1vel acende quando h\u00e1 movimento no lugar, apagando automaticamente na aus\u00eancia de movimento. Seu m\u00e9todo de detec\u00e7\u00e3o \u00e9 infravermelho com alcance de 4 metros de altura numa angula\u00e7\u00e3o de 360\u00b0 e temporizador com m\u00ednimo de 10 segundos e m\u00e1ximo de 5 minuto. A solu\u00e7\u00e3o \u00fatil e econ\u00f4mica para lugares com baixa ilumina\u00e7\u00e3o e tr\u00e2nsito espor\u00e1dico.<\/p>\n","protected":false},"excerpt":{"rendered":"<h4 style=\"margin: 0px;padding: 0px 0px 16px;font-family: Lato, sans-serif;font-weight: bold;line-height: 3rem;color: var(--dark-grey3);font-size: 22px;font-style: normal;letter-spacing: normal;text-align: start;text-indent: 0px;text-transform: none\">Informa\u00e7\u00f5es t\u00e9cnicas<\/h4>\n<p><span style=\"margin: 0px;padding: 0px;font-weight: 450;font-size: 14px;line-height: 21px;color: var(--dark-grey2);font-family: Lato, sans-serif;font-style: normal;letter-spacing: normal;text-align: start;text-indent: 0px;text-transform: none\">Produto: Sensor de presen\u00e7a<br \/>\nMarca: Key West<br \/>\nMaterial: Pl\u00e1stico<br \/>\nCor: Branca<br \/>\nPot\u00eancia: L\u00e2mpadas de at\u00e9 60w<br \/>\nTens\u00e3o el\u00e9trica: 127 &#8211; 220v<br \/>\nCaracter\u00edsticas: Pode ser regulado para ligar somente a noite<br \/>\nPode ser usado com l\u00e2mpadas fluorescente ou incandescentes<br \/>\nTemporizador m\u00ednimo 10s e m\u00e1ximo 5m<br \/>\nAlcance de 4m a uma altura de 2 a 3m<br \/>\nSoquete E27<br \/>\nFaixa de detec\u00e7\u00e3o de \u00e2ngulo 360\u00b0<br \/>\nM\u00e9todo de detec\u00e7\u00e3o infravermelho<br \/>\nItens Inclusos: 1 sensor de presen\u00e7a<br \/>\nDimens\u00f5es (A X L): 19 x 13cm<\/p>\n<p><\/span><\/p>\n","protected":false},"featured_media":19471,"template":"","meta":{"_joinchat":[]},"product_brand":[],"product_cat":[161],"product_tag":[],"class_list":{"0":"post-19390","1":"product","2":"type-product","3":"status-publish","4":"has-post-thumbnail","6":"product_cat-seguranca","8":"first","9":"outofstock","10":"shipping-taxable","11":"purchasable","12":"product-type-simple"},"_links":{"self":[{"href":"https:\/\/www.multicasa.com.br\/inicio\/wp-json\/wp\/v2\/product\/19390","targetHints":{"allow":["GET"]}}],"collection":[{"href":"https:\/\/www.multicasa.com.br\/inicio\/wp-json\/wp\/v2\/product"}],"about":[{"href":"https:\/\/www.multicasa.com.br\/inicio\/wp-json\/wp\/v2\/types\/product"}],"wp:featuredmedia":[{"embeddable":true,"href":"https:\/\/www.multicasa.com.br\/inicio\/wp-json\/wp\/v2\/media\/19471"}],"wp:attachment":[{"href":"https:\/\/www.multicasa.com.br\/inicio\/wp-json\/wp\/v2\/media?parent=19390"}],"wp:term":[{"taxonomy":"product_brand","embeddable":true,"href":"https:\/\/www.multicasa.com.br\/inicio\/wp-json\/wp\/v2\/product_brand?post=19390"},{"taxonomy":"product_cat","embeddable":true,"href":"https:\/\/www.multicasa.com.br\/inicio\/wp-json\/wp\/v2\/product_cat?post=19390"},{"taxonomy":"product_tag","embeddable":true,"href":"https:\/\/www.multicasa.com.br\/inicio\/wp-json\/wp\/v2\/product_tag?post=19390"}],"curies":[{"name":"wp","href":"https:\/\/api.w.org\/{rel}","templated":true}]}}