{"id":19393,"date":"2025-06-20T19:46:30","date_gmt":"2025-06-20T23:46:30","guid":{"rendered":"https:\/\/www.multicasa.com.br\/inicio\/?post_type=product&#038;p=19393"},"modified":"2025-12-16T18:27:44","modified_gmt":"2025-12-16T22:27:44","slug":"espremedor-de-limao-em-aluminio-uny-home","status":"publish","type":"product","link":"https:\/\/www.multicasa.com.br\/inicio\/produto\/espremedor-de-limao-em-aluminio-uny-home\/","title":{"rendered":"Espremedor de Lim\u00e3o em Alum\u00ednio Uny Home"},"content":{"rendered":"<p>Espremedor de Lim\u00e3o Uny Home em Alum\u00ednio maci\u00e7o de alta resist\u00eancia e acabamento moderno com pintura colorida. \u00c9 extremamente resistente e n\u00e3o enferruja. Utens\u00edlio indispens\u00e1vel na cozinha, al\u00e9m de design moderno e divertido!<\/p>\n","protected":false},"excerpt":{"rendered":"<h4 style=\"margin: 0px;padding: 0px 0px 16px;font-family: Lato, sans-serif;font-weight: bold;line-height: 3rem;color: var(--dark-grey3);font-size: 22px;font-style: normal;letter-spacing: normal;text-align: start;text-indent: 0px;text-transform: none\">Informa\u00e7\u00f5es t\u00e9cnicas<\/h4>\n<p><span style=\"margin: 0px;padding: 0px;font-weight: 450;font-size: 14px;line-height: 21px;color: var(--dark-grey2);font-family: Lato, sans-serif;font-style: normal;letter-spacing: normal;text-align: start;text-indent: 0px;text-transform: none\">Produto: Espremedor de lim\u00e3o<br \/>\nMarca: Uny Home<br \/>\nMaterial: Alum\u00ednio<br \/>\nCor: Amarelo<br \/>\nCaracter\u00edsticas: Pintura colorida<br \/>\nItens Inclusos: 1 espremedor de lim\u00e3o<br \/>\nDimens\u00f5es do produto (A x L): 5 x 22cm<\/span><\/p>\n","protected":false},"featured_media":19475,"template":"","meta":{"_joinchat":[]},"product_brand":[],"product_cat":[93],"product_tag":[],"class_list":{"0":"post-19393","1":"product","2":"type-product","3":"status-publish","4":"has-post-thumbnail","6":"product_cat-utensilios-para-cozinha","8":"first","9":"outofstock","10":"shipping-taxable","11":"product-type-simple"},"_links":{"self":[{"href":"https:\/\/www.multicasa.com.br\/inicio\/wp-json\/wp\/v2\/product\/19393","targetHints":{"allow":["GET"]}}],"collection":[{"href":"https:\/\/www.multicasa.com.br\/inicio\/wp-json\/wp\/v2\/product"}],"about":[{"href":"https:\/\/www.multicasa.com.br\/inicio\/wp-json\/wp\/v2\/types\/product"}],"wp:featuredmedia":[{"embeddable":true,"href":"https:\/\/www.multicasa.com.br\/inicio\/wp-json\/wp\/v2\/media\/19475"}],"wp:attachment":[{"href":"https:\/\/www.multicasa.com.br\/inicio\/wp-json\/wp\/v2\/media?parent=19393"}],"wp:term":[{"taxonomy":"product_brand","embeddable":true,"href":"https:\/\/www.multicasa.com.br\/inicio\/wp-json\/wp\/v2\/product_brand?post=19393"},{"taxonomy":"product_cat","embeddable":true,"href":"https:\/\/www.multicasa.com.br\/inicio\/wp-json\/wp\/v2\/product_cat?post=19393"},{"taxonomy":"product_tag","embeddable":true,"href":"https:\/\/www.multicasa.com.br\/inicio\/wp-json\/wp\/v2\/product_tag?post=19393"}],"curies":[{"name":"wp","href":"https:\/\/api.w.org\/{rel}","templated":true}]}}