{"id":19396,"date":"2025-06-20T19:46:31","date_gmt":"2025-06-20T23:46:31","guid":{"rendered":"https:\/\/www.multicasa.com.br\/inicio\/?post_type=product&#038;p=19396"},"modified":"2025-06-23T10:28:02","modified_gmt":"2025-06-23T14:28:02","slug":"porta-guardanapo-de-acrilico-com-tampa-incolor-acrylic-line","status":"publish","type":"product","link":"https:\/\/www.multicasa.com.br\/inicio\/produto\/porta-guardanapo-de-acrilico-com-tampa-incolor-acrylic-line\/","title":{"rendered":"Porta Guardanapo de Acr\u00edlico com Tampa Incolor Acrylic Line"},"content":{"rendered":"<p>Ideal para guardanapos pequenos, este Porta Guardanapo com Tampa da Acrylic Line \u00e9 indicado para quem busca ainda mais higiene quando o assunto \u00e9 alimenta\u00e7\u00e3o. Feito de acr\u00edlico incolor, transmite a sensa\u00e7\u00e3o de limpeza quando na mesa ou bancada. Com dimens\u00f5es de 13 x 13 x 3,7 cm, tem f\u00e1cil higieniza\u00e7\u00e3o.<\/p>\n","protected":false},"excerpt":{"rendered":"<h4 style=\"margin: 0px;padding: 0px 0px 16px;font-family: Lato, sans-serif;font-weight: bold;line-height: 3rem;color: var(--dark-grey3);font-size: 22px;font-style: normal;letter-spacing: normal;text-align: start;text-indent: 0px;text-transform: none\">Informa\u00e7\u00f5es t\u00e9cnicas<\/h4>\n<p><span style=\"margin: 0px;padding: 0px;font-weight: 450;font-size: 14px;line-height: 21px;color: var(--dark-grey2);font-family: Lato, sans-serif;font-style: normal;letter-spacing: normal;text-align: start;text-indent: 0px;text-transform: none\">Produto: Porta Guardanapo<br \/>\nMarca: Acrylic<br \/>\nMaterial: Acrilico<br \/>\nCor: Incolor<br \/>\nItens inclusos: 1 Porta guardanapo<br \/>\nDimens\u00f5es do produto (A x L x P): 13 x 13 x 3,7cm<br \/>\n<\/span><\/p>\n","protected":false},"featured_media":25777,"template":"","meta":{"_joinchat":[]},"product_brand":[],"product_cat":[93],"product_tag":[],"class_list":{"0":"post-19396","1":"product","2":"type-product","3":"status-publish","4":"has-post-thumbnail","6":"product_cat-utensilios-para-cozinha","8":"first","9":"outofstock","10":"shipping-taxable","11":"product-type-simple"},"_links":{"self":[{"href":"https:\/\/www.multicasa.com.br\/inicio\/wp-json\/wp\/v2\/product\/19396","targetHints":{"allow":["GET"]}}],"collection":[{"href":"https:\/\/www.multicasa.com.br\/inicio\/wp-json\/wp\/v2\/product"}],"about":[{"href":"https:\/\/www.multicasa.com.br\/inicio\/wp-json\/wp\/v2\/types\/product"}],"wp:featuredmedia":[{"embeddable":true,"href":"https:\/\/www.multicasa.com.br\/inicio\/wp-json\/wp\/v2\/media\/25777"}],"wp:attachment":[{"href":"https:\/\/www.multicasa.com.br\/inicio\/wp-json\/wp\/v2\/media?parent=19396"}],"wp:term":[{"taxonomy":"product_brand","embeddable":true,"href":"https:\/\/www.multicasa.com.br\/inicio\/wp-json\/wp\/v2\/product_brand?post=19396"},{"taxonomy":"product_cat","embeddable":true,"href":"https:\/\/www.multicasa.com.br\/inicio\/wp-json\/wp\/v2\/product_cat?post=19396"},{"taxonomy":"product_tag","embeddable":true,"href":"https:\/\/www.multicasa.com.br\/inicio\/wp-json\/wp\/v2\/product_tag?post=19396"}],"curies":[{"name":"wp","href":"https:\/\/api.w.org\/{rel}","templated":true}]}}