{"id":19440,"date":"2025-06-20T19:47:19","date_gmt":"2025-06-20T23:47:19","guid":{"rendered":"https:\/\/www.multicasa.com.br\/inicio\/?post_type=product&#038;p=19440"},"modified":"2025-06-20T19:48:13","modified_gmt":"2025-06-20T23:48:13","slug":"placa-de-feltro-adesivo-branco-betters-48-x-24-cm","status":"publish","type":"product","link":"https:\/\/www.multicasa.com.br\/inicio\/produto\/placa-de-feltro-adesivo-branco-betters-48-x-24-cm\/","title":{"rendered":"Placa de Feltro Adesivo Branco Betters 48 x 24 cm"},"content":{"rendered":"<p>Use a placa de feltro adesivo Betters para proteger pisos, paredes e m\u00f3veis em \u00e1reas grandes. De cor branca, mede 48 x 24 x 0,3 cm, pode ser recortada no formato e dimens\u00e3o que voc\u00ea precisar. De excelente qualidade, \u00e9 produzida sem resina e n\u00e3o risca as superf\u00edcies.<\/p>\n","protected":false},"excerpt":{"rendered":"<h4 style=\"margin: 0px;padding: 0px 0px 16px;font-family: Lato, sans-serif;font-weight: bold;line-height: 3rem;color: var(--dark-grey3);font-size: 22px;font-style: normal;letter-spacing: normal;text-align: start;text-indent: 0px;text-transform: none\">Informa\u00e7\u00f5es t\u00e9cnicas<\/h4>\n<p><span style=\"margin: 0px;padding: 0px;font-weight: 450;font-size: 14px;line-height: 21px;color: var(--dark-grey2);font-family: Lato, sans-serif;font-style: normal;letter-spacing: normal;text-align: start;text-indent: 0px;text-transform: none\"><br \/>\nProduto: Placa de Feltro Adesivo<br \/>\nMarca: Bemfixa<br \/>\nMaterial: 100% feltro<br \/>\nCor: Branco<br \/>\nCaracter\u00edsticas: Sem resina<br \/>\nN\u00e3o risca<br \/>\nItens inclusos: 1 Placa de Feltro Adesivo<br \/>\nDimens\u00f5es do produto (A X L X P): 48 x 24 x 0,3cm<br \/>\n<\/span><\/p>\n","protected":false},"featured_media":19501,"template":"","meta":{"_joinchat":[]},"product_brand":[],"product_cat":[162],"product_tag":[],"class_list":{"0":"post-19440","1":"product","2":"type-product","3":"status-publish","4":"has-post-thumbnail","6":"product_cat-colas-e-cia","8":"first","9":"outofstock","10":"shipping-taxable","11":"product-type-simple"},"_links":{"self":[{"href":"https:\/\/www.multicasa.com.br\/inicio\/wp-json\/wp\/v2\/product\/19440","targetHints":{"allow":["GET"]}}],"collection":[{"href":"https:\/\/www.multicasa.com.br\/inicio\/wp-json\/wp\/v2\/product"}],"about":[{"href":"https:\/\/www.multicasa.com.br\/inicio\/wp-json\/wp\/v2\/types\/product"}],"wp:featuredmedia":[{"embeddable":true,"href":"https:\/\/www.multicasa.com.br\/inicio\/wp-json\/wp\/v2\/media\/19501"}],"wp:attachment":[{"href":"https:\/\/www.multicasa.com.br\/inicio\/wp-json\/wp\/v2\/media?parent=19440"}],"wp:term":[{"taxonomy":"product_brand","embeddable":true,"href":"https:\/\/www.multicasa.com.br\/inicio\/wp-json\/wp\/v2\/product_brand?post=19440"},{"taxonomy":"product_cat","embeddable":true,"href":"https:\/\/www.multicasa.com.br\/inicio\/wp-json\/wp\/v2\/product_cat?post=19440"},{"taxonomy":"product_tag","embeddable":true,"href":"https:\/\/www.multicasa.com.br\/inicio\/wp-json\/wp\/v2\/product_tag?post=19440"}],"curies":[{"name":"wp","href":"https:\/\/api.w.org\/{rel}","templated":true}]}}