{"id":19465,"date":"2025-06-20T19:47:43","date_gmt":"2025-06-20T23:47:43","guid":{"rendered":"https:\/\/www.multicasa.com.br\/inicio\/?post_type=product&#038;p=19465"},"modified":"2025-12-16T18:28:53","modified_gmt":"2025-12-16T22:28:53","slug":"tampa-de-silicone-para-garrafa-de-vinho-vermelha-bono","status":"publish","type":"product","link":"https:\/\/www.multicasa.com.br\/inicio\/produto\/tampa-de-silicone-para-garrafa-de-vinho-vermelha-bono\/","title":{"rendered":"Tampa de Silicone para Garrafa de Vinho Vermelha Bono"},"content":{"rendered":"<p>A Tampa de Silicone da Bono foi feita para tampar garrafas de vinho, permitindo que a bebida permane\u00e7a conservada ap\u00f3s a degusta\u00e7\u00e3o, sem que o l\u00edquido seja exposto ao ar. Possui sistema anti-vazamento que permite que ela fique na posi\u00e7\u00e3o vertical. \u00c9 flex\u00edvel, ajustando-se perfeitamente \u00e0 boca e ao gargalo e est\u00e1 dispon\u00edvel na cor vermelha. Use a Tampa de Silicone para Garrafas de Vinho para preservar esta e outras bebidas e evitar desperd\u00edcios.<\/p>\n","protected":false},"excerpt":{"rendered":"<h4 style=\"margin: 0px;padding: 0px 0px 16px;font-family: Lato, sans-serif;font-weight: bold;line-height: 3rem;color: var(--dark-grey3);font-size: 22px;font-style: normal;letter-spacing: normal;text-align: start;text-indent: 0px;text-transform: none\">Informa\u00e7\u00f5es t\u00e9cnicas<\/h4>\n<p><span style=\"margin: 0px;padding: 0px;font-weight: 450;font-size: 14px;line-height: 21px;color: var(--dark-grey2);font-family: Lato, sans-serif;font-style: normal;letter-spacing: normal;text-align: start;text-indent: 0px;text-transform: none\">Produto: Tampa de Silicone para Garrafa<br \/>\nMarca: Bono<br \/>\nMaterial: Silicone<br \/>\nCor: Vermelha<br \/>\nCaracter\u00edsticas: Sistema anti-vazamento;<br \/>\nFlex\u00edvel;<br \/>\nPermite o armazenamento na posi\u00e7\u00e3o vertical.<br \/>\nItens Inclusos: 1 Tampa de silicone para garrafa<br \/>\nDimens\u00f5es do produto (A X L): 6,5 x 2,5cm<\/span><\/p>\n","protected":false},"featured_media":19511,"template":"","meta":{"_joinchat":[]},"product_brand":[],"product_cat":[93],"product_tag":[],"class_list":{"0":"post-19465","1":"product","2":"type-product","3":"status-publish","4":"has-post-thumbnail","6":"product_cat-utensilios-para-cozinha","8":"first","9":"outofstock","10":"shipping-taxable","11":"product-type-simple"},"_links":{"self":[{"href":"https:\/\/www.multicasa.com.br\/inicio\/wp-json\/wp\/v2\/product\/19465","targetHints":{"allow":["GET"]}}],"collection":[{"href":"https:\/\/www.multicasa.com.br\/inicio\/wp-json\/wp\/v2\/product"}],"about":[{"href":"https:\/\/www.multicasa.com.br\/inicio\/wp-json\/wp\/v2\/types\/product"}],"wp:featuredmedia":[{"embeddable":true,"href":"https:\/\/www.multicasa.com.br\/inicio\/wp-json\/wp\/v2\/media\/19511"}],"wp:attachment":[{"href":"https:\/\/www.multicasa.com.br\/inicio\/wp-json\/wp\/v2\/media?parent=19465"}],"wp:term":[{"taxonomy":"product_brand","embeddable":true,"href":"https:\/\/www.multicasa.com.br\/inicio\/wp-json\/wp\/v2\/product_brand?post=19465"},{"taxonomy":"product_cat","embeddable":true,"href":"https:\/\/www.multicasa.com.br\/inicio\/wp-json\/wp\/v2\/product_cat?post=19465"},{"taxonomy":"product_tag","embeddable":true,"href":"https:\/\/www.multicasa.com.br\/inicio\/wp-json\/wp\/v2\/product_tag?post=19465"}],"curies":[{"name":"wp","href":"https:\/\/api.w.org\/{rel}","templated":true}]}}