{"id":19466,"date":"2025-06-20T19:47:43","date_gmt":"2025-06-20T23:47:43","guid":{"rendered":"https:\/\/www.multicasa.com.br\/inicio\/?post_type=product&#038;p=19466"},"modified":"2025-12-16T18:29:01","modified_gmt":"2025-12-16T22:29:01","slug":"triturador-de-alho-em-plastico-branco-daivak","status":"publish","type":"product","link":"https:\/\/www.multicasa.com.br\/inicio\/produto\/triturador-de-alho-em-plastico-branco-daivak\/","title":{"rendered":"Triturador de Alho em Pl\u00e1stico Branco Daivak"},"content":{"rendered":"<p>Use o Triturador de Alho em Pl\u00e1stico da Daivak para picar o alho com total aproveitamento. Basta descasc\u00e1-lo, coloc\u00e1-lo dentro do recipiente, fech\u00e1-lo e girar. Em apenas alguns instantes ele estar\u00e1 pronto para uso. N\u00e3o deixa cheiro nas m\u00e3os, est\u00e1 dispon\u00edvel na cor branca. Indicado para quem busca otimizar processos na hora de cozinhar.<\/p>\n","protected":false},"excerpt":{"rendered":"<h4 style=\"margin: 0px;padding: 0px 0px 16px;font-family: Lato, sans-serif;font-weight: bold;line-height: 3rem;color: var(--dark-grey3);font-size: 22px;font-style: normal;letter-spacing: normal;text-align: start;text-indent: 0px;text-transform: none\">Informa\u00e7\u00f5es t\u00e9cnicas<\/h4>\n<p><span style=\"margin: 0px;padding: 0px;font-weight: 450;font-size: 14px;line-height: 21px;color: var(--dark-grey2);font-family: Lato, sans-serif;font-style: normal;letter-spacing: normal;text-align: start;text-indent: 0px;text-transform: none\">Produto: Triturador de Alho<br \/>\nMarca: Daivack<br \/>\nMaterial: Polipropileno<br \/>\nCor: Branco<br \/>\nCaracter\u00edsticas: Tritura o alho atrav\u00e9s de rosqueamento<br \/>\nItens Inclusos: 1 triturador de alho<br \/>\nDimens\u00f5es do produto (A X L): 4 x 8cm<\/span><\/p>\n","protected":false},"featured_media":19512,"template":"","meta":{"_joinchat":[]},"product_brand":[],"product_cat":[93],"product_tag":[],"class_list":{"0":"post-19466","1":"product","2":"type-product","3":"status-publish","4":"has-post-thumbnail","6":"product_cat-utensilios-para-cozinha","8":"first","9":"outofstock","10":"shipping-taxable","11":"product-type-simple"},"_links":{"self":[{"href":"https:\/\/www.multicasa.com.br\/inicio\/wp-json\/wp\/v2\/product\/19466","targetHints":{"allow":["GET"]}}],"collection":[{"href":"https:\/\/www.multicasa.com.br\/inicio\/wp-json\/wp\/v2\/product"}],"about":[{"href":"https:\/\/www.multicasa.com.br\/inicio\/wp-json\/wp\/v2\/types\/product"}],"wp:featuredmedia":[{"embeddable":true,"href":"https:\/\/www.multicasa.com.br\/inicio\/wp-json\/wp\/v2\/media\/19512"}],"wp:attachment":[{"href":"https:\/\/www.multicasa.com.br\/inicio\/wp-json\/wp\/v2\/media?parent=19466"}],"wp:term":[{"taxonomy":"product_brand","embeddable":true,"href":"https:\/\/www.multicasa.com.br\/inicio\/wp-json\/wp\/v2\/product_brand?post=19466"},{"taxonomy":"product_cat","embeddable":true,"href":"https:\/\/www.multicasa.com.br\/inicio\/wp-json\/wp\/v2\/product_cat?post=19466"},{"taxonomy":"product_tag","embeddable":true,"href":"https:\/\/www.multicasa.com.br\/inicio\/wp-json\/wp\/v2\/product_tag?post=19466"}],"curies":[{"name":"wp","href":"https:\/\/api.w.org\/{rel}","templated":true}]}}