{"id":19492,"date":"2025-06-20T19:48:08","date_gmt":"2025-06-20T23:48:08","guid":{"rendered":"https:\/\/www.multicasa.com.br\/inicio\/?post_type=product&#038;p=19492"},"modified":"2025-12-18T15:50:16","modified_gmt":"2025-12-18T19:50:16","slug":"fita-multiuso-silver-tape-preta-adelbras-48mm-x-5m","status":"publish","type":"product","link":"https:\/\/www.multicasa.com.br\/inicio\/produto\/fita-multiuso-silver-tape-preta-adelbras-48mm-x-5m\/","title":{"rendered":"Fita Multiuso Silver Tape Preta Adelbras 48mm x 5m"},"content":{"rendered":"<p>A Fita Adesiva refor\u00e7ada multiuso Silver Tape da Adelbras vem dispon\u00edvel na cor preta, na medida de 48mm x 5 metros. Possui m\u00faltiplas aplica\u00e7\u00f5es na \u00e1rea industrial, fixa\u00e7\u00e3o profissional, veda\u00e7\u00e3o de dutos de ar condicionado e refrigera\u00e7\u00e3o, reparos provis\u00f3rios em materiais n\u00e1uticos (botes, pranchas), trabalhos de manuten\u00e7\u00e3o, emendas e refor\u00e7os.<\/p>\n","protected":false},"excerpt":{"rendered":"<h4 style=\"margin: 0px;padding: 0px 0px 16px;font-family: Lato, sans-serif;font-weight: bold;line-height: 3rem;color: var(--dark-grey3);font-size: 22px;font-style: normal;letter-spacing: normal;text-align: start;text-indent: 0px;text-transform: none\">Informa\u00e7\u00f5es t\u00e9cnicas<\/h4>\n<p><span style=\"margin: 0px;padding: 0px;font-weight: 450;font-size: 14px;line-height: 21px;color: var(--dark-grey2);font-family: Lato, sans-serif;font-style: normal;letter-spacing: normal;text-align: start;text-indent: 0px;text-transform: none\">Produto: Fita Adesiva<br \/>\nMarca: Adelbras<br \/>\nMaterial: Filme de polietileno refor\u00e7ado com tecido laminado de algod\u00e3o, cobertocom adesivos \u00e0 base de borracha.<br \/>\nCor: Preta<br \/>\nCaracter\u00edsticas: Multiuso<br \/>\nItens Inclusos: 1 Fita adesiva<br \/>\nDimens\u00f5es do produto (A X C): 48mm x 5m<br \/>\nPeso: 0,076kg<\/span><\/p>\n","protected":false},"featured_media":19540,"template":"","meta":{"_joinchat":[]},"product_brand":[],"product_cat":[162],"product_tag":[],"class_list":{"0":"post-19492","1":"product","2":"type-product","3":"status-publish","4":"has-post-thumbnail","6":"product_cat-colas-e-cia","8":"first","9":"outofstock","10":"shipping-taxable","11":"purchasable","12":"product-type-simple"},"_links":{"self":[{"href":"https:\/\/www.multicasa.com.br\/inicio\/wp-json\/wp\/v2\/product\/19492","targetHints":{"allow":["GET"]}}],"collection":[{"href":"https:\/\/www.multicasa.com.br\/inicio\/wp-json\/wp\/v2\/product"}],"about":[{"href":"https:\/\/www.multicasa.com.br\/inicio\/wp-json\/wp\/v2\/types\/product"}],"wp:featuredmedia":[{"embeddable":true,"href":"https:\/\/www.multicasa.com.br\/inicio\/wp-json\/wp\/v2\/media\/19540"}],"wp:attachment":[{"href":"https:\/\/www.multicasa.com.br\/inicio\/wp-json\/wp\/v2\/media?parent=19492"}],"wp:term":[{"taxonomy":"product_brand","embeddable":true,"href":"https:\/\/www.multicasa.com.br\/inicio\/wp-json\/wp\/v2\/product_brand?post=19492"},{"taxonomy":"product_cat","embeddable":true,"href":"https:\/\/www.multicasa.com.br\/inicio\/wp-json\/wp\/v2\/product_cat?post=19492"},{"taxonomy":"product_tag","embeddable":true,"href":"https:\/\/www.multicasa.com.br\/inicio\/wp-json\/wp\/v2\/product_tag?post=19492"}],"curies":[{"name":"wp","href":"https:\/\/api.w.org\/{rel}","templated":true}]}}