{"id":19494,"date":"2025-06-20T19:48:08","date_gmt":"2025-06-20T23:48:08","guid":{"rendered":"https:\/\/www.multicasa.com.br\/inicio\/?post_type=product&#038;p=19494"},"modified":"2025-06-20T19:48:57","modified_gmt":"2025-06-20T23:48:57","slug":"refil-de-cola-quente-fina-rendicolla-112mm-6-unidades","status":"publish","type":"product","link":"https:\/\/www.multicasa.com.br\/inicio\/produto\/refil-de-cola-quente-fina-rendicolla-112mm-6-unidades\/","title":{"rendered":"Refil de Cola Quente Fina Rendicolla 11,2mm &#8211; 6 Unidades"},"content":{"rendered":"<p>Refil de Cola Quente Fina Rendicolla, cola bast\u00e3o semi transparente, de alta qualidade, possuindo uma secagem super r\u00e1pida e sendo ideal para diversos tipos de superf\u00edcies como por exemplo madeira, couro, papel, pl\u00e1stico, cer\u00e2mica entre outros.<br \/>\nPossui 11,2mm por 30cm e vem com 6 unidades na embalagem.<\/p>\n","protected":false},"excerpt":{"rendered":"<h4 style=\"margin: 0px;padding: 0px 0px 16px;font-family: Lato, sans-serif;font-weight: bold;line-height: 3rem;color: var(--dark-grey3);font-size: 22px;font-style: normal;letter-spacing: normal;text-align: start;text-indent: 0px;text-transform: none\">Informa\u00e7\u00f5es t\u00e9cnicas<\/h4>\n<p><span style=\"margin: 0px;padding: 0px;font-weight: 450;font-size: 14px;line-height: 21px;color: var(--dark-grey2);font-family: Lato, sans-serif;font-style: normal;letter-spacing: normal;text-align: start;text-indent: 0px;text-transform: none\">Produto: Refil de Cola Quente<br \/>\nTipo: Fina<br \/>\nMarca: Rendicolla<br \/>\nComposi\u00e7\u00e3o: Termopl\u00e1sticos de engenharia<br \/>\nCaracter\u00edsticas: Semi transparente<br \/>\nSecagem r\u00e1pida<br \/>\nItens Inclusos: 6 bast\u00f5es de cola quente<br \/>\nDimens\u00f5es do produto (A X L): 30cm x 11,2mm<br \/>\n<\/span><\/p>\n","protected":false},"featured_media":19554,"template":"","meta":{"_joinchat":[]},"product_brand":[],"product_cat":[162],"product_tag":[],"class_list":{"0":"post-19494","1":"product","2":"type-product","3":"status-publish","4":"has-post-thumbnail","6":"product_cat-colas-e-cia","8":"first","9":"outofstock","10":"shipping-taxable","11":"product-type-simple"},"_links":{"self":[{"href":"https:\/\/www.multicasa.com.br\/inicio\/wp-json\/wp\/v2\/product\/19494","targetHints":{"allow":["GET"]}}],"collection":[{"href":"https:\/\/www.multicasa.com.br\/inicio\/wp-json\/wp\/v2\/product"}],"about":[{"href":"https:\/\/www.multicasa.com.br\/inicio\/wp-json\/wp\/v2\/types\/product"}],"wp:featuredmedia":[{"embeddable":true,"href":"https:\/\/www.multicasa.com.br\/inicio\/wp-json\/wp\/v2\/media\/19554"}],"wp:attachment":[{"href":"https:\/\/www.multicasa.com.br\/inicio\/wp-json\/wp\/v2\/media?parent=19494"}],"wp:term":[{"taxonomy":"product_brand","embeddable":true,"href":"https:\/\/www.multicasa.com.br\/inicio\/wp-json\/wp\/v2\/product_brand?post=19494"},{"taxonomy":"product_cat","embeddable":true,"href":"https:\/\/www.multicasa.com.br\/inicio\/wp-json\/wp\/v2\/product_cat?post=19494"},{"taxonomy":"product_tag","embeddable":true,"href":"https:\/\/www.multicasa.com.br\/inicio\/wp-json\/wp\/v2\/product_tag?post=19494"}],"curies":[{"name":"wp","href":"https:\/\/api.w.org\/{rel}","templated":true}]}}