{"id":19496,"date":"2025-06-20T19:48:08","date_gmt":"2025-06-20T23:48:08","guid":{"rendered":"https:\/\/www.multicasa.com.br\/inicio\/?post_type=product&#038;p=19496"},"modified":"2025-06-20T19:49:01","modified_gmt":"2025-06-20T23:49:01","slug":"cola-de-silicone-liquida-rendicolla-30g","status":"publish","type":"product","link":"https:\/\/www.multicasa.com.br\/inicio\/produto\/cola-de-silicone-liquida-rendicolla-30g\/","title":{"rendered":"Cola de Silicone L\u00edquida Rendicolla 30g"},"content":{"rendered":"<p>Ganhe facilidade no dia-a-dia usando a cola de silicone l\u00edquida Rendicolla. Feita de acetato de polvilina, metanol e aditivos, \u00e9 ideal para trabalhos manuais e colagens em panos, pap\u00e9is, espumas, madeiras e outros materiais. Para melhores resultados, aplique a cola de silicone em superf\u00edcies limpas e pressione por 30 segundos, esperando a secagem por 5 minutos. Esta embalagem cont\u00e9m 30g de cola transparente que deve ser usada em lugares ventilados por causa de sua composi\u00e7\u00e3o.<\/p>\n","protected":false},"excerpt":{"rendered":"<h4 style=\"margin: 0px;padding: 0px 0px 16px;font-family: Lato, sans-serif;font-weight: bold;line-height: 3rem;color: var(--dark-grey3);font-size: 22px;font-style: normal;letter-spacing: normal;text-align: start;text-indent: 0px;text-transform: none\">Informa\u00e7\u00f5es t\u00e9cnicas<\/h4>\n<p><span style=\"margin: 0px;padding: 0px;font-weight: 450;font-size: 14px;line-height: 21px;color: var(--dark-grey2);font-family: Lato, sans-serif;font-style: normal;letter-spacing: normal;text-align: start;text-indent: 0px;text-transform: none\">Produto: Cola L\u00edquida<br \/>\nMarca: Rendicolla<br \/>\nComposi\u00e7\u00e3o: Acetato de polivinila<br \/>\nEtanol<br \/>\nAditivo<br \/>\nConte\u00fado: 30g<br \/>\nCaracter\u00edsticas: Transparente<br \/>\nUsar em ambientes ventilados<br \/>\nItens inclusos: 1 Cola L\u00edquida<br \/>\n<\/span><\/p>\n","protected":false},"featured_media":19557,"template":"","meta":{"_joinchat":[]},"product_brand":[],"product_cat":[162],"product_tag":[],"class_list":{"0":"post-19496","1":"product","2":"type-product","3":"status-publish","4":"has-post-thumbnail","6":"product_cat-colas-e-cia","8":"first","9":"outofstock","10":"shipping-taxable","11":"product-type-simple"},"_links":{"self":[{"href":"https:\/\/www.multicasa.com.br\/inicio\/wp-json\/wp\/v2\/product\/19496","targetHints":{"allow":["GET"]}}],"collection":[{"href":"https:\/\/www.multicasa.com.br\/inicio\/wp-json\/wp\/v2\/product"}],"about":[{"href":"https:\/\/www.multicasa.com.br\/inicio\/wp-json\/wp\/v2\/types\/product"}],"wp:featuredmedia":[{"embeddable":true,"href":"https:\/\/www.multicasa.com.br\/inicio\/wp-json\/wp\/v2\/media\/19557"}],"wp:attachment":[{"href":"https:\/\/www.multicasa.com.br\/inicio\/wp-json\/wp\/v2\/media?parent=19496"}],"wp:term":[{"taxonomy":"product_brand","embeddable":true,"href":"https:\/\/www.multicasa.com.br\/inicio\/wp-json\/wp\/v2\/product_brand?post=19496"},{"taxonomy":"product_cat","embeddable":true,"href":"https:\/\/www.multicasa.com.br\/inicio\/wp-json\/wp\/v2\/product_cat?post=19496"},{"taxonomy":"product_tag","embeddable":true,"href":"https:\/\/www.multicasa.com.br\/inicio\/wp-json\/wp\/v2\/product_tag?post=19496"}],"curies":[{"name":"wp","href":"https:\/\/api.w.org\/{rel}","templated":true}]}}