{"id":19498,"date":"2025-06-20T19:48:09","date_gmt":"2025-06-20T23:48:09","guid":{"rendered":"https:\/\/www.multicasa.com.br\/inicio\/?post_type=product&#038;p=19498"},"modified":"2025-06-20T19:49:04","modified_gmt":"2025-06-20T23:49:04","slug":"acucareiro-de-vidro-casambiente-200ml","status":"publish","type":"product","link":"https:\/\/www.multicasa.com.br\/inicio\/produto\/acucareiro-de-vidro-casambiente-200ml\/","title":{"rendered":"A\u00e7ucareiro de Vidro Casambiente 200ml"},"content":{"rendered":"<p>O A\u00e7ucareiro de Vidro Casambiente possui bico dosador que faz toda diferen\u00e7a na hora de servir as refei\u00e7\u00f5es. Com capacidade para at\u00e9 200ml, possui recipiente de vidro e tampa de pl\u00e1stico preta. Pode ser deixado na mesa e sua higieniza\u00e7\u00e3o pode ser feita na m\u00e1quina lava-lou\u00e7a. Seu design moderno e transparente facilita a visualiza\u00e7\u00e3o do conte\u00fado.<\/p>\n","protected":false},"excerpt":{"rendered":"<h4 style=\"margin: 0px;padding: 0px 0px 16px;font-family: Lato, sans-serif;font-weight: bold;line-height: 3rem;color: var(--dark-grey3);font-size: 22px;font-style: normal;letter-spacing: normal;text-align: start;text-indent: 0px;text-transform: none\">Informa\u00e7\u00f5es t\u00e9cnicas<\/h4>\n<p><span style=\"margin: 0px;padding: 0px;font-weight: 450;font-size: 14px;line-height: 21px;color: var(--dark-grey2);font-family: Lato, sans-serif;font-style: normal;letter-spacing: normal;text-align: start;text-indent: 0px;text-transform: none\">Produto: A\u00e7ucareiro<br \/>\nMarca: Casambiente<br \/>\nMaterial: Recipiente de vidroTtampa de pl\u00e1stico<br \/>\nCor: Transparente, preto<br \/>\nCaracter\u00edsticas: Pode ir \u00e0 lava-lou\u00e7as<br \/>\nCom bico dosador<br \/>\nItens Inclusos: 1 a\u00e7ucareiro<br \/>\nDimens\u00f5es do produto: 200ml<\/span><\/p>\n","protected":false},"featured_media":19559,"template":"","meta":{"_joinchat":[]},"product_brand":[],"product_cat":[93],"product_tag":[],"class_list":{"0":"post-19498","1":"product","2":"type-product","3":"status-publish","4":"has-post-thumbnail","6":"product_cat-utensilios-para-cozinha","8":"first","9":"outofstock","10":"shipping-taxable","11":"product-type-simple"},"_links":{"self":[{"href":"https:\/\/www.multicasa.com.br\/inicio\/wp-json\/wp\/v2\/product\/19498","targetHints":{"allow":["GET"]}}],"collection":[{"href":"https:\/\/www.multicasa.com.br\/inicio\/wp-json\/wp\/v2\/product"}],"about":[{"href":"https:\/\/www.multicasa.com.br\/inicio\/wp-json\/wp\/v2\/types\/product"}],"wp:featuredmedia":[{"embeddable":true,"href":"https:\/\/www.multicasa.com.br\/inicio\/wp-json\/wp\/v2\/media\/19559"}],"wp:attachment":[{"href":"https:\/\/www.multicasa.com.br\/inicio\/wp-json\/wp\/v2\/media?parent=19498"}],"wp:term":[{"taxonomy":"product_brand","embeddable":true,"href":"https:\/\/www.multicasa.com.br\/inicio\/wp-json\/wp\/v2\/product_brand?post=19498"},{"taxonomy":"product_cat","embeddable":true,"href":"https:\/\/www.multicasa.com.br\/inicio\/wp-json\/wp\/v2\/product_cat?post=19498"},{"taxonomy":"product_tag","embeddable":true,"href":"https:\/\/www.multicasa.com.br\/inicio\/wp-json\/wp\/v2\/product_tag?post=19498"}],"curies":[{"name":"wp","href":"https:\/\/api.w.org\/{rel}","templated":true}]}}