{"id":19515,"date":"2025-06-20T19:48:31","date_gmt":"2025-06-20T23:48:31","guid":{"rendered":"https:\/\/www.multicasa.com.br\/inicio\/?post_type=product&#038;p=19515"},"modified":"2025-06-20T19:49:07","modified_gmt":"2025-06-20T23:49:07","slug":"garrafa-termica-air-pot-metalizada-invicta-1l","status":"publish","type":"product","link":"https:\/\/www.multicasa.com.br\/inicio\/produto\/garrafa-termica-air-pot-metalizada-invicta-1l\/","title":{"rendered":"Garrafa T\u00e9rmica Air Pot Metalizada Invicta 1L"},"content":{"rendered":"<p>A Garrafa T\u00e9rmica Air Pot Metalizada Invicta \u00e9 perfeita para conserva\u00e7\u00e3o de l\u00edquidos quentes e frios. Com capacidade de 1L, possui ampola de vidro e corpo de polipropileno prateado e \u00e9 perfeita para deixar sua mesa mais bonita. Possui sistema de acionamento por press\u00e3o e al\u00e7a retr\u00e1til para transporte garantindo mais praticidade e seguran\u00e7a.<\/p>\n","protected":false},"excerpt":{"rendered":"<h4 style=\"margin: 0px;padding: 0px 0px 16px;font-family: Lato, sans-serif;font-weight: bold;line-height: 3rem;color: var(--dark-grey3);font-size: 22px;font-style: normal;letter-spacing: normal;text-align: start;text-indent: 0px;text-transform: none\">Informa\u00e7\u00f5es t\u00e9cnicas<\/h4>\n<p><span style=\"margin: 0px;padding: 0px;font-weight: 450;font-size: 14px;line-height: 21px;color: var(--dark-grey2);font-family: Lato, sans-serif;font-style: normal;letter-spacing: normal;text-align: start;text-indent: 0px;text-transform: none\">Produto: Garrafa<br \/>\nTipo: T\u00e9rmica<br \/>\nMarca: Invicta<br \/>\nMaterial: PP<br \/>\nVidro<br \/>\nCor: Prata e preto<br \/>\nCapacidade: 1L<br \/>\nCaracter\u00edsticas: Possui al\u00e7a<br \/>\nItens Inclusos: 1 garrafa<br \/>\nDimens\u00f5es do produto (A x L x P): 30,5 x 14 x 11,6cm<\/span><\/p>\n","protected":false},"featured_media":19561,"template":"","meta":{"_joinchat":[]},"product_brand":[],"product_cat":[93],"product_tag":[],"class_list":{"0":"post-19515","1":"product","2":"type-product","3":"status-publish","4":"has-post-thumbnail","6":"product_cat-utensilios-para-cozinha","8":"first","9":"outofstock","10":"shipping-taxable","11":"product-type-simple"},"_links":{"self":[{"href":"https:\/\/www.multicasa.com.br\/inicio\/wp-json\/wp\/v2\/product\/19515","targetHints":{"allow":["GET"]}}],"collection":[{"href":"https:\/\/www.multicasa.com.br\/inicio\/wp-json\/wp\/v2\/product"}],"about":[{"href":"https:\/\/www.multicasa.com.br\/inicio\/wp-json\/wp\/v2\/types\/product"}],"wp:featuredmedia":[{"embeddable":true,"href":"https:\/\/www.multicasa.com.br\/inicio\/wp-json\/wp\/v2\/media\/19561"}],"wp:attachment":[{"href":"https:\/\/www.multicasa.com.br\/inicio\/wp-json\/wp\/v2\/media?parent=19515"}],"wp:term":[{"taxonomy":"product_brand","embeddable":true,"href":"https:\/\/www.multicasa.com.br\/inicio\/wp-json\/wp\/v2\/product_brand?post=19515"},{"taxonomy":"product_cat","embeddable":true,"href":"https:\/\/www.multicasa.com.br\/inicio\/wp-json\/wp\/v2\/product_cat?post=19515"},{"taxonomy":"product_tag","embeddable":true,"href":"https:\/\/www.multicasa.com.br\/inicio\/wp-json\/wp\/v2\/product_tag?post=19515"}],"curies":[{"name":"wp","href":"https:\/\/api.w.org\/{rel}","templated":true}]}}