{"id":19517,"date":"2025-06-20T19:48:31","date_gmt":"2025-06-20T23:48:31","guid":{"rendered":"https:\/\/www.multicasa.com.br\/inicio\/?post_type=product&#038;p=19517"},"modified":"2025-12-16T18:30:51","modified_gmt":"2025-12-16T22:30:51","slug":"forma-de-gelo-em-plastico-com-tampa-azul-nitronplast","status":"publish","type":"product","link":"https:\/\/www.multicasa.com.br\/inicio\/produto\/forma-de-gelo-em-plastico-com-tampa-azul-nitronplast\/","title":{"rendered":"Forma de Gelo em Pl\u00e1stico com Tampa Azul Nitronplast"},"content":{"rendered":"<p>Com a Forma de Gelo em Pl\u00e1stico Nitronplast voc\u00ea poder\u00e1 produzir gelo, congelar manteiga temperada ou polpas em geral. Fabricada em polipropileno, a forma tem espa\u00e7o para 14 pedras de gelo e possui tampa permitindo que seja empilh\u00e1vel. Material at\u00f3xico, n\u00e3o absorve odores do freezer.<\/p>\n","protected":false},"excerpt":{"rendered":"<h4 style=\"margin: 0px;padding: 0px 0px 16px;font-family: Lato, sans-serif;font-weight: bold;line-height: 3rem;color: var(--dark-grey3);font-size: 22px;font-style: normal;letter-spacing: normal;text-align: start;text-indent: 0px;text-transform: none\">Informa\u00e7\u00f5es t\u00e9cnicas<\/h4>\n<p><span style=\"margin: 0px;padding: 0px;font-weight: 450;font-size: 14px;line-height: 21px;color: var(--dark-grey2);font-family: Lato, sans-serif;font-style: normal;letter-spacing: normal;text-align: start;text-indent: 0px;text-transform: none\">Produto: Forma de gelo<br \/>\nMarca: NitronplastPlast<br \/>\nMaterial: Polipropileno<br \/>\nCor: Incolor e Azul<br \/>\nCaracter\u00edsticas: 14 divis\u00f3rias<br \/>\nPossui tampa<br \/>\nLivre de BPA<br \/>\nItens Inclusos: 1 forma de gelo<br \/>\nDimens\u00f5es do produto (A x L x P): 3,9 X 30,5 X 11,9cm<\/span><\/p>\n","protected":false},"featured_media":19573,"template":"","meta":{"_joinchat":[]},"product_brand":[],"product_cat":[93],"product_tag":[],"class_list":{"0":"post-19517","1":"product","2":"type-product","3":"status-publish","4":"has-post-thumbnail","6":"product_cat-utensilios-para-cozinha","8":"first","9":"instock","10":"shipping-taxable","11":"purchasable","12":"product-type-simple"},"_links":{"self":[{"href":"https:\/\/www.multicasa.com.br\/inicio\/wp-json\/wp\/v2\/product\/19517","targetHints":{"allow":["GET"]}}],"collection":[{"href":"https:\/\/www.multicasa.com.br\/inicio\/wp-json\/wp\/v2\/product"}],"about":[{"href":"https:\/\/www.multicasa.com.br\/inicio\/wp-json\/wp\/v2\/types\/product"}],"wp:featuredmedia":[{"embeddable":true,"href":"https:\/\/www.multicasa.com.br\/inicio\/wp-json\/wp\/v2\/media\/19573"}],"wp:attachment":[{"href":"https:\/\/www.multicasa.com.br\/inicio\/wp-json\/wp\/v2\/media?parent=19517"}],"wp:term":[{"taxonomy":"product_brand","embeddable":true,"href":"https:\/\/www.multicasa.com.br\/inicio\/wp-json\/wp\/v2\/product_brand?post=19517"},{"taxonomy":"product_cat","embeddable":true,"href":"https:\/\/www.multicasa.com.br\/inicio\/wp-json\/wp\/v2\/product_cat?post=19517"},{"taxonomy":"product_tag","embeddable":true,"href":"https:\/\/www.multicasa.com.br\/inicio\/wp-json\/wp\/v2\/product_tag?post=19517"}],"curies":[{"name":"wp","href":"https:\/\/api.w.org\/{rel}","templated":true}]}}