{"id":19519,"date":"2025-06-20T19:48:31","date_gmt":"2025-06-20T23:48:31","guid":{"rendered":"https:\/\/www.multicasa.com.br\/inicio\/?post_type=product&#038;p=19519"},"modified":"2025-12-16T18:31:04","modified_gmt":"2025-12-16T22:31:04","slug":"porta-frios-duplo-com-4-divisorias-de-plastico-incolor-nitronplast-14l","status":"publish","type":"product","link":"https:\/\/www.multicasa.com.br\/inicio\/produto\/porta-frios-duplo-com-4-divisorias-de-plastico-incolor-nitronplast-14l\/","title":{"rendered":"Porta Frios Duplo com 4 Divis\u00f3rias de Pl\u00e1stico Incolor Nitronplast 1,4L"},"content":{"rendered":"<p>Porta Frios Duplo com 4 divis\u00f3rias da Nitronplast com tampa, muito resistente e f\u00e1cil de lavar. Ideal para voc\u00ea armazenar corretamente os frios, separados, prolongando sabor e estado de conserva\u00e7\u00e3o. Produto leve, feito de pl\u00e1stico, tem dimens\u00f5es de 18 x 9 cm e capacidade m\u00e1xima para at\u00e9 1, 4 litro. Otimize espa\u00e7o na sua geladeira com este utens\u00edlio.<\/p>\n","protected":false},"excerpt":{"rendered":"<h4 style=\"margin: 0px;padding: 0px 0px 16px;font-family: Lato, sans-serif;font-weight: bold;line-height: 3rem;color: var(--dark-grey3);font-size: 22px;font-style: normal;letter-spacing: normal;text-align: start;text-indent: 0px;text-transform: none\">Informa\u00e7\u00f5es t\u00e9cnicas<\/h4>\n<p><span style=\"margin: 0px;padding: 0px;font-weight: 450;font-size: 14px;line-height: 21px;color: var(--dark-grey2);font-family: Lato, sans-serif;font-style: normal;letter-spacing: normal;text-align: start;text-indent: 0px;text-transform: none\">Produto: Porta frios<br \/>\nMarca: Nitronplast<br \/>\nMaterial: Pl\u00e1stico<br \/>\nCor: Incolor<br \/>\nCapacidade: 1,4L<br \/>\nCaracter\u00edstica: Com tampa;<br \/>\nPossui quatro divis\u00f3rias<br \/>\nItens inclusos: 1 Porta frios<br \/>\nDimens\u00f5es do produto (L x P): 9 x 18cm<\/span><\/p>\n","protected":false},"featured_media":19575,"template":"","meta":{"_joinchat":[]},"product_brand":[],"product_cat":[93],"product_tag":[],"class_list":{"0":"post-19519","1":"product","2":"type-product","3":"status-publish","4":"has-post-thumbnail","6":"product_cat-utensilios-para-cozinha","8":"first","9":"outofstock","10":"shipping-taxable","11":"product-type-simple"},"_links":{"self":[{"href":"https:\/\/www.multicasa.com.br\/inicio\/wp-json\/wp\/v2\/product\/19519","targetHints":{"allow":["GET"]}}],"collection":[{"href":"https:\/\/www.multicasa.com.br\/inicio\/wp-json\/wp\/v2\/product"}],"about":[{"href":"https:\/\/www.multicasa.com.br\/inicio\/wp-json\/wp\/v2\/types\/product"}],"wp:featuredmedia":[{"embeddable":true,"href":"https:\/\/www.multicasa.com.br\/inicio\/wp-json\/wp\/v2\/media\/19575"}],"wp:attachment":[{"href":"https:\/\/www.multicasa.com.br\/inicio\/wp-json\/wp\/v2\/media?parent=19519"}],"wp:term":[{"taxonomy":"product_brand","embeddable":true,"href":"https:\/\/www.multicasa.com.br\/inicio\/wp-json\/wp\/v2\/product_brand?post=19519"},{"taxonomy":"product_cat","embeddable":true,"href":"https:\/\/www.multicasa.com.br\/inicio\/wp-json\/wp\/v2\/product_cat?post=19519"},{"taxonomy":"product_tag","embeddable":true,"href":"https:\/\/www.multicasa.com.br\/inicio\/wp-json\/wp\/v2\/product_tag?post=19519"}],"curies":[{"name":"wp","href":"https:\/\/api.w.org\/{rel}","templated":true}]}}