{"id":19521,"date":"2025-06-20T19:48:31","date_gmt":"2025-06-20T23:48:31","guid":{"rendered":"https:\/\/www.multicasa.com.br\/inicio\/?post_type=product&#038;p=19521"},"modified":"2025-06-20T19:49:27","modified_gmt":"2025-06-20T23:49:27","slug":"cola-universal-de-artesanato-rendicolla-17g","status":"publish","type":"product","link":"https:\/\/www.multicasa.com.br\/inicio\/produto\/cola-universal-de-artesanato-rendicolla-17g\/","title":{"rendered":"Cola Universal de Artesanato Rendicolla 17g"},"content":{"rendered":"<p>A cola universal para artesanato Rendicolla deve ser usada em trabalhos manuais e atividades artesanais. Com uso indicado para papel, papel cart\u00e3o, couro, renda, tecido, corti\u00e7a, passamanaria, madeira balsa, acr\u00edlico, PVC e pl\u00e1sticos (exceto polietileno, polipropileno e teflon). Incolor, forma uma pel\u00edcula depois de aplicada entre 1 e 5 minutos com tempo de secagem parcial de 30 minutos e total de 8 horas.<\/p>\n","protected":false},"excerpt":{"rendered":"<h4 style=\"margin: 0px;padding: 0px 0px 16px;font-family: Lato, sans-serif;font-weight: bold;line-height: 3rem;color: var(--dark-grey3);font-size: 22px;font-style: normal;letter-spacing: normal;text-align: start;text-indent: 0px;text-transform: none\">Informa\u00e7\u00f5es t\u00e9cnicas<\/h4>\n<p><span style=\"margin: 0px;padding: 0px;font-weight: 450;font-size: 14px;line-height: 21px;color: var(--dark-grey2);font-family: Lato, sans-serif;font-style: normal;letter-spacing: normal;text-align: start;text-indent: 0px;text-transform: none\">Produto: Cola Universal<br \/>\nMarca: Rendicolla<br \/>\nComposi\u00e7\u00e3o: \u00c0 base de resinas sint\u00e9ticas<br \/>\nSolventes org\u00e2nicos<br \/>\nConte\u00fado: 17g<br \/>\nCaracter\u00edsticas: Transparente<br \/>\nTempo de forma\u00e7\u00e3o de pel\u00edcula de 1 a 5 minutos<br \/>\nViscosidade (cp) 9000 a 12000<br \/>\nTemperatura de aplica\u00e7\u00e3o de 10 a 30\u00b0c<br \/>\nTemperatura de trabalho (p\u00f3s-curado) de -20 a +70\u00b0c<br \/>\nTempo de secagem (25\u00b0c \/ 50% ur) parcial: 30 minutos \/ total: 8 horas<br \/>\nItens inclusos: 1 Cola Universal<\/span><\/p>\n","protected":false},"featured_media":19578,"template":"","meta":{"_joinchat":[]},"product_brand":[],"product_cat":[162],"product_tag":[],"class_list":{"0":"post-19521","1":"product","2":"type-product","3":"status-publish","4":"has-post-thumbnail","6":"product_cat-colas-e-cia","8":"first","9":"outofstock","10":"shipping-taxable","11":"product-type-simple"},"_links":{"self":[{"href":"https:\/\/www.multicasa.com.br\/inicio\/wp-json\/wp\/v2\/product\/19521","targetHints":{"allow":["GET"]}}],"collection":[{"href":"https:\/\/www.multicasa.com.br\/inicio\/wp-json\/wp\/v2\/product"}],"about":[{"href":"https:\/\/www.multicasa.com.br\/inicio\/wp-json\/wp\/v2\/types\/product"}],"wp:featuredmedia":[{"embeddable":true,"href":"https:\/\/www.multicasa.com.br\/inicio\/wp-json\/wp\/v2\/media\/19578"}],"wp:attachment":[{"href":"https:\/\/www.multicasa.com.br\/inicio\/wp-json\/wp\/v2\/media?parent=19521"}],"wp:term":[{"taxonomy":"product_brand","embeddable":true,"href":"https:\/\/www.multicasa.com.br\/inicio\/wp-json\/wp\/v2\/product_brand?post=19521"},{"taxonomy":"product_cat","embeddable":true,"href":"https:\/\/www.multicasa.com.br\/inicio\/wp-json\/wp\/v2\/product_cat?post=19521"},{"taxonomy":"product_tag","embeddable":true,"href":"https:\/\/www.multicasa.com.br\/inicio\/wp-json\/wp\/v2\/product_tag?post=19521"}],"curies":[{"name":"wp","href":"https:\/\/api.w.org\/{rel}","templated":true}]}}