{"id":19522,"date":"2025-06-20T19:48:32","date_gmt":"2025-06-20T23:48:32","guid":{"rendered":"https:\/\/www.multicasa.com.br\/inicio\/?post_type=product&#038;p=19522"},"modified":"2025-06-20T19:49:30","modified_gmt":"2025-06-20T23:49:30","slug":"jarra-ladrilhos-de-vidro-com-tampa-nadir-12l","status":"publish","type":"product","link":"https:\/\/www.multicasa.com.br\/inicio\/produto\/jarra-ladrilhos-de-vidro-com-tampa-nadir-12l\/","title":{"rendered":"Jarra Ladrilhos de Vidro com Tampa Nadir 1,2L"},"content":{"rendered":"<p>Com a Jarra Ladrilhos de Vidro com Tampa Nadir voc\u00ea tem a op\u00e7\u00e3o perfeita e completa para sua mesa. Com capacidade do copo para 1,2L, \u00e9 ideal para servir sucos, drinks e \u00e1gua em diversas situa\u00e7\u00f5es. Seu corpo em vidro ladrilhado e livre de BPA \u00e9 moderno e arrojado sendo arrematado pela tampa colorida, que al\u00e9m de deixar a jarra linda garante seguran\u00e7a no transporte.<\/p>\n","protected":false},"excerpt":{"rendered":"<h4 style=\"margin: 0px;padding: 0px 0px 16px;font-family: Lato, sans-serif;font-weight: bold;line-height: 3rem;color: var(--dark-grey3);font-size: 22px;font-style: normal;letter-spacing: normal;text-align: start;text-indent: 0px;text-transform: none\">Informa\u00e7\u00f5es t\u00e9cnicas<\/h4>\n<p><span style=\"margin: 0px;padding: 0px;font-weight: 450;font-size: 14px;line-height: 21px;color: var(--dark-grey2);font-family: Lato, sans-serif;font-style: normal;letter-spacing: normal;text-align: start;text-indent: 0px;text-transform: none\">Produto: Jarra<br \/>\nMarca: Nadir<br \/>\nMaterial: Vidro<br \/>\nCor: Tampas em cores sortidas<br \/>\nCapacidade: 1,2L<br \/>\nCaracter\u00edsticas: Possui tampa<br \/>\nItens Inclusos: 1 jarra<br \/>\nDimens\u00f5es do produto (A x L x P): 24 x 8 x 12cm<\/span><\/p>\n","protected":false},"featured_media":19579,"template":"","meta":{"_joinchat":[]},"product_brand":[],"product_cat":[93],"product_tag":[],"class_list":{"0":"post-19522","1":"product","2":"type-product","3":"status-publish","4":"has-post-thumbnail","6":"product_cat-utensilios-para-cozinha","8":"first","9":"outofstock","10":"shipping-taxable","11":"product-type-simple"},"_links":{"self":[{"href":"https:\/\/www.multicasa.com.br\/inicio\/wp-json\/wp\/v2\/product\/19522","targetHints":{"allow":["GET"]}}],"collection":[{"href":"https:\/\/www.multicasa.com.br\/inicio\/wp-json\/wp\/v2\/product"}],"about":[{"href":"https:\/\/www.multicasa.com.br\/inicio\/wp-json\/wp\/v2\/types\/product"}],"wp:featuredmedia":[{"embeddable":true,"href":"https:\/\/www.multicasa.com.br\/inicio\/wp-json\/wp\/v2\/media\/19579"}],"wp:attachment":[{"href":"https:\/\/www.multicasa.com.br\/inicio\/wp-json\/wp\/v2\/media?parent=19522"}],"wp:term":[{"taxonomy":"product_brand","embeddable":true,"href":"https:\/\/www.multicasa.com.br\/inicio\/wp-json\/wp\/v2\/product_brand?post=19522"},{"taxonomy":"product_cat","embeddable":true,"href":"https:\/\/www.multicasa.com.br\/inicio\/wp-json\/wp\/v2\/product_cat?post=19522"},{"taxonomy":"product_tag","embeddable":true,"href":"https:\/\/www.multicasa.com.br\/inicio\/wp-json\/wp\/v2\/product_tag?post=19522"}],"curies":[{"name":"wp","href":"https:\/\/api.w.org\/{rel}","templated":true}]}}