{"id":19523,"date":"2025-06-20T19:48:32","date_gmt":"2025-06-20T23:48:32","guid":{"rendered":"https:\/\/www.multicasa.com.br\/inicio\/?post_type=product&#038;p=19523"},"modified":"2025-06-20T19:49:31","modified_gmt":"2025-06-20T23:49:31","slug":"pano-de-pia-lavavel-esfrebom-bobina-cinza-bettanin-52-panos","status":"publish","type":"product","link":"https:\/\/www.multicasa.com.br\/inicio\/produto\/pano-de-pia-lavavel-esfrebom-bobina-cinza-bettanin-52-panos\/","title":{"rendered":"Pano de Pia Lav\u00e1vel Esfrebom Bobina Cinza Bettanin 52 panos"},"content":{"rendered":"<p>O Pano de Pia Esfrebom Bettanin vem em formato bobina com 52 panos que s\u00e3o lav\u00e1veis e reutiliz\u00e1veis. Fabricado em 80% de celulose e 20% de polipropileno aliando Absor\u00e7\u00e3o do papel e durabilidade ao pano. Com aproximadamente 20,8 x 21,5cm na cor branca, s\u00e3o perfeitos para proporcionar uma limpeza pr\u00e1tica e eficaz.<\/p>\n","protected":false},"excerpt":{"rendered":"<h4 style=\"margin: 0px;padding: 0px 0px 16px;font-family: Lato, sans-serif;font-weight: bold;line-height: 3rem;color: var(--dark-grey3);font-size: 22px;font-style: normal;letter-spacing: normal;text-align: start;text-indent: 0px;text-transform: none\">Informa\u00e7\u00f5es t\u00e9cnicas<\/h4>\n<p><span style=\"margin: 0px;padding: 0px;font-weight: 450;font-size: 14px;line-height: 21px;color: var(--dark-grey2);font-family: Lato, sans-serif;font-style: normal;letter-spacing: normal;text-align: start;text-indent: 0px;text-transform: none\">Produto: Pano de pia<br \/>\nMarca: Bettanin<br \/>\nMaterial: 80% celulose<br \/>\n20% polipropileno<br \/>\nCor: Cinza e branco<br \/>\nCaracter\u00edsticas: Reutiliz\u00e1vel<br \/>\nEncaixa em suporte de papel toalha<br \/>\nItens Inclusos: 52 panos<br \/>\nDimens\u00f5es do produto (A X L): 20,8 x 21,5cm<\/span><\/p>\n","protected":false},"featured_media":19581,"template":"","meta":{"_joinchat":[]},"product_brand":[],"product_cat":[93],"product_tag":[],"class_list":{"0":"post-19523","1":"product","2":"type-product","3":"status-publish","4":"has-post-thumbnail","6":"product_cat-utensilios-para-cozinha","8":"first","9":"outofstock","10":"shipping-taxable","11":"product-type-simple"},"_links":{"self":[{"href":"https:\/\/www.multicasa.com.br\/inicio\/wp-json\/wp\/v2\/product\/19523","targetHints":{"allow":["GET"]}}],"collection":[{"href":"https:\/\/www.multicasa.com.br\/inicio\/wp-json\/wp\/v2\/product"}],"about":[{"href":"https:\/\/www.multicasa.com.br\/inicio\/wp-json\/wp\/v2\/types\/product"}],"wp:featuredmedia":[{"embeddable":true,"href":"https:\/\/www.multicasa.com.br\/inicio\/wp-json\/wp\/v2\/media\/19581"}],"wp:attachment":[{"href":"https:\/\/www.multicasa.com.br\/inicio\/wp-json\/wp\/v2\/media?parent=19523"}],"wp:term":[{"taxonomy":"product_brand","embeddable":true,"href":"https:\/\/www.multicasa.com.br\/inicio\/wp-json\/wp\/v2\/product_brand?post=19523"},{"taxonomy":"product_cat","embeddable":true,"href":"https:\/\/www.multicasa.com.br\/inicio\/wp-json\/wp\/v2\/product_cat?post=19523"},{"taxonomy":"product_tag","embeddable":true,"href":"https:\/\/www.multicasa.com.br\/inicio\/wp-json\/wp\/v2\/product_tag?post=19523"}],"curies":[{"name":"wp","href":"https:\/\/api.w.org\/{rel}","templated":true}]}}