{"id":19525,"date":"2025-06-20T19:48:32","date_gmt":"2025-06-20T23:48:32","guid":{"rendered":"https:\/\/www.multicasa.com.br\/inicio\/?post_type=product&#038;p=19525"},"modified":"2025-12-16T18:31:11","modified_gmt":"2025-12-16T22:31:11","slug":"tigela-de-vidro-redonda-americano-com-tampa-nadir-600ml","status":"publish","type":"product","link":"https:\/\/www.multicasa.com.br\/inicio\/produto\/tigela-de-vidro-redonda-americano-com-tampa-nadir-600ml\/","title":{"rendered":"Tigela de Vidro Redonda Americano Com Tampa Nadir 600ml"},"content":{"rendered":"<p>Com a Tigela de Vidro Redonda Americano Nadir que tem um design atemporal e cl\u00e1ssico, podendo servir e armazenar receitas com muito estilo e praticidade. Produzida em vidro no formato redondo com pegada dos cl\u00e1ssicos copos americanos, ela possui tampa e capacidade para 600ml. Deixe sua cozinha linda e organizada.<\/p>\n","protected":false},"excerpt":{"rendered":"<h4 style=\"margin: 0px;padding: 0px 0px 16px;font-family: Lato, sans-serif;font-weight: bold;line-height: 3rem;color: var(--dark-grey3);font-size: 22px;font-style: normal;letter-spacing: normal;text-align: start;text-indent: 0px;text-transform: none\">Informa\u00e7\u00f5es t\u00e9cnicas<\/h4>\n<p><span style=\"margin: 0px;padding: 0px;font-weight: 450;font-size: 14px;line-height: 21px;color: var(--dark-grey2);font-family: Lato, sans-serif;font-style: normal;letter-spacing: normal;text-align: start;text-indent: 0px;text-transform: none\">Produto: Tigela<br \/>\nMarca: Nadir<br \/>\nMaterial: Vidro<br \/>\nCor: Sortido<br \/>\nCapacidade: 600ml<br \/>\nCaracter\u00edsticas: Com tampa<br \/>\nItens inclusos: 1 tigela<br \/>\nDimens\u00f5es do produto (A X L x P): 7 x 13 x 13cm<\/span><\/p>\n","protected":false},"featured_media":19585,"template":"","meta":{"_joinchat":[]},"product_brand":[],"product_cat":[93],"product_tag":[],"class_list":{"0":"post-19525","1":"product","2":"type-product","3":"status-publish","4":"has-post-thumbnail","6":"product_cat-utensilios-para-cozinha","8":"first","9":"instock","10":"shipping-taxable","11":"purchasable","12":"product-type-simple"},"_links":{"self":[{"href":"https:\/\/www.multicasa.com.br\/inicio\/wp-json\/wp\/v2\/product\/19525","targetHints":{"allow":["GET"]}}],"collection":[{"href":"https:\/\/www.multicasa.com.br\/inicio\/wp-json\/wp\/v2\/product"}],"about":[{"href":"https:\/\/www.multicasa.com.br\/inicio\/wp-json\/wp\/v2\/types\/product"}],"wp:featuredmedia":[{"embeddable":true,"href":"https:\/\/www.multicasa.com.br\/inicio\/wp-json\/wp\/v2\/media\/19585"}],"wp:attachment":[{"href":"https:\/\/www.multicasa.com.br\/inicio\/wp-json\/wp\/v2\/media?parent=19525"}],"wp:term":[{"taxonomy":"product_brand","embeddable":true,"href":"https:\/\/www.multicasa.com.br\/inicio\/wp-json\/wp\/v2\/product_brand?post=19525"},{"taxonomy":"product_cat","embeddable":true,"href":"https:\/\/www.multicasa.com.br\/inicio\/wp-json\/wp\/v2\/product_cat?post=19525"},{"taxonomy":"product_tag","embeddable":true,"href":"https:\/\/www.multicasa.com.br\/inicio\/wp-json\/wp\/v2\/product_tag?post=19525"}],"curies":[{"name":"wp","href":"https:\/\/api.w.org\/{rel}","templated":true}]}}