{"id":19551,"date":"2025-06-20T19:48:54","date_gmt":"2025-06-20T23:48:54","guid":{"rendered":"https:\/\/www.multicasa.com.br\/inicio\/?post_type=product&#038;p=19551"},"modified":"2025-12-16T18:31:46","modified_gmt":"2025-12-16T22:31:46","slug":"cortador-de-frutas-em-inox-uny-home","status":"publish","type":"product","link":"https:\/\/www.multicasa.com.br\/inicio\/produto\/cortador-de-frutas-em-inox-uny-home\/","title":{"rendered":"Cortador de Frutas em Inox Uny Home"},"content":{"rendered":"<p>Leve mais facilidade e praticidade para o seu dia-a-dia com o Cortador de Frutas da Uny Home. Indicado principalmente para melancia, suas l\u00e2minas em inox cortam a fruta com precis\u00e3o de forma r\u00e1pida e simples, possibilitando acomod\u00e1-la diretamente no prato porque separa a casca da polpa. Com dimens\u00f5es de 25 x 8,5 cm, tamb\u00e9m \u00e9 \u00fatil para preparar deliciosos drinks com mais agilidade.<\/p>\n","protected":false},"excerpt":{"rendered":"<h4 style=\"margin: 0px;padding: 0px 0px 16px;font-family: Lato, sans-serif;font-weight: bold;line-height: 3rem;color: var(--dark-grey3);font-size: 22px;font-style: normal;letter-spacing: normal;text-align: start;text-indent: 0px;text-transform: none\">Informa\u00e7\u00f5es t\u00e9cnicas<\/h4>\n<p><span style=\"margin: 0px;padding: 0px;font-weight: 450;font-size: 14px;line-height: 21px;color: var(--dark-grey2);font-family: Lato, sans-serif;font-style: normal;letter-spacing: normal;text-align: start;text-indent: 0px;text-transform: none\">Produto: Cortador de Frutas<br \/>\nMarca: Uny home<br \/>\nMaterial: Pl\u00e1stico<br \/>\ninox<br \/>\nCor: prata<br \/>\nItens inclusos: 1 Cortador de Frutas<br \/>\nDimens\u00f5es do produto (A x L): 8,5 x 25cm<\/span><\/p>\n","protected":false},"featured_media":19629,"template":"","meta":{"_joinchat":[]},"product_brand":[],"product_cat":[93],"product_tag":[],"class_list":{"0":"post-19551","1":"product","2":"type-product","3":"status-publish","4":"has-post-thumbnail","6":"product_cat-utensilios-para-cozinha","8":"first","9":"outofstock","10":"shipping-taxable","11":"product-type-simple"},"_links":{"self":[{"href":"https:\/\/www.multicasa.com.br\/inicio\/wp-json\/wp\/v2\/product\/19551","targetHints":{"allow":["GET"]}}],"collection":[{"href":"https:\/\/www.multicasa.com.br\/inicio\/wp-json\/wp\/v2\/product"}],"about":[{"href":"https:\/\/www.multicasa.com.br\/inicio\/wp-json\/wp\/v2\/types\/product"}],"wp:featuredmedia":[{"embeddable":true,"href":"https:\/\/www.multicasa.com.br\/inicio\/wp-json\/wp\/v2\/media\/19629"}],"wp:attachment":[{"href":"https:\/\/www.multicasa.com.br\/inicio\/wp-json\/wp\/v2\/media?parent=19551"}],"wp:term":[{"taxonomy":"product_brand","embeddable":true,"href":"https:\/\/www.multicasa.com.br\/inicio\/wp-json\/wp\/v2\/product_brand?post=19551"},{"taxonomy":"product_cat","embeddable":true,"href":"https:\/\/www.multicasa.com.br\/inicio\/wp-json\/wp\/v2\/product_cat?post=19551"},{"taxonomy":"product_tag","embeddable":true,"href":"https:\/\/www.multicasa.com.br\/inicio\/wp-json\/wp\/v2\/product_tag?post=19551"}],"curies":[{"name":"wp","href":"https:\/\/api.w.org\/{rel}","templated":true}]}}