{"id":19552,"date":"2025-06-20T19:48:54","date_gmt":"2025-06-20T23:48:54","guid":{"rendered":"https:\/\/www.multicasa.com.br\/inicio\/?post_type=product&#038;p=19552"},"modified":"2025-08-28T14:13:23","modified_gmt":"2025-08-28T18:13:23","slug":"protetor-anti-risco-redondo-em-feltro-cinza-betters-tamanhos-sortidos-16-unidades","status":"publish","type":"product","link":"https:\/\/www.multicasa.com.br\/inicio\/produto\/protetor-anti-risco-redondo-em-feltro-cinza-betters-tamanhos-sortidos-16-unidades\/","title":{"rendered":"Protetor Anti-risco Redondo em Feltro Cinza Betters Tamanhos Sortidos &#8211; 16 Unidades"},"content":{"rendered":"<p>Use o protetor anti-risco redondo em feltro cinza Betters com tamanho sortidos para absorver impactos de batidas, quedas de m\u00f3veis, deslizamentos e prevenir riscos em pisos, laminados e outros. Medindo 2, 3, 3,7 e 4,5 cm n\u00e3o possuem resina, n\u00e3o riscam e t\u00eam excelente ader\u00eancia. Podem ser fixados nos p\u00e9s das cadeiras, tamp\u00f5es de vidro para mesas, portas, parades, macanetas, gavetas, mesas, etc. N\u00e3o amarelam e s\u00e3o totalmente resistentes. Cartela com 16 unidades.<\/p>\n","protected":false},"excerpt":{"rendered":"<h4 style=\"margin: 0px;padding: 0px 0px 16px;font-family: Lato, sans-serif;font-weight: bold;line-height: 3rem;color: var(--dark-grey3);font-size: 22px;font-style: normal;letter-spacing: normal;text-align: start;text-indent: 0px;text-transform: none\">Informa\u00e7\u00f5es t\u00e9cnicas<\/h4>\n<p><span style=\"margin: 0px;padding: 0px;font-weight: 450;font-size: 14px;line-height: 21px;color: var(--dark-grey2);font-family: Lato, sans-serif;font-style: normal;letter-spacing: normal;text-align: start;text-indent: 0px;text-transform: none\">Produto: Protetor Anti-risco<br \/>\nMarca: Betters<br \/>\nMaterial: 100% Feltro<br \/>\nCor: Cinza<br \/>\nCaracter\u00edsticas: Redondo<br \/>\nAuto adesivos<br \/>\nN\u00e3o riscam<br \/>\nQuantidade de Pe\u00e7as: 16<br \/>\nItens inclusos: 16 Protetores Anti-risco<br \/>\nDi\u00e2metro do produto: 2,0 \/ 3,0 \/ 3,7 \/ 4,5cm<br \/>\n<\/span><\/p>\n","protected":false},"featured_media":19644,"template":"","meta":{"_joinchat":[]},"product_brand":[],"product_cat":[162],"product_tag":[],"class_list":{"0":"post-19552","1":"product","2":"type-product","3":"status-publish","4":"has-post-thumbnail","6":"product_cat-colas-e-cia","8":"first","9":"instock","10":"shipping-taxable","11":"purchasable","12":"product-type-simple"},"_links":{"self":[{"href":"https:\/\/www.multicasa.com.br\/inicio\/wp-json\/wp\/v2\/product\/19552","targetHints":{"allow":["GET"]}}],"collection":[{"href":"https:\/\/www.multicasa.com.br\/inicio\/wp-json\/wp\/v2\/product"}],"about":[{"href":"https:\/\/www.multicasa.com.br\/inicio\/wp-json\/wp\/v2\/types\/product"}],"wp:featuredmedia":[{"embeddable":true,"href":"https:\/\/www.multicasa.com.br\/inicio\/wp-json\/wp\/v2\/media\/19644"}],"wp:attachment":[{"href":"https:\/\/www.multicasa.com.br\/inicio\/wp-json\/wp\/v2\/media?parent=19552"}],"wp:term":[{"taxonomy":"product_brand","embeddable":true,"href":"https:\/\/www.multicasa.com.br\/inicio\/wp-json\/wp\/v2\/product_brand?post=19552"},{"taxonomy":"product_cat","embeddable":true,"href":"https:\/\/www.multicasa.com.br\/inicio\/wp-json\/wp\/v2\/product_cat?post=19552"},{"taxonomy":"product_tag","embeddable":true,"href":"https:\/\/www.multicasa.com.br\/inicio\/wp-json\/wp\/v2\/product_tag?post=19552"}],"curies":[{"name":"wp","href":"https:\/\/api.w.org\/{rel}","templated":true}]}}