{"id":19572,"date":"2025-06-20T19:49:19","date_gmt":"2025-06-20T23:49:19","guid":{"rendered":"https:\/\/www.multicasa.com.br\/inicio\/?post_type=product&#038;p=19572"},"modified":"2026-04-04T13:00:17","modified_gmt":"2026-04-04T17:00:17","slug":"saca-rolha-em-inox-uny-home","status":"publish","type":"product","link":"https:\/\/www.multicasa.com.br\/inicio\/produto\/saca-rolha-em-inox-uny-home\/","title":{"rendered":"Saca Rolha em Inox Uny Home"},"content":{"rendered":"<p>Saca Rolha em Inox Uny Home \u00e9 produzido em a\u00e7o inox que garante alta durabilidade e resist\u00eancia. Essencial em qualquer bar ou cozinha, o abridor de vinhos deve ser de um material alta qualidade. O seu design moderno tamb\u00e9m garante conforto em sua manipula\u00e7\u00e3o para que voc\u00ea abra garrafas com rolha de maneira eficiente e segura, sem se machucar. Al\u00e9m de dobr\u00e1vel, possui tamb\u00e9m um abridor de tampa de garrafa e um pequeno canivete que funciona como cortador de c\u00e1psula. F\u00e1cil de usar, possui 2 est\u00e1gios com espiral de cinco curvas para rolhas compridas em a\u00e7o teflonado para facilitar a retirada da rolha. <\/p>\n","protected":false},"excerpt":{"rendered":"<h4 style=\"margin: 0px;padding: 0px 0px 16px;font-family: Lato, sans-serif;font-weight: bold;line-height: 3rem;color: var(--dark-grey3);font-size: 22px;font-style: normal;letter-spacing: normal;text-align: start;text-indent: 0px;text-transform: none\">Informa\u00e7\u00f5es t\u00e9cnicas<\/h4>\n<p><span style=\"margin: 0px;padding: 0px;font-weight: 450;font-size: 14px;line-height: 21px;color: var(--dark-grey2);font-family: Lato, sans-serif;font-style: normal;letter-spacing: normal;text-align: start;text-indent: 0px;text-transform: none\">Produto: Saca rolhas<br \/>\nTipo: Manual<br \/>\nMarca: Uny Home<br \/>\nMaterial: A\u00e7o Inox<br \/>\nCor: Prata<br \/>\nCaracter\u00edsticas: Saca rolhas com 5 curvas; abridor de garrafa; canivete; 2 est\u00e1gios com espiral<br \/>\nItens Inclusos: 1 saca rolhas<br \/>\nDimens\u00f5es do produto (C): 12cm<\/span><\/p>\n","protected":false},"featured_media":25947,"template":"","meta":{"_joinchat":[]},"product_brand":[],"product_cat":[93],"product_tag":[],"class_list":{"0":"post-19572","1":"product","2":"type-product","3":"status-publish","4":"has-post-thumbnail","6":"product_cat-utensilios-para-cozinha","8":"first","9":"instock","10":"shipping-taxable","11":"purchasable","12":"product-type-simple"},"_links":{"self":[{"href":"https:\/\/www.multicasa.com.br\/inicio\/wp-json\/wp\/v2\/product\/19572","targetHints":{"allow":["GET"]}}],"collection":[{"href":"https:\/\/www.multicasa.com.br\/inicio\/wp-json\/wp\/v2\/product"}],"about":[{"href":"https:\/\/www.multicasa.com.br\/inicio\/wp-json\/wp\/v2\/types\/product"}],"wp:featuredmedia":[{"embeddable":true,"href":"https:\/\/www.multicasa.com.br\/inicio\/wp-json\/wp\/v2\/media\/25947"}],"wp:attachment":[{"href":"https:\/\/www.multicasa.com.br\/inicio\/wp-json\/wp\/v2\/media?parent=19572"}],"wp:term":[{"taxonomy":"product_brand","embeddable":true,"href":"https:\/\/www.multicasa.com.br\/inicio\/wp-json\/wp\/v2\/product_brand?post=19572"},{"taxonomy":"product_cat","embeddable":true,"href":"https:\/\/www.multicasa.com.br\/inicio\/wp-json\/wp\/v2\/product_cat?post=19572"},{"taxonomy":"product_tag","embeddable":true,"href":"https:\/\/www.multicasa.com.br\/inicio\/wp-json\/wp\/v2\/product_tag?post=19572"}],"curies":[{"name":"wp","href":"https:\/\/api.w.org\/{rel}","templated":true}]}}