{"id":19592,"date":"2025-06-20T19:49:42","date_gmt":"2025-06-20T23:49:42","guid":{"rendered":"https:\/\/www.multicasa.com.br\/inicio\/?post_type=product&#038;p=19592"},"modified":"2026-02-25T08:20:11","modified_gmt":"2026-02-25T12:20:11","slug":"cesta-para-fritura-de-inox-uny-home-28-cm","status":"publish","type":"product","link":"https:\/\/www.multicasa.com.br\/inicio\/produto\/cesta-para-fritura-de-inox-uny-home-28-cm\/","title":{"rendered":"Cesta para Fritura de Inox Uny Home 28 cm"},"content":{"rendered":"<p>Use a Cesta para Fritura de Inox da Uny Home para evitar que o \u00f3leo espirre durante o preparo das suas receitas. Coloque o alimento dentro da cesta, leve-a \u00e0 panela e fa\u00e7a seus alimentos favoritos de forma segura. Mant\u00e9m o fog\u00e3o limpo porque os furos no utens\u00edlio permitem que o vapor saia e os espirros fiquem retidos ali. De f\u00e1cil lavagem, possui cabo de silicone que evita o aquecimento e previne queimaduras. Prolongue a vida \u00fatil do seu novo utens\u00edlio usando-o dentro de outra panela, nunca diretamente sobre a chama.<\/p>\n","protected":false},"excerpt":{"rendered":"<h4 style=\"margin: 0px;padding: 0px 0px 16px;font-family: Lato, sans-serif;font-weight: bold;line-height: 3rem;color: var(--dark-grey3);font-size: 22px;font-style: normal;letter-spacing: normal;text-align: start;text-indent: 0px;text-transform: none\">Informa\u00e7\u00f5es t\u00e9cnicas<\/h4>\n<p><span style=\"margin: 0px;padding: 0px;font-weight: 450;font-size: 14px;line-height: 21px;color: var(--dark-grey2);font-family: Lato, sans-serif;font-style: normal;letter-spacing: normal;text-align: start;text-indent: 0px;text-transform: none\">Produto: Cesta para Fritura<br \/>\nMarca: Uny Home<br \/>\nMaterial: A\u00e7o Inoxid\u00e1vel<br \/>\nAcabamento: Silicone<br \/>\nUso indicado: Frituras em imers\u00e3o<br \/>\nItens Inclusos: 1 cesta para fritura<br \/>\nDicas de uso e preserva\u00e7\u00e3o: Nunca use diretamente sobre a chama do fog\u00e3o<br \/>\nDi\u00e2metro do produto: 29cm<br \/>\nDimens\u00f5es do produto (A X L X P): 1 x 48,5cm<\/span><\/p>\n","protected":false},"featured_media":19672,"template":"","meta":{"_joinchat":[]},"product_brand":[],"product_cat":[93],"product_tag":[],"class_list":{"0":"post-19592","1":"product","2":"type-product","3":"status-publish","4":"has-post-thumbnail","6":"product_cat-utensilios-para-cozinha","8":"first","9":"instock","10":"shipping-taxable","11":"purchasable","12":"product-type-simple"},"_links":{"self":[{"href":"https:\/\/www.multicasa.com.br\/inicio\/wp-json\/wp\/v2\/product\/19592","targetHints":{"allow":["GET"]}}],"collection":[{"href":"https:\/\/www.multicasa.com.br\/inicio\/wp-json\/wp\/v2\/product"}],"about":[{"href":"https:\/\/www.multicasa.com.br\/inicio\/wp-json\/wp\/v2\/types\/product"}],"wp:featuredmedia":[{"embeddable":true,"href":"https:\/\/www.multicasa.com.br\/inicio\/wp-json\/wp\/v2\/media\/19672"}],"wp:attachment":[{"href":"https:\/\/www.multicasa.com.br\/inicio\/wp-json\/wp\/v2\/media?parent=19592"}],"wp:term":[{"taxonomy":"product_brand","embeddable":true,"href":"https:\/\/www.multicasa.com.br\/inicio\/wp-json\/wp\/v2\/product_brand?post=19592"},{"taxonomy":"product_cat","embeddable":true,"href":"https:\/\/www.multicasa.com.br\/inicio\/wp-json\/wp\/v2\/product_cat?post=19592"},{"taxonomy":"product_tag","embeddable":true,"href":"https:\/\/www.multicasa.com.br\/inicio\/wp-json\/wp\/v2\/product_tag?post=19592"}],"curies":[{"name":"wp","href":"https:\/\/api.w.org\/{rel}","templated":true}]}}