{"id":19595,"date":"2025-06-20T19:49:42","date_gmt":"2025-06-20T23:49:42","guid":{"rendered":"https:\/\/www.multicasa.com.br\/inicio\/?post_type=product&#038;p=19595"},"modified":"2025-06-20T19:51:10","modified_gmt":"2025-06-20T23:51:10","slug":"cesto-de-roupas-telado-dobravel-plast-leo-58x35cm","status":"publish","type":"product","link":"https:\/\/www.multicasa.com.br\/inicio\/produto\/cesto-de-roupas-telado-dobravel-plast-leo-58x35cm\/","title":{"rendered":"Cesto de Roupas Telado Dobr\u00e1vel Plast Leo 58x35cm"},"content":{"rendered":"<p>Cesto de Roupas Telado Dobr\u00e1vel da Plast Leo para usar na lavanderia, banheiro ou armazenar brinquedos e outros objetos. Feita de pl\u00e1stico, a tela \u00e9 ideal para garantir a ventila\u00e7\u00e3o das pe\u00e7as e para que seja dobrado, ocupando menos espa\u00e7o nos c\u00f4modos. Suas al\u00e7as laterais facilitam para que o transporte seja feito com seguran\u00e7a.<\/p>\n","protected":false},"excerpt":{"rendered":"<h4 style=\"margin: 0px;padding: 0px 0px 16px;font-family: Lato, sans-serif;font-weight: bold;line-height: 3rem;color: var(--dark-grey3);font-size: 22px;font-style: normal;letter-spacing: normal;text-align: start;text-indent: 0px;text-transform: none\">Informa\u00e7\u00f5es t\u00e9cnicas<\/h4>\n<p><span style=\"margin: 0px;padding: 0px;font-weight: 450;font-size: 14px;line-height: 21px;color: var(--dark-grey2);font-family: Lato, sans-serif;font-style: normal;letter-spacing: normal;text-align: start;text-indent: 0px;text-transform: none\">Produto: Cesto de Roupas<br \/>\nMarca: Plast Leo<br \/>\nMaterial: Poliester<br \/>\nCor: Vermelho<br \/>\nCaracter\u00edsticas: Dobr\u00e1vel<br \/>\nItens Inclusos: 1 Cesto de Roupas<br \/>\nDimens\u00f5es do produto (A x L x P): 58 X 35 X 35cm<\/span><\/p>\n","protected":false},"featured_media":19679,"template":"","meta":{"_joinchat":[]},"product_brand":[],"product_cat":[93],"product_tag":[],"class_list":{"0":"post-19595","1":"product","2":"type-product","3":"status-publish","4":"has-post-thumbnail","6":"product_cat-utensilios-para-cozinha","8":"first","9":"outofstock","10":"shipping-taxable","11":"product-type-simple"},"_links":{"self":[{"href":"https:\/\/www.multicasa.com.br\/inicio\/wp-json\/wp\/v2\/product\/19595","targetHints":{"allow":["GET"]}}],"collection":[{"href":"https:\/\/www.multicasa.com.br\/inicio\/wp-json\/wp\/v2\/product"}],"about":[{"href":"https:\/\/www.multicasa.com.br\/inicio\/wp-json\/wp\/v2\/types\/product"}],"wp:featuredmedia":[{"embeddable":true,"href":"https:\/\/www.multicasa.com.br\/inicio\/wp-json\/wp\/v2\/media\/19679"}],"wp:attachment":[{"href":"https:\/\/www.multicasa.com.br\/inicio\/wp-json\/wp\/v2\/media?parent=19595"}],"wp:term":[{"taxonomy":"product_brand","embeddable":true,"href":"https:\/\/www.multicasa.com.br\/inicio\/wp-json\/wp\/v2\/product_brand?post=19595"},{"taxonomy":"product_cat","embeddable":true,"href":"https:\/\/www.multicasa.com.br\/inicio\/wp-json\/wp\/v2\/product_cat?post=19595"},{"taxonomy":"product_tag","embeddable":true,"href":"https:\/\/www.multicasa.com.br\/inicio\/wp-json\/wp\/v2\/product_tag?post=19595"}],"curies":[{"name":"wp","href":"https:\/\/api.w.org\/{rel}","templated":true}]}}