{"id":19597,"date":"2025-06-20T19:49:42","date_gmt":"2025-06-20T23:49:42","guid":{"rendered":"https:\/\/www.multicasa.com.br\/inicio\/?post_type=product&#038;p=19597"},"modified":"2025-06-20T19:51:12","modified_gmt":"2025-06-20T23:51:12","slug":"disjuntor-bipolar-32a-curva-c-tramontina","status":"publish","type":"product","link":"https:\/\/www.multicasa.com.br\/inicio\/produto\/disjuntor-bipolar-32a-curva-c-tramontina\/","title":{"rendered":"Disjuntor Bipolar 32A Curva C Tramontina"},"content":{"rendered":"<p>O Disjuntor Bipolar 32A de Curva C Tramontina, atua entre cinco a dez vezes a corrente nominal, esses disjuntores s\u00e3o indicados para cargas de m\u00e9dia corrente de partida &#8211; motores el\u00e9tricos, l\u00e2mpadas fluorescentes e m\u00e1quinas de lavar roupas. Suportam uma icc &#8211; corrente de curto, por um per\u00edodo mais longo que o de curva b.<br \/>\nOs disjuntores da tramontina possuem montagem e desmontagem individual, sem necessidade de desconectar todo o barramento; conex\u00e3o dos terminais para cabo e barramento em ambos os lados da pe\u00e7a, otimizando o tempo de instala\u00e7\u00e3o do dispositivo no quadro; e indicador de posi\u00e7\u00e3o liga\/desliga, que informa o real status de funcionamento do disjuntor caso a manopla esteja travada.<br \/>\nPode ser usado em circuitos gerais e possui certificado pelo inmetro.<\/p>\n","protected":false},"excerpt":{"rendered":"<h4 style=\"margin: 0px;padding: 0px 0px 16px;font-family: Lato, sans-serif;font-weight: bold;line-height: 3rem;color: var(--dark-grey3);font-size: 22px;font-style: normal;letter-spacing: normal;text-align: start;text-indent: 0px;text-transform: none\">Informa\u00e7\u00f5es t\u00e9cnicas<\/h4>\n<p><span style=\"margin: 0px;padding: 0px;font-weight: 450;font-size: 14px;line-height: 21px;color: var(--dark-grey2);font-family: Lato, sans-serif;font-style: normal;letter-spacing: normal;text-align: start;text-indent: 0px;text-transform: none\">Produto: Disjuntor Bipolar<br \/>\nMarca: Tramontina<br \/>\nCor: Branco e azul<br \/>\nTens\u00e3o el\u00e9trica: 440V m\u00e1x de servi\u00e7o<br \/>\nCaracter\u00edsticas: Possui 32A<br \/>\nFrequ\u00eancia 50\/60HZ<br \/>\nIP20 de grau de prote\u00e7\u00e3o<br \/>\nFixa\u00e7\u00e3o encaixe perfil 35mm<br \/>\nTemperatura ambiente &#8211; 20c +50c<br \/>\nSec\u00e7a\u00f5 de condutores 1 a 25mm<br \/>\nManobras mecanicas\/el\u00e9tricas 20.000\/4.000<br \/>\nPodem ser usados em circuitos gerais<br \/>\nCertificados pelo INMETRO<br \/>\nItens inclusos: 1 Disjuntor bipolar<br \/>\nDimens\u00f5es do produto (A X L X P): 7,2 X 8 X 3,6cm<\/span><\/p>\n","protected":false},"featured_media":19683,"template":"","meta":{"_joinchat":[]},"product_brand":[],"product_cat":[119],"product_tag":[],"class_list":{"0":"post-19597","1":"product","2":"type-product","3":"status-publish","4":"has-post-thumbnail","6":"product_cat-materiais-eletricos","8":"first","9":"outofstock","10":"shipping-taxable","11":"product-type-simple"},"_links":{"self":[{"href":"https:\/\/www.multicasa.com.br\/inicio\/wp-json\/wp\/v2\/product\/19597","targetHints":{"allow":["GET"]}}],"collection":[{"href":"https:\/\/www.multicasa.com.br\/inicio\/wp-json\/wp\/v2\/product"}],"about":[{"href":"https:\/\/www.multicasa.com.br\/inicio\/wp-json\/wp\/v2\/types\/product"}],"wp:featuredmedia":[{"embeddable":true,"href":"https:\/\/www.multicasa.com.br\/inicio\/wp-json\/wp\/v2\/media\/19683"}],"wp:attachment":[{"href":"https:\/\/www.multicasa.com.br\/inicio\/wp-json\/wp\/v2\/media?parent=19597"}],"wp:term":[{"taxonomy":"product_brand","embeddable":true,"href":"https:\/\/www.multicasa.com.br\/inicio\/wp-json\/wp\/v2\/product_brand?post=19597"},{"taxonomy":"product_cat","embeddable":true,"href":"https:\/\/www.multicasa.com.br\/inicio\/wp-json\/wp\/v2\/product_cat?post=19597"},{"taxonomy":"product_tag","embeddable":true,"href":"https:\/\/www.multicasa.com.br\/inicio\/wp-json\/wp\/v2\/product_tag?post=19597"}],"curies":[{"name":"wp","href":"https:\/\/api.w.org\/{rel}","templated":true}]}}