{"id":19598,"date":"2025-06-20T19:49:43","date_gmt":"2025-06-20T23:49:43","guid":{"rendered":"https:\/\/www.multicasa.com.br\/inicio\/?post_type=product&#038;p=19598"},"modified":"2026-02-24T10:35:14","modified_gmt":"2026-02-24T14:35:14","slug":"bloco-adesivo-post-it-amarelo-neon-76x76-mm-1-unidade","status":"publish","type":"product","link":"https:\/\/www.multicasa.com.br\/inicio\/produto\/bloco-adesivo-post-it-amarelo-neon-76x76-mm-1-unidade\/","title":{"rendered":"Bloco Adesivo Post-it Amarelo Neon 76&#215;76 mm 1 unidade"},"content":{"rendered":"<p>Ideal para anota\u00e7\u00f5es e recados, o bloco adesivo amarelo neon Post-it \u00e9 indispens\u00e1vel na sua rotina de casa, do escrit\u00f3rio ou dos estudos. Cole e descole as folhas onde e quando quiser. Sua tecnologia 3M produz adesivo de alt\u00edssima qualidade que n\u00e3o danifica nenhum tipo de superf\u00edcie e nem os pap\u00e9is. Com base vegetal, mede 76 x 76 mm e o bloco \u00e9 composto por 45 folhas.<\/p>\n","protected":false},"excerpt":{"rendered":"<h4 style=\"margin: 0px;padding: 0px 0px 16px;font-family: Lato, sans-serif;font-weight: bold;line-height: 3rem;color: var(--dark-grey3);font-size: 22px;font-style: normal;letter-spacing: normal;text-align: start;text-indent: 0px;text-transform: none\">Informa\u00e7\u00f5es t\u00e9cnicas<\/h4>\n<p><span style=\"margin: 0px;padding: 0px;font-weight: 450;font-size: 14px;line-height: 21px;color: var(--dark-grey2);font-family: Lato, sans-serif;font-style: normal;letter-spacing: normal;text-align: start;text-indent: 0px;text-transform: none\">Produto: Bloco Adesivo<br \/>\nMarca: 3M<br \/>\nMaterial: Papel<br \/>\nCor: Amarelo Neon<br \/>\nCaracter\u00edsticas: Bloco auto adesivo<br \/>\nPossui 45 folhas<br \/>\nItens Inclusos: 1 Bloco adesivo<br \/>\nDimens\u00f5es do produto (L X P): 7,6 x 7,6cm<br \/>\n<\/span><\/p>\n","protected":false},"featured_media":24689,"template":"","meta":{"_joinchat":[]},"product_brand":[],"product_cat":[162],"product_tag":[],"class_list":{"0":"post-19598","1":"product","2":"type-product","3":"status-publish","4":"has-post-thumbnail","6":"product_cat-colas-e-cia","8":"first","9":"instock","10":"shipping-taxable","11":"purchasable","12":"product-type-simple"},"_links":{"self":[{"href":"https:\/\/www.multicasa.com.br\/inicio\/wp-json\/wp\/v2\/product\/19598","targetHints":{"allow":["GET"]}}],"collection":[{"href":"https:\/\/www.multicasa.com.br\/inicio\/wp-json\/wp\/v2\/product"}],"about":[{"href":"https:\/\/www.multicasa.com.br\/inicio\/wp-json\/wp\/v2\/types\/product"}],"wp:featuredmedia":[{"embeddable":true,"href":"https:\/\/www.multicasa.com.br\/inicio\/wp-json\/wp\/v2\/media\/24689"}],"wp:attachment":[{"href":"https:\/\/www.multicasa.com.br\/inicio\/wp-json\/wp\/v2\/media?parent=19598"}],"wp:term":[{"taxonomy":"product_brand","embeddable":true,"href":"https:\/\/www.multicasa.com.br\/inicio\/wp-json\/wp\/v2\/product_brand?post=19598"},{"taxonomy":"product_cat","embeddable":true,"href":"https:\/\/www.multicasa.com.br\/inicio\/wp-json\/wp\/v2\/product_cat?post=19598"},{"taxonomy":"product_tag","embeddable":true,"href":"https:\/\/www.multicasa.com.br\/inicio\/wp-json\/wp\/v2\/product_tag?post=19598"}],"curies":[{"name":"wp","href":"https:\/\/api.w.org\/{rel}","templated":true}]}}