{"id":19616,"date":"2025-06-20T19:50:09","date_gmt":"2025-06-20T23:50:09","guid":{"rendered":"https:\/\/www.multicasa.com.br\/inicio\/?post_type=product&#038;p=19616"},"modified":"2026-01-23T15:51:19","modified_gmt":"2026-01-23T19:51:19","slug":"moedor-de-pimenta-eletrico-de-inox-uny-home","status":"publish","type":"product","link":"https:\/\/www.multicasa.com.br\/inicio\/produto\/moedor-de-pimenta-eletrico-de-inox-uny-home\/","title":{"rendered":"Moedor de Pimenta El\u00e9trico de Inox Uny Home"},"content":{"rendered":"<p>O Moedor de Pimenta El\u00e9trico da Uny Home \u00e9 ideal para ter temperos sempre frescos e saborizar suas receitas. Funciona com 4 pilhas tipo AA (n\u00e3o inclusas) e \u00e9 feito de a\u00e7o inoxid\u00e1vel, material altamente resistente \u00e0 corros\u00e3o, tornando-o dur\u00e1vel e mantendo seu padr\u00e3o de qualidade. Para prolongar a vida \u00fatil do seu utens\u00edlio, n\u00e3o o utilize sobre o vapor de panelas. Pode ser utilizado para moer sal e outros gr\u00e3os afins que d\u00e3o o toque charmoso ao prato, al\u00e9m de design moderno que complementa a decora\u00e7\u00e3o da cozinha.<\/p>\n","protected":false},"excerpt":{"rendered":"<h4 style=\"margin: 0px;padding: 0px 0px 16px;font-family: Lato, sans-serif;font-weight: bold;line-height: 3rem;color: var(--dark-grey3);font-size: 22px;font-style: normal;letter-spacing: normal;text-align: start;text-indent: 0px;text-transform: none\">Informa\u00e7\u00f5es t\u00e9cnicas<\/h4>\n<p><span style=\"margin: 0px;padding: 0px;font-weight: 450;font-size: 14px;line-height: 21px;color: var(--dark-grey2);font-family: Lato, sans-serif;font-style: normal;letter-spacing: normal;text-align: start;text-indent: 0px;text-transform: none\">Produto: Moedor de Pimenta<br \/>\nTipo: El\u00e9trico<br \/>\nMarca: Uny Home<br \/>\nMaterial: A\u00e7o Inox<br \/>\nCor: Prata<br \/>\nAlimenta\u00e7\u00e3o: 4 pilhas AA<br \/>\nCaracter\u00edsticas: Resiste a corros\u00e3o<br \/>\nItens Inclusos: 1 moedor de pimenta<br \/>\nDimens\u00f5es do produto (A x L): 22,5 x 5,2cm<br \/>\n<\/span><\/p>\n","protected":false},"featured_media":19684,"template":"","meta":{"_joinchat":[]},"product_brand":[],"product_cat":[93],"product_tag":[],"class_list":{"0":"post-19616","1":"product","2":"type-product","3":"status-publish","4":"has-post-thumbnail","6":"product_cat-utensilios-para-cozinha","8":"first","9":"outofstock","10":"shipping-taxable","11":"purchasable","12":"product-type-simple"},"_links":{"self":[{"href":"https:\/\/www.multicasa.com.br\/inicio\/wp-json\/wp\/v2\/product\/19616","targetHints":{"allow":["GET"]}}],"collection":[{"href":"https:\/\/www.multicasa.com.br\/inicio\/wp-json\/wp\/v2\/product"}],"about":[{"href":"https:\/\/www.multicasa.com.br\/inicio\/wp-json\/wp\/v2\/types\/product"}],"wp:featuredmedia":[{"embeddable":true,"href":"https:\/\/www.multicasa.com.br\/inicio\/wp-json\/wp\/v2\/media\/19684"}],"wp:attachment":[{"href":"https:\/\/www.multicasa.com.br\/inicio\/wp-json\/wp\/v2\/media?parent=19616"}],"wp:term":[{"taxonomy":"product_brand","embeddable":true,"href":"https:\/\/www.multicasa.com.br\/inicio\/wp-json\/wp\/v2\/product_brand?post=19616"},{"taxonomy":"product_cat","embeddable":true,"href":"https:\/\/www.multicasa.com.br\/inicio\/wp-json\/wp\/v2\/product_cat?post=19616"},{"taxonomy":"product_tag","embeddable":true,"href":"https:\/\/www.multicasa.com.br\/inicio\/wp-json\/wp\/v2\/product_tag?post=19616"}],"curies":[{"name":"wp","href":"https:\/\/api.w.org\/{rel}","templated":true}]}}