{"id":19619,"date":"2025-06-20T19:50:09","date_gmt":"2025-06-20T23:50:09","guid":{"rendered":"https:\/\/www.multicasa.com.br\/inicio\/?post_type=product&#038;p=19619"},"modified":"2025-06-23T10:03:27","modified_gmt":"2025-06-23T14:03:27","slug":"dispositivo-contra-surto-25ka-steck","status":"publish","type":"product","link":"https:\/\/www.multicasa.com.br\/inicio\/produto\/dispositivo-contra-surto-25ka-steck\/","title":{"rendered":"Dispositivo Contra Surto 25Ka Steck"},"content":{"rendered":"<p>O dispositivo contra surto 25ka da steck \u00e9 utilizado para a prote\u00e7\u00e3o de equipamentos. Ou seja, eles s\u00e3o respons\u00e1veis por proteger equipamentos de uma descarga atmosf\u00e9rica ou at\u00e9 mesmo um pico de tens\u00e3o ocasionado por manobras da concession\u00e1ria. Tem como finalidade detectar as sobretens\u00f5es transit\u00f3rias em redes el\u00e9tricas e fazer com que esses dist\u00farbios de energia sejam desviados para o aterramento do circuito.<\/p>\n","protected":false},"excerpt":{"rendered":"<h4 style=\"margin: 0px;padding: 0px 0px 16px;font-family: Lato, sans-serif;font-weight: bold;line-height: 3rem;color: var(--dark-grey3);font-size: 22px;font-style: normal;letter-spacing: normal;text-align: start;text-indent: 0px;text-transform: none\">Informa\u00e7\u00f5es t\u00e9cnicas<\/h4>\n<p><span style=\"margin: 0px;padding: 0px;font-weight: 450;font-size: 14px;line-height: 21px;color: var(--dark-grey2);font-family: Lato, sans-serif;font-style: normal;letter-spacing: normal;text-align: start;text-indent: 0px;text-transform: none\">Produto: DISPOSITIVO CONTRA SURTO 25KA<br \/>\nMarca: STECK<br \/>\nMaterial: Fixo: Liga com teor &gt;50% de Cobre<br \/>\nMovel: Liga com teor &gt;50% de Cobre<br \/>\nCor: BRANCO<br \/>\nCaracter\u00edsticas: tem como finalidade detectar as sobretens\u00f5es transit\u00f3rias em redes el\u00e9tricas e fazer com que esses dist\u00farbios de energia sejam desviados para o aterramento do circuito.<br \/>\nDimens\u00f5es:<br \/>\nAltura:\t9 mm<br \/>\nLargura: 1,75 mm<br \/>\nPeso do Produto: 0,10 Kg<\/span><\/p>\n","protected":false},"featured_media":25068,"template":"","meta":{"_joinchat":[]},"product_brand":[],"product_cat":[119],"product_tag":[],"class_list":{"0":"post-19619","1":"product","2":"type-product","3":"status-publish","4":"has-post-thumbnail","6":"product_cat-materiais-eletricos","8":"first","9":"outofstock","10":"shipping-taxable","11":"product-type-simple"},"_links":{"self":[{"href":"https:\/\/www.multicasa.com.br\/inicio\/wp-json\/wp\/v2\/product\/19619","targetHints":{"allow":["GET"]}}],"collection":[{"href":"https:\/\/www.multicasa.com.br\/inicio\/wp-json\/wp\/v2\/product"}],"about":[{"href":"https:\/\/www.multicasa.com.br\/inicio\/wp-json\/wp\/v2\/types\/product"}],"wp:featuredmedia":[{"embeddable":true,"href":"https:\/\/www.multicasa.com.br\/inicio\/wp-json\/wp\/v2\/media\/25068"}],"wp:attachment":[{"href":"https:\/\/www.multicasa.com.br\/inicio\/wp-json\/wp\/v2\/media?parent=19619"}],"wp:term":[{"taxonomy":"product_brand","embeddable":true,"href":"https:\/\/www.multicasa.com.br\/inicio\/wp-json\/wp\/v2\/product_brand?post=19619"},{"taxonomy":"product_cat","embeddable":true,"href":"https:\/\/www.multicasa.com.br\/inicio\/wp-json\/wp\/v2\/product_cat?post=19619"},{"taxonomy":"product_tag","embeddable":true,"href":"https:\/\/www.multicasa.com.br\/inicio\/wp-json\/wp\/v2\/product_tag?post=19619"}],"curies":[{"name":"wp","href":"https:\/\/api.w.org\/{rel}","templated":true}]}}